{"id":2296,"date":"2025-09-04T16:56:06","date_gmt":"2025-09-04T13:56:06","guid":{"rendered":"https:\/\/borasglobal.com\/career\/"},"modified":"2025-10-20T15:10:46","modified_gmt":"2025-10-20T12:10:46","slug":"kariyer","status":"publish","type":"page","link":"https:\/\/borasglobal.com\/tr\/kariyer\/","title":{"rendered":"Kariyer"},"content":{"rendered":"<section class=\"bde-section-2296-100 bde-section\">\n  \n  \n\t\n\n\n\n<div class=\"section-container\"><h1 class=\"bde-heading-2296-101 bde-heading\">\nStrateji ve de\u011feri \u015fekillendiren ekibe kat\u0131l\u0131n\n<\/h1><div class=\"bde-text-2296-102 bde-text\">\nBoras Global\u2019de yaln\u0131zca dan\u0131\u015fmanl\u0131k sunmuyoruz, gelece\u011fi in\u015fa ediyoruz. Merakl\u0131, stratejik ve uygulama odakl\u0131 profesyonelleri sekt\u00f6rler ve \u00fclkeler \u00f6tesinde ger\u00e7ek bir fark yaratmaya davet ediyoruz.\n<\/div><div class=\"bde-button-2296-103 bde-button\" data-entrance=\"slideLeft\">\n    \n                        \n                        \n    \n    \n    \n    \n            \n                    \n            \n            \n\n    \n    \n    \n    \n    \n    <a class=\"breakdance-link button-atom button-atom--custom bde-button__button\" href=\"#roller\" target=\"_self\" data-type=\"url\"  >\n\n    \n        <span class=\"button-atom__text\">A\u00e7\u0131k Roller<\/span>\n\n                            \n        \n                <\/a>\n\n    \n\n\n<\/div><\/div>\n<\/section><section class=\"bde-section-2296-117 bde-section\">\n  \n  \n\t\n\n\n\n<div class=\"section-container\"><div class=\"bde-div-2296-118 bde-div\">\n  \n  \n\t\n\n\n\n<h2 class=\"bde-heading-2296-119 bde-heading\">\nNeden Bizimle \u00c7al\u0131\u015fmal\u0131s\u0131n\u0131z?\n<\/h2><div class=\"bde-text-2296-120 bde-text\">\nYetenek g\u00fcven, ilham verici zorluklar ve anlaml\u0131 bir ama\u00e7la beslenir. Boras Global\u2019de ekiplerimiz enerji, altyap\u0131 ve end\u00fcstriyel alanlarda zorlu sorunlara yenilik\u00e7i \u00e7\u00f6z\u00fcmler \u00fcretiyor.<br><br>\u0130ster kariyerinde ilerlemi\u015f olun, ister yolun ba\u015f\u0131nda; burada hem geli\u015fim hem de gelece\u011fi \u015fekillendirme f\u0131rsat\u0131 bulacaks\u0131n\u0131z.\n<\/div>\n<\/div><div class=\"bde-div-2296-121 bde-div\">\n  \n  \n\t\n\n\n\n<div class=\"bde-icon-box-2296-122 bde-icon-box\">\n\n    \n            <div class=\"ee-iconbox-icon breakdance-icon-atom\" >\n    \n                    <svg xmlns=\"http:\/\/www.w3.org\/2000\/svg\" viewBox=\"0 0 16 16\" fill=\"#000000\" id=\"Globe-Hemisphere-West--Streamline-Phosphor\" height=\"16\" width=\"16\">\r\n  <desc>\r\n    Globe Hemisphere West Streamline Icon: https:\/\/streamlinehq.com\r\n  <\/desc>\r\n  <path d=\"M8 0.16c-6.0352375 0 -9.80725625 6.53333125 -6.7896375 11.76 3.0176125 5.22666875 10.56165625 5.22666875 13.579275 0C15.47774375 10.72816875 15.84 9.37620625 15.84 8 15.83543125 3.67198125 12.32801875 0.164575 8 0.16ZM14.63384375 8c0.0006625 0.851075 -0.1631625 1.69425625 -0.48245625 2.48316875l-3.36969375 -2.072325c-0.143275 -0.08840625 -0.30354375 -0.14568125 -0.4704 -0.16810625l-1.72028125 -0.23218125c-0.48465 -0.0632 -0.9599625 0.1703 -1.20615 0.59251875h-0.65735625l-0.2864625 -0.59251875c-0.1604875 -0.33435625 -0.46663125 -0.57565 -0.829225 -0.6535875l-0.60308125 -0.1304125 0.58950625 -1.0357875h1.25968125c0.20383125 -0.0004 0.40426875 -0.05225625 0.58271875 -0.15076875l0.9234625 -0.5096c0.08113125 -0.045225 0.15698125 -0.09933125 0.22615625 -0.161325l2.0286 -1.8348625c0.4189625 -0.3754625 0.52110625 -0.9914625 0.24575 -1.48205625l-0.0271375 -0.049C13.154375 3.10175 14.632 5.4358375 14.63384375 8ZM9.1541375 1.46716875l0.65509375 1.1729875 -2.0286 1.83485625 -0.92270625 0.5096H5.59824375c-0.43155 -0.00063125 -0.8305625 0.22934375 -1.0463375 0.60308125l-0.65810625 1.14810625 -0.76515625 -2.0384 0.8247125 -1.9502c1.4760625 -1.14050625 3.3645875 -1.6058 5.2015375 -1.2815375ZM1.36615625 8c-0.0010125 -0.98601875 0.218975 -1.959725 0.64378125 -2.8495375l0.8548625 2.28189375c0.1447625 0.3839125 0.4747625 0.6679125 0.87596875 0.75384375l1.61549375 0.347525 0.2872125 0.59704375c0.20333125 0.41423125 0.6241 0.67720625 1.0855375 0.6784625h0.111575l-0.54503125 1.22349375c-0.1962875 0.4403375 -0.11150625 0.9552625 0.2156 1.30943125l0.01055 0.01055L8 13.875475l-0.14624375 0.75385C4.25086875 14.54548125 1.37213125 11.60385625 1.36615625 8Zm7.73295 6.541875 0.0851875 -0.43798125c0.07099375 -0.377325 -0.04085 -0.765975 -0.30154375 -1.04785 -0.0037 -0.003325 -0.007225 -0.00685 -0.01055 -0.01055l-1.475275 -1.52201875 1.03276875 -2.31731875 1.720275 0.23218125 3.4465875 2.11981875c-1.009775 1.5858 -2.643825 2.669875 -4.49745 2.98371875Z\" stroke-width=\"0.0625\"><\/path>\r\n<\/svg>\n        \n        \n        \n            <\/div>\n    \n\n<div class=\"ee-iconbox-content\">\n        <div class=\"ee-iconbox-text\" >12\u2019den fazla \u00fclkede uluslararas\u0131 proje deneyimi<\/div>\n    <\/div>\n\n<\/div><div class=\"bde-icon-box-2296-123 bde-icon-box\">\n\n    \n            <div class=\"ee-iconbox-icon breakdance-icon-atom\" >\n    \n                    <svg xmlns=\"http:\/\/www.w3.org\/2000\/svg\" viewBox=\"0 0 16 16\" fill=\"#000000\" id=\"Head-Circuit--Streamline-Phosphor\" height=\"16\" width=\"16\">\r\n  <desc>\r\n    Head Circuit Streamline Icon: https:\/\/streamlinehq.com\r\n  <\/desc>\r\n  <path d=\"M12.79481875 11.0433875c1.434425 -1.2049125 2.2453375 -2.99510625 2.20509375 -4.8680125 -0.07 -3.1998375 -2.6328125 -5.83825625 -5.82705 -6.0062625C5.69939375 -0.01994375 2.75843125 2.7025625 2.679375 6.180275l-1.57156875 3.0227375c-0.0063 0.0126 -0.0126 0.0252 -0.0182 0.0378 -0.23390625 0.54519375 -0.002125 1.17820625 0.528525 1.4434625l0.0175 0.0077 1.60376875 0.73433125v2.17429375c0 0.61856875 0.50148125 1.120025 1.12005 1.12005h3.36014375c0.4311125 -0.00001875 0.70055625 -0.46671875 0.4849875 -0.84005625 -0.10004375 -0.1732625 -0.28491875 -0.27999375 -0.4849875 -0.27999375H4.35945v-2.53340625c0.0001625 -0.21921875 -0.12759375 -0.418375 -0.3269125 -0.509625l-1.9131875 -0.8771375 1.614975 -3.1039375c0.04209375 -0.07888125 0.06443125 -0.1668 0.0651 -0.2562125 -0.0003375 -2.352375 1.6266125 -4.3921625 3.920175 -4.9149125v1.09135c-1.21935625 0.43110625 -1.51476875 2.0205375 -0.5317375 2.860975 0.983025 0.8404375 2.50721875 0.30155625 2.74354375 -0.9699875 0.15113125 -0.81313125 -0.31200625 -1.61530625 -1.0917625 -1.8909875V1.2800625c0.09100625 0 0.1820125 0 0.2730125 0.007 2.03040625 0.11630625 3.793725 1.437275 4.476 3.35315h-1.3888625c-0.166325 -0.0000625 -0.32406875 0.07380625 -0.43051875 0.20160625l-1.78578125 2.14349375c-1.21495 -0.4527125 -2.46436875 0.57956875 -2.24895 1.8581 0.21541875 1.2785375 1.73410625 1.844425 2.73364375 1.0186 0.64014375 -0.52889375 0.7993 -1.44541875 0.37494375 -2.15916875l1.619175 -1.9425875h1.38535625q0.02520625 0.2184125 0.03080625 0.44101875c0.0354125 1.627275 -0.71436875 3.17218125 -2.0146875 4.1511875 -0.16076875 0.12051875 -0.24465 0.31793125 -0.2198125 0.51731875l0.560025 4.4802c0.03525625 0.27981875 0.27309375 0.4897625 0.555125 0.49001875 0.02339375 -0.00000625 0.046775 -0.00140625 0.07 -0.0042 0.30700625 -0.03821875 0.52485625 -0.3181375 0.486525 -0.625125ZM8.27961875 4.6402125c-0.43110625 0.00001875 -0.70054375 -0.46665625 -0.48500625 -0.84001875 0.2155375 -0.37335625 0.754425 -0.37338125 0.96999375 -0.00004375 0.04915625 0.08514375 0.0750375 0.181725 0.0750375 0.2800375 0 0.30928125 -0.2507375 0.56000625 -0.560025 0.560025Zm1.12005 4.48019375c-0.43110625 0.00001875 -0.70054375 -0.46665625 -0.48500625 -0.8400125 0.2155375 -0.3733625 0.75441875 -0.3733875 0.96999375 -0.00004375 0.04915625 0.0851375 0.0750375 0.18171875 0.0750375 0.28003125 0 0.30928125 -0.2507375 0.5600125 -0.560025 0.560025Z\" stroke-width=\"0.0625\"><\/path>\r\n<\/svg>\n        \n        \n        \n            <\/div>\n    \n\n<div class=\"ee-iconbox-content\">\n        <div class=\"ee-iconbox-text\" >Alan\u0131nda k\u0131demli uzmanlar ve sekt\u00f6r liderlerinden mentorluk deste\u011fi<\/div>\n    <\/div>\n\n<\/div><div class=\"bde-icon-box-2296-124 bde-icon-box\">\n\n    \n            <div class=\"ee-iconbox-icon breakdance-icon-atom\" >\n    \n                    <svg xmlns=\"http:\/\/www.w3.org\/2000\/svg\" viewBox=\"0 0 16 16\" fill=\"#000000\" id=\"Rocket-Launch--Streamline-Phosphor\" height=\"16\" width=\"16\">\r\n  <desc>\r\n    Rocket Launch Streamline Icon: https:\/\/streamlinehq.com\r\n  <\/desc>\r\n  <path d=\"M15.82768125 1.3475125c-0.0384625 -0.63284375 -0.5431125 -1.13749375 -1.17595625 -1.17595625 -0.9862375 -0.05879375 -3.50670625 0.0313625 -5.5983375 2.1222125l-0.3723875 0.3770875H4.1081c-0.3340125 -0.00188125 -0.65483125 0.1302875 -0.8905875 0.3669L0.5284875 5.72834375c-0.6830125 0.68255 -0.3710125 1.84853125 0.5616 2.0987625 0.04915625 0.01319375 0.09906875 0.023375 0.1494625 0.0305l3.0159375 0.42099375 3.46593125 3.4659375 0.42099375 3.0175c0.06604375 0.47093125 0.39364375 0.8635625 0.845125 1.0128875 0.1289 0.0430625 0.2639125 0.0650375 0.399825 0.065075 0.33238125 0.00061875 0.65126875 -0.13145 0.88588125 -0.3669l2.6905875 -2.68901875c0.23661875 -0.2357625 0.36878125 -0.556575 0.3669 -0.89059375v-4.5729l0.37395625 -0.37395625c2.09163125 -2.09163125 2.1817875 -4.61209375 2.12299375 -5.59911875ZM4.1081 3.9252125h3.31855l-3.0990375 3.09825 -2.9132375 -0.40609375Zm5.833525 -0.74085625c1.2192 -1.22670625 2.9078375 -1.868625 4.63405 -1.76158125 0.11119375 1.72725 -0.52965 3.41824375 -1.7576625 4.637975l-4.50469375 4.503125 -2.87560625 -2.87560625Zm2.13475625 8.70913125 -2.691375 2.693725 -0.40688125 -2.91401875 3.09825625 -3.09825Zm-5.81393125 0.744775c-0.3527875 0.77299375 -1.5326625 2.576125 -4.848075 2.576125 -0.346375 0 -0.627175 -0.28079375 -0.627175 -0.627175 0 -3.3154125 1.80313125 -4.4952875 2.57613125 -4.84885625 0.43934375 -0.2003625 0.9308375 0.15001875 0.88468125 0.6306875 -0.02141875 0.223075 -0.160225 0.41778125 -0.364125 0.51076875 -0.50409375 0.22970625 -1.61655 0.9689875 -1.81254375 3.05043125 2.08144375 -0.19599375 2.82229375 -1.30844375 3.05043125 -1.8125375 0.2003625 -0.43935 0.8012 -0.49704375 1.0815 -0.10385 0.13009375 0.18248125 0.15295 0.4205 0.0599625 0.62440625Z\" stroke-width=\"0.0625\"><\/path>\r\n<\/svg>\n        \n        \n        \n            <\/div>\n    \n\n<div class=\"ee-iconbox-content\">\n        <div class=\"ee-iconbox-text\" >Ba\u015far\u0131l\u0131 profesyonellere \u00f6zel h\u0131zland\u0131r\u0131lm\u0131\u015f geli\u015fim f\u0131rsatlar\u0131<\/div>\n    <\/div>\n\n<\/div><div class=\"bde-icon-box-2296-125 bde-icon-box\">\n\n    \n            <div class=\"ee-iconbox-icon breakdance-icon-atom\" >\n    \n                    <svg xmlns=\"http:\/\/www.w3.org\/2000\/svg\" viewBox=\"0 0 16 16\" fill=\"#000000\" id=\"Handshake--Streamline-Phosphor\" height=\"16\" width=\"16\">\r\n  <desc>\r\n    Handshake Streamline Icon: https:\/\/streamlinehq.com\r\n  <\/desc>\r\n  <path d=\"M15.7370125 6.27938125 14.17375 3.151625c-0.2422 -0.4841625 -0.8310625 -0.6802625 -1.31518125 -0.4379875L11.335125 3.47505625l-3.209225 -0.8490125c-0.08235 -0.02143125 -0.16880625 -0.02143125 -0.25115625 0L4.66551875 3.47505625 3.142075 2.7136375c-0.48411875 -0.242275 -1.07298125 -0.04616875 -1.31518125 0.4379875L0.26363125 6.27876875c-0.242275 0.4841125 -0.046175 1.072975 0.43798125 1.315175l1.653925 0.827575 3.399125 2.42759375c0.05008125 0.03563125 0.10638125 0.0616 0.166 0.07656875l3.92041875 0.98010625c0.16700625 0.04188125 0.3437375 -0.00695625 0.46554375 -0.12864375l3.37339375 -3.37400625 1.6184 -0.80919375c0.4838 -0.24219375 0.67984375 -0.8306 0.43798125 -1.3145625Zm-3.36236875 2.044125 -2.10783125 -1.688225c-0.1955625 -0.15661875 -0.4777625 -0.1405 -0.65421875 0.0373625 -1.09098125 1.09894375 -2.30691875 0.9598875 -3.082425 0.4698375l2.648725 -2.57276875h1.94856875l1.6667875 3.3329625ZM2.703475 3.58960625l1.25391875 0.62604375 -1.566325 3.12714375 -1.25146875 -0.62543125Zm7.10575 7.29748125 -3.5596125 -0.88944375 -3.01381875 -2.15255 1.71518125 -3.4303625 3.04935 -0.807975 0.6003125 0.15865625 -2.75654375 2.67568125 -0.0049 0.0055125c-0.44329375 0.44329375 -0.36219375 1.18305625 0.16661875 1.519775 1.25943125 0.8043 2.77920625 0.67381875 3.97615625 -0.30628125l1.69374375 1.36050625Zm3.7979 -3.5449125 -1.5632625 -3.124075 1.25330625 -0.62849375 1.563875 3.12775625Zm-5.37525625 5.6766375c-0.05446875 0.21791875 -0.2501125 0.3709 -0.4747375 0.37121875 -0.0402625 -0.00005625 -0.08036875 -0.00499375 -0.11945 -0.01470625L5.085125 12.7370375c-0.0597 -0.01473125 -0.11604375 -0.04071875 -0.166 -0.076575l-1.6141125 -1.15284375c-0.29670625 -0.23296875 -0.22995 -0.699775 0.1201625 -0.84025 0.14805625 -0.0594 0.3157625 -0.04301875 0.449525 0.0439125l1.53815 1.09894375 2.46495625 0.6150125c0.26250625 0.06566875 0.42210625 0.33166875 0.3565125 0.5941875Z\" stroke-width=\"0.0625\"><\/path>\r\n<\/svg>\n        \n        \n        \n            <\/div>\n    \n\n<div class=\"ee-iconbox-content\">\n        <div class=\"ee-iconbox-text\" >Etki yaratmaya ve kapsay\u0131c\u0131l\u0131\u011fa odaklanan de\u011fer temelli bir kurum k\u00fclt\u00fcr\u00fc<\/div>\n    <\/div>\n\n<\/div>\n<\/div><\/div>\n<\/section><section id=\"roller\" class=\"bde-section-2296-233 bde-section\">\n  \n  \n\t\n\n\n\n<div class=\"section-container\"><h2 class=\"bde-heading-2296-234 bde-heading\">\nA\u00e7\u0131k Roller\n<\/h2><div class=\"bde-div-2296-321 bde-div\">\n  \n  \n\t\n\n\n\n<div class=\"bde-grid-2296-235 bde-grid\">\n  \n  \n\t\n\n\n\n<div class=\"bde-div-2296-287 bde-div\">\n  \n  \n\t\n\n\n\n<div class=\"bde-text-2296-347 bde-text\">\n[Position Title Placeholder #1]\n<\/div><div class=\"bde-text-2296-238 bde-text\">\n<b>Lokasyon:<\/b> [City \/ Region \/ Remote]\n<\/div><div class=\"bde-text-2296-254 bde-text\">\n<b>Ekip<\/b> [Department or Function]\n<\/div><div class=\"bde-text-2296-255 bde-text\">\n<b>\u00c7al\u0131\u015fma Tipi<\/b> [Full-time \/ Part-time \/ Internship \/ Contract]\n<\/div><div class=\"bde-button-2296-256 bde-button\">\n    \n                        \n                        \n    \n    \n    \n    \n            \n            <button type=\"button\" class=\"button-atom button-atom--custom bde-button__button\"  >\n    \n        <span class=\"button-atom__text\">\u015eimdi Ba\u015fvur<\/span>\n\n                            \n        \n            <\/button>\n    \n\n\n<\/div>\n<\/div><div class=\"bde-div-2296-323 bde-div\">\n  \n  \n\t\n\n\n\n<div class=\"bde-text-2296-348 bde-text\">\n[Position Title Placeholder #2]\n<\/div><div class=\"bde-text-2296-325 bde-text\">\n<b>Lokasyon:<\/b> [City \/ Region \/ Remote]\n<\/div><div class=\"bde-text-2296-326 bde-text\">\n<b>Ekip<\/b> [Department or Function]\n<\/div><div class=\"bde-text-2296-327 bde-text\">\n<b>\u00c7al\u0131\u015fma Tipi<\/b> [Full-time \/ Part-time \/ Internship \/ Contract]\n<\/div><div class=\"bde-button-2296-328 bde-button\">\n    \n                        \n                        \n    \n    \n    \n    \n            \n            <button type=\"button\" class=\"button-atom button-atom--custom bde-button__button\"  >\n    \n        <span class=\"button-atom__text\">\u015eimdi Ba\u015fvur<\/span>\n\n                            \n        \n            <\/button>\n    \n\n\n<\/div>\n<\/div><div class=\"bde-div-2296-335 bde-div\">\n  \n  \n\t\n\n\n\n<div class=\"bde-text-2296-349 bde-text\">\n[Position Title Placeholder #3]\n<\/div><div class=\"bde-text-2296-337 bde-text\">\n<b>Lokasyon:<\/b> [City \/ Region \/ Remote]\n<\/div><div class=\"bde-text-2296-338 bde-text\">\n<b>Ekip<\/b> [Department or Function]\n<\/div><div class=\"bde-text-2296-339 bde-text\">\n<b>\u00c7al\u0131\u015fma Tipi<\/b> [Full-time \/ Part-time \/ Internship \/ Contract]\n<\/div><div class=\"bde-button-2296-340 bde-button\">\n    \n                        \n                        \n    \n    \n    \n    \n            \n            <button type=\"button\" class=\"button-atom button-atom--custom bde-button__button\"  >\n    \n        <span class=\"button-atom__text\">\u015eimdi Ba\u015fvur<\/span>\n\n                            \n        \n            <\/button>\n    \n\n\n<\/div>\n<\/div><div class=\"bde-div-2296-341 bde-div\">\n  \n  \n\t\n\n\n\n<div class=\"bde-text-2296-350 bde-text\">\n[Position Title Placeholder #4]\n<\/div><div class=\"bde-text-2296-343 bde-text\">\n<b>Lokasyon:<\/b> [City \/ Region \/ Remote]\n<\/div><div class=\"bde-text-2296-344 bde-text\">\n<b>Ekip<\/b> [Department or Function]\n<\/div><div class=\"bde-text-2296-345 bde-text\">\n<b>\u00c7al\u0131\u015fma Tipi<\/b> [Full-time \/ Part-time \/ Internship \/ Contract]\n<\/div><div class=\"bde-button-2296-346 bde-button\">\n    \n                        \n                        \n    \n    \n    \n    \n            \n            <button type=\"button\" class=\"button-atom button-atom--custom bde-button__button\"  >\n    \n        <span class=\"button-atom__text\">\u015eimdi Ba\u015fvur<\/span>\n\n                            \n        \n            <\/button>\n    \n\n\n<\/div>\n<\/div>\n<\/div>\n<\/div><div class=\"bde-div-2296-320 bde-div\">\n  \n  \n\t\n\n\n\n<div class=\"bde-text-2296-322 bde-text\">\n<b>A\u00e7\u0131k pozisyon bulunmuyor<\/b>. Yine de deneyimlerinizi ve hedefledi\u011finiz rol\u00fc not ederek CV\u2019nizi g\u00f6nderebilirsiniz.\n<\/div><div class=\"bde-form-builder-2296-319 bde-form-builder\">\n\n<form id=\"contact-form319\" class=\"breakdance-form breakdance-form--vertical\" data-options=\"{&quot;slug&quot;:&quot;custom&quot;,&quot;name&quot;:&quot;Contact Form&quot;,&quot;ajaxUrl&quot;:&quot;https:\\\/\\\/borasglobal.com\\\/wp-admin\\\/admin-ajax.php&quot;,&quot;clearOnSuccess&quot;:true,&quot;hideOnSuccess&quot;:false,&quot;successMessage&quot;:&quot;Mesaj\\u0131n\\u0131z G\\u00f6nderildi&quot;,&quot;errorMessage&quot;:&quot;Bir \\u015eeyler Ters Gitti&quot;,&quot;redirect&quot;:false,&quot;redirectUrl&quot;:&quot;&quot;,&quot;customJavaScript&quot;:&quot;&quot;,&quot;recaptcha&quot;:{&quot;key&quot;:&quot;&quot;,&quot;enabled&quot;:false},&quot;honeypot_enabled&quot;:false,&quot;popupsOnSuccess&quot;:[],&quot;popupsOnError&quot;:[]}\" data-steps=\"0\" >\n  \n  \n  \n<div class=\"breakdance-form-field breakdance-form-field--text\" >\n    \n    \n            <label class=\"breakdance-form-field__label\" for=\"name\">\n            Ad<span class=\"breakdance-form-field__required\">*<\/span>\n        <\/label>\n    \n    <input\n    class=\"breakdance-form-field__input\"\n    id=\"name\"\n    aria-describedby=\"name\"\n    type=\"text\"\n    name=\"fields[name]\"\n    placeholder=\"\"\n    value=\"\"\n                \n        \n        \n    required\n    \n    \n    \n>\n\n\n    \n    \n<\/div>\n\n\n<div class=\"breakdance-form-field breakdance-form-field--email\" >\n    \n    \n            <label class=\"breakdance-form-field__label\" for=\"email\">\n            E-posta<span class=\"breakdance-form-field__required\">*<\/span>\n        <\/label>\n    \n    <input\n    class=\"breakdance-form-field__input\"\n    id=\"email\"\n    aria-describedby=\"email\"\n    type=\"email\"\n    name=\"fields[email]\"\n    placeholder=\"\"\n    value=\"\"\n                \n        \n        \n    required\n    \n    \n    \n>\n\n\n    \n    \n<\/div>\n\n\n<div class=\"breakdance-form-field breakdance-form-field--textarea\" >\n    \n    \n            <label class=\"breakdance-form-field__label\" for=\"message\">\n            Mesaj\u0131n\u0131z<span class=\"breakdance-form-field__required\">*<\/span>\n        <\/label>\n    \n    <textarea\n    class=\"breakdance-form-field__input\"\n    id=\"message\"\n    aria-describedby=\"message\"\n    type=\"textarea\"\n    name=\"fields[message]\"\n        placeholder=\"\"\n    required\n    >\n<\/textarea>\n\n\n    \n    \n<\/div>\n\n\n<div class=\"breakdance-form-field breakdance-form-field--file\" >\n    \n    \n            <label class=\"breakdance-form-field__label\" for=\"iisaob\">\n            CV<span class=\"breakdance-form-field__required\">*<\/span>\n        <\/label>\n    \n    <label for=\"iisaob\" class=\"breakdance-form-file-upload\">\n\n            \n                                    \n    \n    \n    \n    \n            \n            <button type=\"button\" class=\"button-atom button-atom--secondary breakdance-form-file-upload__button\"  >\n    \n        <span class=\"button-atom__text\">Dosya Se\u00e7<\/span>\n\n        \n        \n            <\/button>\n    \n        <span class=\"breakdance-form-file-upload__text\">\n            Dosya Se\u00e7ilmedi\n        <\/span>\n    \n    <input\n        id=\"iisaob\"\n        name=\"fields[iisaob][]\"\n        type=\"file\"\n        class=\"breakdance-form-file-upload__input\"\n        accept=\"\"\n        \n        required\n                data-max-files=\"\"\n        data-i18n-empty-text=\"Dosya Se\u00e7ilmedi\"\n        data-i18n-filled-text=\"%n files\"\n        data-i18n-error-text=\"Only %n file(s) allowed.\"\n    >\n<\/label>\n\n\n\n    \n    \n<\/div>\n\n\n  \n\n<div class=\"breakdance-form-field breakdance-form-footer\">\n    \n    \n                                    \n    \n    \n    \n    \n            \n            <button type=\"submit\" class=\"button-atom button-atom--primary breakdance-form-button breakdance-form-button__submit\"  >\n    \n        <span class=\"button-atom__text\">G\u00f6nder<\/span>\n\n        \n        \n            <\/button>\n    \n    <input type=\"hidden\" name=\"form_id\" value=\"319\">\n    <input type=\"hidden\" name=\"post_id\" value=\"2296\">\n<\/div>\n\n  \n<\/form>\n\n\n<\/div>\n<\/div><\/div>\n<\/section>","protected":false},"excerpt":{"rendered":"<p>Strateji ve de\u011feri \u015fekillendiren ekibe kat\u0131l\u0131n Boras Global\u2019de yaln\u0131zca dan\u0131\u015fmanl\u0131k sunmuyoruz, gelece\u011fi in\u015fa ediyoruz. Merakl\u0131, stratejik ve uygulama odakl\u0131 profesyonelleri sekt\u00f6rler ve \u00fclkeler \u00f6tesinde ger\u00e7ek bir fark yaratmaya davet ediyoruz. A\u00e7\u0131k Roller Neden Bizimle \u00c7al\u0131\u015fmal\u0131s\u0131n\u0131z? Yetenek g\u00fcven, ilham verici zorluklar ve anlaml\u0131 bir ama\u00e7la beslenir. Boras Global\u2019de ekiplerimiz enerji, altyap\u0131 ve end\u00fcstriyel alanlarda zorlu sorunlara [&hellip;]<\/p>\n","protected":false},"author":1,"featured_media":0,"parent":0,"menu_order":0,"comment_status":"closed","ping_status":"closed","template":"","meta":{"_acf_changed":false,"_breakdance_hide_in_design_set":false,"_breakdance_tags":"","footnotes":""},"class_list":["post-2296","page","type-page","status-publish","hentry"],"acf":[],"_links":{"self":[{"href":"https:\/\/borasglobal.com\/tr\/wp-json\/wp\/v2\/pages\/2296","targetHints":{"allow":["GET"]}}],"collection":[{"href":"https:\/\/borasglobal.com\/tr\/wp-json\/wp\/v2\/pages"}],"about":[{"href":"https:\/\/borasglobal.com\/tr\/wp-json\/wp\/v2\/types\/page"}],"author":[{"embeddable":true,"href":"https:\/\/borasglobal.com\/tr\/wp-json\/wp\/v2\/users\/1"}],"replies":[{"embeddable":true,"href":"https:\/\/borasglobal.com\/tr\/wp-json\/wp\/v2\/comments?post=2296"}],"version-history":[{"count":9,"href":"https:\/\/borasglobal.com\/tr\/wp-json\/wp\/v2\/pages\/2296\/revisions"}],"predecessor-version":[{"id":2791,"href":"https:\/\/borasglobal.com\/tr\/wp-json\/wp\/v2\/pages\/2296\/revisions\/2791"}],"wp:attachment":[{"href":"https:\/\/borasglobal.com\/tr\/wp-json\/wp\/v2\/media?parent=2296"}],"curies":[{"name":"wp","href":"https:\/\/api.w.org\/{rel}","templated":true}]}}