{"id":2297,"date":"2025-09-25T11:53:48","date_gmt":"2025-09-25T08:53:48","guid":{"rendered":"https:\/\/borasglobal.com\/chemicals\/"},"modified":"2025-10-20T17:33:02","modified_gmt":"2025-10-20T14:33:02","slug":"kimyasallar","status":"publish","type":"page","link":"https:\/\/borasglobal.com\/tr\/kimyasallar\/","title":{"rendered":"Kimyasallar"},"content":{"rendered":"<section class=\"bde-section-2297-100 bde-section\">\n  \n  \n\t\n\n\n\n<div class=\"section-container\"><div class=\"bde-div-2297-101 bde-div\">\n  \n  \n\t\n\n\n\n<h1 class=\"bde-heading-2297-102 bde-heading\">\nKimyasallar\n<\/h1><div class=\"bde-text-2297-103 bde-text\">\nKimya sekt\u00f6r\u00fc, tar\u0131mdan ileri malzemelere kadar pek \u00e7ok alan\u0131 besleyen k\u00fcresel \u00fcretimin temel dire\u011fidir. Ancak s\u00fcrd\u00fcr\u00fclebilirlik, dijitalle\u015fme ve artan reg\u00fclasyon bask\u0131lar\u0131 sekt\u00f6r\u00fc d\u00f6n\u00fc\u015ft\u00fcr\u00fcrken, \u015firketlerin rekabet g\u00fcc\u00fcn\u00fc koruyabilmeleri i\u00e7in de\u011fi\u015fime uyum sa\u011flamalar\u0131 \u015fartt\u0131r.\n<\/div>\n<\/div><img decoding=\"async\" class=\"bde-image2-2297-104 bde-image2\" src=\"https:\/\/borasglobal.com\/wp-content\/uploads\/2025\/09\/Aerial-view-oil-refinery-refinery-plant-refinery-factory.jpg\" loading=\"lazy\" srcset=\"https:\/\/borasglobal.com\/wp-content\/uploads\/2025\/09\/Aerial-view-oil-refinery-refinery-plant-refinery-factory.jpg 2200w, https:\/\/borasglobal.com\/wp-content\/uploads\/2025\/09\/Aerial-view-oil-refinery-refinery-plant-refinery-factory-800x449.jpg 800w, https:\/\/borasglobal.com\/wp-content\/uploads\/2025\/09\/Aerial-view-oil-refinery-refinery-plant-refinery-factory-1200x674.jpg 1200w, https:\/\/borasglobal.com\/wp-content\/uploads\/2025\/09\/Aerial-view-oil-refinery-refinery-plant-refinery-factory-768x431.jpg 768w, https:\/\/borasglobal.com\/wp-content\/uploads\/2025\/09\/Aerial-view-oil-refinery-refinery-plant-refinery-factory-1536x863.jpg 1536w, https:\/\/borasglobal.com\/wp-content\/uploads\/2025\/09\/Aerial-view-oil-refinery-refinery-plant-refinery-factory-2048x1151.jpg 2048w\" sizes=\"(max-width: 2200px) 100vw, 2200px\" alt=\"\"><div class=\"bde-text-2297-105 bde-text\">\nKimyasallar; g\u00fcbrelerden plasti\u011fe, ila\u00e7lardan enerjiye kadar k\u00fcresel ekonominin hemen her alan\u0131na n\u00fcfuz etmi\u015f durumda. Ancak sekt\u00f6r, dalgal\u0131 talep, s\u0131k\u0131 reg\u00fclasyonlar ve s\u00fcrd\u00fcr\u00fclebilir d\u00f6n\u00fc\u015f\u00fcm ihtiyac\u0131yla ciddi bir de\u011fi\u015fim s\u00fcrecinden ge\u00e7iyor.<br><br>Bug\u00fcn k\u00fcresel kimya \u00fcretimi, daha temiz ve verimli s\u00fcre\u00e7lere y\u00f6neliyor. \u015eirketler; emisyonlar\u0131 azaltmak ve rekabet g\u00fcc\u00fcn\u00fc art\u0131rmak i\u00e7in dijital \u00e7\u00f6z\u00fcmlere, d\u00f6ng\u00fcsel ekonomiye ve d\u00fc\u015f\u00fck karbon teknolojilerine yat\u0131r\u0131m yap\u0131yor. Boras Global, kimya sekt\u00f6r\u00fcn\u00fcn liderlerine; operasyonlar\u0131, inovasyonu ve pazar b\u00fcy\u00fcmesini entegre eden stratejilerle bu d\u00f6n\u00fc\u015f\u00fcmde rehberlik ediyor.\n<\/div><\/div>\n<\/section><section class=\"bde-section-2297-106 bde-section\">\n  \n  \n\t\n\n\n\n<div class=\"section-container\"><div class=\"bde-div-2297-107 bde-div\">\n  \n  \n\t\n\n\n\n<h2 class=\"bde-heading-2297-108 bde-heading\">\nKimya Sekt\u00f6r\u00fcndeki Temel Zorluklar\n<\/h2><div class=\"bde-text-2297-109 bde-text\">\nKimya sekt\u00f6r\u00fc h\u0131zl\u0131 bir d\u00f6n\u00fc\u015f\u00fcm s\u00fcrecinden ge\u00e7iyor, ancak bu yolculuk k\u00f6kl\u00fc zorluklar\u0131n a\u015f\u0131lmas\u0131n\u0131 gerektiriyor.<br><br>Boras Global, m\u00fc\u015fterilerine \u015fu alanlarda destek sa\u011flar:\n<\/div>\n<\/div><div class=\"bde-grid-2297-110 bde-grid\">\n  \n  \n\t\n\n\n\n<div class=\"bde-div-2297-111 bde-div\">\n  \n  \n\t\n\n\n\n<div class=\"bde-rich-text-2297-112 bde-rich-text breakdance-rich-text-styles\">\n<p><strong>Tedarik Zinciri Karma\u015f\u0131kl\u0131\u011f\u0131:<\/strong> Sat\u0131n alma, lojistik ve tedarik\u00e7i a\u011flar\u0131n\u0131 optimize ederek maliyetleri d\u00fc\u015f\u00fcr\u00fcyor ve dayan\u0131kl\u0131l\u0131\u011f\u0131 art\u0131r\u0131yoruz.<\/p><p><strong>Reg\u00fclasyonlara Uyum:<\/strong>\u00a0K\u00fcresel kimyasal g\u00fcvenlik standartlar\u0131, emisyon hedefleri ve ESG raporlama \u00e7er\u00e7evelerinde yol g\u00f6steriyoruz.<\/p><p><strong>Dijital Entegrasyon:<\/strong> Ak\u0131ll\u0131 \u00fcretim, veriye dayal\u0131 sat\u0131\u015f ve \u00f6ng\u00f6r\u00fcc\u00fc bak\u0131m uygulamalar\u0131n\u0131 dijital d\u00f6n\u00fc\u015f\u00fcm arac\u0131l\u0131\u011f\u0131yla m\u00fcmk\u00fcn k\u0131l\u0131yoruz.<\/p>\n<\/div>\n<\/div><div class=\"bde-div-2297-113 bde-div\">\n  \n  \n\t\n\n\n\n<div class=\"bde-rich-text-2297-114 bde-rich-text breakdance-rich-text-styles\">\n<p><strong>M\u00fc\u015fteri Hedefleme:<\/strong> Do\u011fru \u00fcr\u00fcnlerle do\u011fru al\u0131c\u0131lara ula\u015fmak i\u00e7in pazara giri\u015f stratejilerini ve sat\u0131\u015f kanallar\u0131n\u0131 geli\u015ftiriyoruz.<\/p><p><strong>Tesis Geli\u015ftirme:<\/strong>\u00a0Yeni kimya tesislerinin hayata ge\u00e7irilmesinde fizibilite \u00e7al\u0131\u015fmalar\u0131, finansman ve operasyonel planlama ile rehberlik ediyoruz.<\/p><p><strong>S\u00fcrd\u00fcr\u00fclebilirlik Stratejisi:<\/strong> D\u00f6ng\u00fcsel ekonomi giri\u015fimlerini, at\u0131k azaltma projelerini ve d\u00fc\u015f\u00fck karbonlu inovasyonu destekliyoruz.<\/p>\n<\/div>\n<\/div>\n<\/div><\/div>\n<\/section><section class=\"bde-section-2297-115 bde-section\">\n  \n  \n\t\n\n\n\n<div class=\"section-container\"><div class=\"bde-div-2297-116 bde-div\">\n  \n  \n\t\n\n\n\n<h2 class=\"bde-heading-2297-117 bde-heading\">\nKimya Alan\u0131ndaki Uzmanl\u0131\u011f\u0131m\u0131z\n<\/h2><div class=\"bde-text-2297-118 bde-text\">\nBoras Global, derin sekt\u00f6r bilgisi ve kan\u0131tlanm\u0131\u015f metodolojileriyle kimya \u015firketlerine b\u00fcy\u00fcme f\u0131rsatlar\u0131n\u0131 ortaya \u00e7\u0131karma, riskleri en aza indirme ve s\u00fcrd\u00fcr\u00fclebilirlikte \u00f6nc\u00fcl\u00fck etme g\u00fcc\u00fc kazand\u0131r\u0131r. Uzmanl\u0131\u011f\u0131m\u0131z \u015fu alanlar\u0131 kapsamaktad\u0131r:\n<\/div>\n<\/div><div class=\"bde-frequently-asked-questions-2297-119 bde-frequently-asked-questions\">\n      <div class=\"bde-faq__item\">\n      <h3 class=\"bde-faq__title-tag\">\n       <button id=\"bde-faq-119-button-1\" aria-expanded=\"false\" aria-controls=\"bde-faq-119-1\" class=\"bde-faq__question js-faq-item\">\n          <span class=\"bde-faq__title\">Geli\u015fmi\u015f \u00dcretim<\/span>\n                           <div aria-hidden=\"true\" class=\"bde-faq__icon bde-faq__icon--inactive\">\n                                <svg xmlns=\"http:\/\/www.w3.org\/2000\/svg\" viewBox=\"0 0 448 512\"><!--! Font Awesome Free 6.5.1 by @fontawesome - https:\/\/fontawesome.com License - https:\/\/fontawesome.com\/license\/free (Icons: CC BY 4.0, Fonts: SIL OFL 1.1, Code: MIT License) Copyright 2023 Fonticons, Inc. --><path d=\"M256 80c0-17.7-14.3-32-32-32s-32 14.3-32 32V224H48c-17.7 0-32 14.3-32 32s14.3 32 32 32H192V432c0 17.7 14.3 32 32 32s32-14.3 32-32V288H400c17.7 0 32-14.3 32-32s-14.3-32-32-32H256V80z\"\/><\/svg>\n                            <\/div>\n         \t  <div aria-hidden=\"true\" class=\"bde-faq__icon bde-faq__icon--active\">\n                                <svg xmlns=\"http:\/\/www.w3.org\/2000\/svg\" viewBox=\"0 0 448 512\"><!--! Font Awesome Free 6.5.1 by @fontawesome - https:\/\/fontawesome.com License - https:\/\/fontawesome.com\/license\/free (Icons: CC BY 4.0, Fonts: SIL OFL 1.1, Code: MIT License) Copyright 2023 Fonticons, Inc. --><path d=\"M432 256c0 17.7-14.3 32-32 32L48 288c-17.7 0-32-14.3-32-32s14.3-32 32-32l352 0c17.7 0 32 14.3 32 32z\"\/><\/svg>\n                            <\/div>\n                  <\/button>\n      <\/h3>\n      <div role=\"region\" aria-labelledby=\"bde-faq-119-button-1\" id=\"bde-faq-119-1\" class=\"bde-faq__answer\">\n        <div class=\"bde-faq__answer-content\">\n            <div class=\"breakdance-rich-text-styles\"><ul><li><p>S\u00fcre\u00e7lerin optimize edilmesi ve otomatikle\u015ftirilmesi<\/p><\/li><li><p>Ak\u0131ll\u0131 fabrikalar\u0131n tasar\u0131m\u0131 ve hayata ge\u00e7irilmesi<\/p><\/li><li><p>Kalite kontrol\u00fcn\u00fcn g\u00fc\u00e7lendirilmesi ve \u00f6ng\u00f6r\u00fcc\u00fc analitik \u00e7\u00f6z\u00fcmler<\/p><\/li><\/ul><\/div>\n\n                    <\/div>\n      <\/div>\n    <\/div>\n      <div class=\"bde-faq__item\">\n      <h3 class=\"bde-faq__title-tag\">\n       <button id=\"bde-faq-119-button-2\" aria-expanded=\"false\" aria-controls=\"bde-faq-119-2\" class=\"bde-faq__question js-faq-item\">\n          <span class=\"bde-faq__title\">\u00dcr\u00fcn Portf\u00f6y\u00fc i\u00e7in Stratejik Yakla\u015f\u0131m<\/span>\n                           <div aria-hidden=\"true\" class=\"bde-faq__icon bde-faq__icon--inactive\">\n                                <svg xmlns=\"http:\/\/www.w3.org\/2000\/svg\" viewBox=\"0 0 448 512\"><!--! Font Awesome Free 6.5.1 by @fontawesome - https:\/\/fontawesome.com License - https:\/\/fontawesome.com\/license\/free (Icons: CC BY 4.0, Fonts: SIL OFL 1.1, Code: MIT License) Copyright 2023 Fonticons, Inc. --><path d=\"M256 80c0-17.7-14.3-32-32-32s-32 14.3-32 32V224H48c-17.7 0-32 14.3-32 32s14.3 32 32 32H192V432c0 17.7 14.3 32 32 32s32-14.3 32-32V288H400c17.7 0 32-14.3 32-32s-14.3-32-32-32H256V80z\"\/><\/svg>\n                            <\/div>\n         \t  <div aria-hidden=\"true\" class=\"bde-faq__icon bde-faq__icon--active\">\n                                <svg xmlns=\"http:\/\/www.w3.org\/2000\/svg\" viewBox=\"0 0 448 512\"><!--! Font Awesome Free 6.5.1 by @fontawesome - https:\/\/fontawesome.com License - https:\/\/fontawesome.com\/license\/free (Icons: CC BY 4.0, Fonts: SIL OFL 1.1, Code: MIT License) Copyright 2023 Fonticons, Inc. --><path d=\"M432 256c0 17.7-14.3 32-32 32L48 288c-17.7 0-32-14.3-32-32s14.3-32 32-32l352 0c17.7 0 32 14.3 32 32z\"\/><\/svg>\n                            <\/div>\n                  <\/button>\n      <\/h3>\n      <div role=\"region\" aria-labelledby=\"bde-faq-119-button-2\" id=\"bde-faq-119-2\" class=\"bde-faq__answer\">\n        <div class=\"bde-faq__answer-content\">\n            <div class=\"breakdance-rich-text-styles\"><ul><li><p>Hedef pazar\u0131 b\u00f6l\u00fcmlendirme ve \u00fcr\u00fcn\u00fcn do\u011fru konumland\u0131r\u0131lmas\u0131<\/p><\/li><li><p>Yenilik\u00e7i \u00fcr\u00fcn geli\u015ftirme s\u00fcrecinin yap\u0131land\u0131r\u0131lmas\u0131<\/p><\/li><li><p>\u00dcr\u00fcn ya\u015fam d\u00f6ng\u00fcs\u00fcn\u00fcn etkin y\u00f6netimi ve maliyet optimizasyonu<\/p><\/li><\/ul><\/div>\n\n                    <\/div>\n      <\/div>\n    <\/div>\n      <div class=\"bde-faq__item\">\n      <h3 class=\"bde-faq__title-tag\">\n       <button id=\"bde-faq-119-button-3\" aria-expanded=\"false\" aria-controls=\"bde-faq-119-3\" class=\"bde-faq__question js-faq-item\">\n          <span class=\"bde-faq__title\">Uluslararas\u0131 B\u00fcy\u00fcme<\/span>\n                           <div aria-hidden=\"true\" class=\"bde-faq__icon bde-faq__icon--inactive\">\n                                <svg xmlns=\"http:\/\/www.w3.org\/2000\/svg\" viewBox=\"0 0 448 512\"><!--! Font Awesome Free 6.5.1 by @fontawesome - https:\/\/fontawesome.com License - https:\/\/fontawesome.com\/license\/free (Icons: CC BY 4.0, Fonts: SIL OFL 1.1, Code: MIT License) Copyright 2023 Fonticons, Inc. --><path d=\"M256 80c0-17.7-14.3-32-32-32s-32 14.3-32 32V224H48c-17.7 0-32 14.3-32 32s14.3 32 32 32H192V432c0 17.7 14.3 32 32 32s32-14.3 32-32V288H400c17.7 0 32-14.3 32-32s-14.3-32-32-32H256V80z\"\/><\/svg>\n                            <\/div>\n         \t  <div aria-hidden=\"true\" class=\"bde-faq__icon bde-faq__icon--active\">\n                                <svg xmlns=\"http:\/\/www.w3.org\/2000\/svg\" viewBox=\"0 0 448 512\"><!--! Font Awesome Free 6.5.1 by @fontawesome - https:\/\/fontawesome.com License - https:\/\/fontawesome.com\/license\/free (Icons: CC BY 4.0, Fonts: SIL OFL 1.1, Code: MIT License) Copyright 2023 Fonticons, Inc. --><path d=\"M432 256c0 17.7-14.3 32-32 32L48 288c-17.7 0-32-14.3-32-32s14.3-32 32-32l352 0c17.7 0 32 14.3 32 32z\"\/><\/svg>\n                            <\/div>\n                  <\/button>\n      <\/h3>\n      <div role=\"region\" aria-labelledby=\"bde-faq-119-button-3\" id=\"bde-faq-119-3\" class=\"bde-faq__answer\">\n        <div class=\"bde-faq__answer-content\">\n            <div class=\"breakdance-rich-text-styles\"><ul><li><p>Yeni pazarlara giri\u015f ve k\u00fclt\u00fcrel uyum stratejileri<\/p><\/li><li><p>Farkl\u0131 b\u00f6lgelerde yasal gerekliliklerle uyumluluk<\/p><\/li><li><p>Stratejik i\u015f birlikleri ve ortak yat\u0131r\u0131mlar<\/p><\/li><\/ul><\/div>\n\n                    <\/div>\n      <\/div>\n    <\/div>\n      <div class=\"bde-faq__item\">\n      <h3 class=\"bde-faq__title-tag\">\n       <button id=\"bde-faq-119-button-4\" aria-expanded=\"false\" aria-controls=\"bde-faq-119-4\" class=\"bde-faq__question js-faq-item\">\n          <span class=\"bde-faq__title\">S\u00fcrd\u00fcr\u00fclebilirlik & ESG<\/span>\n                           <div aria-hidden=\"true\" class=\"bde-faq__icon bde-faq__icon--inactive\">\n                                <svg xmlns=\"http:\/\/www.w3.org\/2000\/svg\" viewBox=\"0 0 448 512\"><!--! Font Awesome Free 6.5.1 by @fontawesome - https:\/\/fontawesome.com License - https:\/\/fontawesome.com\/license\/free (Icons: CC BY 4.0, Fonts: SIL OFL 1.1, Code: MIT License) Copyright 2023 Fonticons, Inc. --><path d=\"M256 80c0-17.7-14.3-32-32-32s-32 14.3-32 32V224H48c-17.7 0-32 14.3-32 32s14.3 32 32 32H192V432c0 17.7 14.3 32 32 32s32-14.3 32-32V288H400c17.7 0 32-14.3 32-32s-14.3-32-32-32H256V80z\"\/><\/svg>\n                            <\/div>\n         \t  <div aria-hidden=\"true\" class=\"bde-faq__icon bde-faq__icon--active\">\n                                <svg xmlns=\"http:\/\/www.w3.org\/2000\/svg\" viewBox=\"0 0 448 512\"><!--! Font Awesome Free 6.5.1 by @fontawesome - https:\/\/fontawesome.com License - https:\/\/fontawesome.com\/license\/free (Icons: CC BY 4.0, Fonts: SIL OFL 1.1, Code: MIT License) Copyright 2023 Fonticons, Inc. --><path d=\"M432 256c0 17.7-14.3 32-32 32L48 288c-17.7 0-32-14.3-32-32s14.3-32 32-32l352 0c17.7 0 32 14.3 32 32z\"\/><\/svg>\n                            <\/div>\n                  <\/button>\n      <\/h3>\n      <div role=\"region\" aria-labelledby=\"bde-faq-119-button-4\" id=\"bde-faq-119-4\" class=\"bde-faq__answer\">\n        <div class=\"bde-faq__answer-content\">\n            <div class=\"breakdance-rich-text-styles\"><ul><li><p>Emisyonlar\u0131n azalt\u0131lmas\u0131 ve enerji kaynaklar\u0131n\u0131n verimli kullan\u0131m\u0131<\/p><\/li><li><p>D\u00f6ng\u00fcsel ekonomi uygulamalar\u0131 ve at\u0131klar\u0131n de\u011fer kazand\u0131r\u0131lmas\u0131<\/p><\/li><li><p>ESG raporlama s\u00fcre\u00e7leri ve payda\u015flarla etkin ileti\u015fim<\/p><\/li><\/ul><\/div>\n\n                    <\/div>\n      <\/div>\n    <\/div>\n  \n<\/div><\/div>\n<\/section><section class=\"bde-section-2297-133 bde-section\">\n  \n  \n\t\n\n\n\n<div class=\"section-container\"><div class=\"bde-div-2297-134 bde-div\">\n  \n  \n\t\n\n\n\n<h2 class=\"bde-heading-2297-135 bde-heading\">\nG\u00fcncel \u0130\u00e7g\u00f6r\u00fcler & Raporlar\n<\/h2><div class=\"bde-text-2297-136 bde-text\">\nEn son piyasa trendleri, enerji raporlar\u0131 ve sekt\u00f6r analizleriyle her zaman bir ad\u0131m \u00f6nde olun.\n<\/div>\n<\/div><div class=\"bde-div-2297-137 bde-div\">\n  \n  \n\t\n\n\n\n<div class=\"bde-post-loop-2297-138 bde-post-loop phox-facets-target phox-facets-target-default\"><div class=\"bde-loop bde-loop-grid ee-posts ee-posts-grid\">    <article class=\"bde-loop-item ee-post\">\n        <a class=\"bde-container-link-2408-100-2391-2408-1 bde-container-link bde-container-link-2408-100 breakdance-link\" href=\"https:\/\/borasglobal.com\/tr\/guneydogu-asyanin-enerji-gelecegi-artan-talep-yeni-firsatlar\/\" target=\"_self\" data-type=\"url\">\n  \n  \n\t\n\n\n\n<style>.breakdance .bde-div-2408-103-2391-2408-1{background-color:#E3F3FF;background-image:url(https:\/\/borasglobal.com\/wp-content\/uploads\/2025\/08\/Solar-panel-on-blue-sky-background2.jpg);background-size:cover;background-position:center center}<\/style><div class=\"bde-div-2408-103-2391-2408-1 bde-div bde-div-2408-103\">\n  \n  \n\t\n\n\n\n<div class=\"bde-div-2408-107-2391-2408-1 bde-div bde-div-2408-107\">\n              \n  \n  \n\t\n\n\n\n<div class=\"bde-div-2408-104-2391-2408-1 bde-div bde-div-2408-104\">\n  \n  \n\t\n\n\n\n<h3 class=\"bde-heading-2408-102-2391-2408-1 bde-heading bde-heading-2408-102\">\nG\u00fcneydo\u011fu Asya\u2019n\u0131n Enerji Gelece\u011fi: Artan Talep, Yeni F\u0131rsatlar\n<\/h3>\n<\/div><div class=\"bde-div-2408-105-2391-2408-1 bde-div bde-div-2408-105\">\n  \n  \n\t\n\n\n\n<div class=\"bde-button-2408-106-2391-2408-1 bde-button bde-button-2408-106\">\n    \n                        \n                        \n    \n    \n    \n    \n            \n                    \n            \n            \n\n    \n    \n    \n    \n    \n    <a class=\"breakdance-link button-atom button-atom--custom bde-button__button\" href=\"https:\/\/borasglobal.com\/tr\/guneydogu-asyanin-enerji-gelecegi-artan-talep-yeni-firsatlar\/\" target=\"_self\" data-type=\"url\"  >\n\n    \n        <span class=\"button-atom__text\">Ayr\u0131nt\u0131lar\u0131 \u0130ncele<\/span>\n\n                            \n        \n                <\/a>\n\n    \n\n\n<\/div>\n<\/div>\n<\/div>\n<\/div>\n\n<\/a>    <\/article>\n    <article class=\"bde-loop-item ee-post\">\n        <a class=\"bde-container-link-2408-100-2477-2408-1 bde-container-link bde-container-link-2408-100 breakdance-link\" href=\"https:\/\/borasglobal.com\/tr\/gunes-ve-depolama-deneme-projelerinden-yarinin-enerji-altyapisina\/\" target=\"_self\" data-type=\"url\">\n  \n  \n\t\n\n\n\n<style>.breakdance .bde-div-2408-103-2477-2408-1{background-color:#E3F3FF;background-image:url(https:\/\/borasglobal.com\/wp-content\/uploads\/2025\/09\/Solar-Energy-Farm-in-Fields-3.jpg);background-size:cover;background-position:center center}<\/style><div class=\"bde-div-2408-103-2477-2408-1 bde-div bde-div-2408-103\">\n  \n  \n\t\n\n\n\n<div class=\"bde-div-2408-107-2477-2408-1 bde-div bde-div-2408-107\">\n              \n  \n  \n\t\n\n\n\n<div class=\"bde-div-2408-104-2477-2408-1 bde-div bde-div-2408-104\">\n  \n  \n\t\n\n\n\n<h3 class=\"bde-heading-2408-102-2477-2408-1 bde-heading bde-heading-2408-102\">\nG\u00fcne\u015f ve Depolama: Deneme Projelerinden Yar\u0131n\u0131n Enerji Altyap\u0131s\u0131na\n<\/h3>\n<\/div><div class=\"bde-div-2408-105-2477-2408-1 bde-div bde-div-2408-105\">\n  \n  \n\t\n\n\n\n<div class=\"bde-button-2408-106-2477-2408-1 bde-button bde-button-2408-106\">\n    \n                        \n                        \n    \n    \n    \n    \n            \n                    \n            \n            \n\n    \n    \n    \n    \n    \n    <a class=\"breakdance-link button-atom button-atom--custom bde-button__button\" href=\"https:\/\/borasglobal.com\/tr\/gunes-ve-depolama-deneme-projelerinden-yarinin-enerji-altyapisina\/\" target=\"_self\" data-type=\"url\"  >\n\n    \n        <span class=\"button-atom__text\">Ayr\u0131nt\u0131lar\u0131 \u0130ncele<\/span>\n\n                            \n        \n                <\/a>\n\n    \n\n\n<\/div>\n<\/div>\n<\/div>\n<\/div>\n\n<\/a>    <\/article>\n    <article class=\"bde-loop-item ee-post\">\n        <a class=\"bde-container-link-2408-100-2474-2408-1 bde-container-link bde-container-link-2408-100 breakdance-link\" href=\"https:\/\/borasglobal.com\/tr\/kuresel-yenilenebilir-enerji-zirvesi-2025-vizyondan-eyleme\/\" target=\"_self\" data-type=\"url\">\n  \n  \n\t\n\n\n\n<style>.breakdance .bde-div-2408-103-2474-2408-1{background-color:#E3F3FF;background-image:url(https:\/\/borasglobal.com\/wp-content\/uploads\/2025\/08\/Global-Renewables-Summit-2025-From-Vision-to-Action.jpg);background-size:cover;background-position:center center}<\/style><div class=\"bde-div-2408-103-2474-2408-1 bde-div bde-div-2408-103\">\n  \n  \n\t\n\n\n\n<div class=\"bde-div-2408-107-2474-2408-1 bde-div bde-div-2408-107\">\n              \n  \n  \n\t\n\n\n\n<div class=\"bde-div-2408-104-2474-2408-1 bde-div bde-div-2408-104\">\n  \n  \n\t\n\n\n\n<h3 class=\"bde-heading-2408-102-2474-2408-1 bde-heading bde-heading-2408-102\">\nK\u00fcresel Yenilenebilir Enerji Zirvesi 2025: Vizyon\u2019dan Eyleme\n<\/h3>\n<\/div><div class=\"bde-div-2408-105-2474-2408-1 bde-div bde-div-2408-105\">\n  \n  \n\t\n\n\n\n<div class=\"bde-button-2408-106-2474-2408-1 bde-button bde-button-2408-106\">\n    \n                        \n                        \n    \n    \n    \n    \n            \n                    \n            \n            \n\n    \n    \n    \n    \n    \n    <a class=\"breakdance-link button-atom button-atom--custom bde-button__button\" href=\"https:\/\/borasglobal.com\/tr\/kuresel-yenilenebilir-enerji-zirvesi-2025-vizyondan-eyleme\/\" target=\"_self\" data-type=\"url\"  >\n\n    \n        <span class=\"button-atom__text\">Ayr\u0131nt\u0131lar\u0131 \u0130ncele<\/span>\n\n                            \n        \n                <\/a>\n\n    \n\n\n<\/div>\n<\/div>\n<\/div>\n<\/div>\n\n<\/a>    <\/article>\n<\/div>\r\n<\/div>\n<\/div><\/div>\n<\/section><section class=\"bde-section-2297-139 bde-section\">\n  \n  \n\t\n\n\n\n<div class=\"section-container\"><div class=\"bde-div-2297-140 bde-div\">\n  \n  \n\t\n\n\n\n<div class=\"bde-div-2297-141 bde-div\">\n  \n  \n\t\n\n\n\n<div class=\"bde-text-2297-142 bde-text\">\n\u0130leti\u015fim\n<\/div><div class=\"bde-text-2297-147 bde-text\">\nKimya Sekt\u00f6r\u00fcnde \u0130novasyonu H\u0131zland\u0131ral\u0131m\n<\/div>\n<\/div><div class=\"bde-div-2297-144 bde-div\">\n  \n  \n\t\n\n\n\n<div class=\"bde-button-2297-145 bde-button\">\n    \n                        \n                        \n    \n    \n    \n    \n            \n                    \n            \n            \n\n    \n    \n    \n    \n    \n    <a class=\"breakdance-link button-atom button-atom--custom bde-button__button\" href=\"mailto:info@borasglobal.com\" target=\"_self\" data-type=\"url\"  >\n\n    \n        <span class=\"button-atom__text\">Toplant\u0131 Planlay\u0131n<\/span>\n\n                            \n        \n                <\/a>\n\n    \n\n\n<\/div><div class=\"bde-button-2297-146 bde-button\">\n    \n                        \n                        \n    \n    \n    \n    \n            \n                    \n            \n            \n\n    \n    \n    \n    \n    \n    <a class=\"breakdance-link button-atom button-atom--custom bde-button__button\" href=\"\/tr\/iletisim\" target=\"_self\" data-type=\"url\"  >\n\n    \n        <span class=\"button-atom__text\">Teklif \u0130steyin<\/span>\n\n                            \n        \n                <\/a>\n\n    \n\n\n<\/div>\n<\/div>\n<\/div><\/div>\n<\/section>","protected":false},"excerpt":{"rendered":"<p>Kimyasallar Kimya sekt\u00f6r\u00fc, tar\u0131mdan ileri malzemelere kadar pek \u00e7ok alan\u0131 besleyen k\u00fcresel \u00fcretimin temel dire\u011fidir. Ancak s\u00fcrd\u00fcr\u00fclebilirlik, dijitalle\u015fme ve artan reg\u00fclasyon bask\u0131lar\u0131 sekt\u00f6r\u00fc d\u00f6n\u00fc\u015ft\u00fcr\u00fcrken, \u015firketlerin rekabet g\u00fcc\u00fcn\u00fc koruyabilmeleri i\u00e7in de\u011fi\u015fime uyum sa\u011flamalar\u0131 \u015fartt\u0131r. Kimyasallar; g\u00fcbrelerden plasti\u011fe, ila\u00e7lardan enerjiye kadar k\u00fcresel ekonominin hemen her alan\u0131na n\u00fcfuz etmi\u015f durumda. Ancak sekt\u00f6r, dalgal\u0131 talep, s\u0131k\u0131 reg\u00fclasyonlar ve s\u00fcrd\u00fcr\u00fclebilir [&hellip;]<\/p>\n","protected":false},"author":1,"featured_media":0,"parent":0,"menu_order":0,"comment_status":"closed","ping_status":"closed","template":"","meta":{"_acf_changed":false,"_breakdance_hide_in_design_set":false,"_breakdance_tags":"","footnotes":""},"class_list":["post-2297","page","type-page","status-publish","hentry"],"acf":[],"_links":{"self":[{"href":"https:\/\/borasglobal.com\/tr\/wp-json\/wp\/v2\/pages\/2297","targetHints":{"allow":["GET"]}}],"collection":[{"href":"https:\/\/borasglobal.com\/tr\/wp-json\/wp\/v2\/pages"}],"about":[{"href":"https:\/\/borasglobal.com\/tr\/wp-json\/wp\/v2\/types\/page"}],"author":[{"embeddable":true,"href":"https:\/\/borasglobal.com\/tr\/wp-json\/wp\/v2\/users\/1"}],"replies":[{"embeddable":true,"href":"https:\/\/borasglobal.com\/tr\/wp-json\/wp\/v2\/comments?post=2297"}],"version-history":[{"count":5,"href":"https:\/\/borasglobal.com\/tr\/wp-json\/wp\/v2\/pages\/2297\/revisions"}],"predecessor-version":[{"id":2837,"href":"https:\/\/borasglobal.com\/tr\/wp-json\/wp\/v2\/pages\/2297\/revisions\/2837"}],"wp:attachment":[{"href":"https:\/\/borasglobal.com\/tr\/wp-json\/wp\/v2\/media?parent=2297"}],"curies":[{"name":"wp","href":"https:\/\/api.w.org\/{rel}","templated":true}]}}