{"id":2298,"date":"2025-09-30T10:52:13","date_gmt":"2025-09-30T07:52:13","guid":{"rendered":"https:\/\/borasglobal.com\/compliance-ethics\/"},"modified":"2025-10-20T17:17:12","modified_gmt":"2025-10-20T14:17:12","slug":"uyum-etik","status":"publish","type":"page","link":"https:\/\/borasglobal.com\/tr\/uyum-etik\/","title":{"rendered":"Uyum &amp; Etik"},"content":{"rendered":"<section class=\"bde-section-2298-100 bde-section\">\n  \n  \n\t\n\n\n\n<div class=\"section-container\"><div class=\"bde-rich-text-2298-101 bde-rich-text breakdance-rich-text-styles\">\n<h1 data-start=\"210\" data-end=\"235\">Uyum &amp; Etik<\/h1><p data-start=\"237\" data-end=\"512\">Boras Global olarak i\u015fimizi her zaman d\u00fcr\u00fcstl\u00fck, \u015feffafl\u0131k ve y\u00fcr\u00fcrl\u00fckteki yasa ve y\u00f6netmeliklere tam uyum i\u00e7inde y\u00fcr\u00fctmeye kararl\u0131y\u0131z. Uyum ve Etik ilkelerimiz, \u00e7al\u0131\u015fanlar\u0131m\u0131zla, m\u00fc\u015fterilerimizle, i\u015f ortaklar\u0131m\u0131zla ve i\u00e7inde bulundu\u011fumuz toplumla olan ili\u015fkilerimize y\u00f6n verir.<\/p><h2 data-start=\"395\" data-end=\"427\">1. D\u00fcr\u00fcstl\u00fc\u011fe Ba\u011fl\u0131l\u0131k<\/h2><p data-start=\"428\" data-end=\"574\">Faaliyetlerimizin her alan\u0131nda en y\u00fcksek d\u00fczeyde d\u00fcr\u00fcstl\u00fck ve adalet standartlar\u0131n\u0131 koruyoruz. Etik davran\u0131\u015f, i\u015f yap\u0131\u015f \u015feklimizin merkezindedir.<\/p><h2 data-start=\"581\" data-end=\"624\">2. Yasalara ve D\u00fczenlemelere Uyum<\/h2><p data-start=\"625\" data-end=\"732\">Boras Global; a\u015fa\u011f\u0131dakiler de dahil olmak \u00fczere t\u00fcm ulusal ve uluslararas\u0131 yasalara s\u0131k\u0131 s\u0131k\u0131ya ba\u011fl\u0131d\u0131r:<\/p><ul data-start=\"733\" data-end=\"897\"><li data-start=\"733\" data-end=\"767\"><p data-start=\"735\" data-end=\"767\">R\u00fc\u015fvet ve yolsuzlukla m\u00fccadele<\/p><\/li><li data-start=\"768\" data-end=\"802\"><p data-start=\"770\" data-end=\"802\">Adil rekabet ve rekabet hukuku<\/p><\/li><li data-start=\"803\" data-end=\"830\"><p data-start=\"805\" data-end=\"830\">Veri koruma ve gizlilik<\/p><\/li><li data-start=\"831\" data-end=\"866\"><p data-start=\"833\" data-end=\"866\">\u0130stihdam ve i\u015fg\u00fcc\u00fc standartlar\u0131<\/p><\/li><li data-start=\"867\" data-end=\"897\"><p data-start=\"869\" data-end=\"897\">\u00c7evresel s\u00fcrd\u00fcr\u00fclebilirlik<\/p><\/li><\/ul><h2 data-start=\"904\" data-end=\"946\">3. Yolsuzluk ve Adil Uygulamalar<\/h2><p data-start=\"947\" data-end=\"1155\">R\u00fc\u015fvet, yolsuzluk veya etik d\u0131\u015f\u0131 herhangi bir kazanca kar\u015f\u0131 s\u0131f\u0131r tolerans politikam\u0131z vard\u0131r. \u0130\u015f hediyeleri veya a\u011f\u0131rlamalar yaln\u0131zca uygun, \u015feffaf ve i\u00e7 y\u00f6nergelerimizle uyumlu oldu\u011funda kabul edilebilir.<\/p><h2 data-start=\"1162\" data-end=\"1192\">4. \u00c7\u0131kar \u00c7at\u0131\u015fmalar\u0131<\/h2><p data-start=\"1193\" data-end=\"1369\">\u00c7al\u0131\u015fanlar\u0131m\u0131z ve i\u015f ortaklar\u0131m\u0131z, ki\u015fisel \u00e7\u0131karlar\u0131n Boras Global\u2019in \u00e7\u0131karlar\u0131yla \u00e7at\u0131\u015ft\u0131\u011f\u0131 durumlardan ka\u00e7\u0131nmakla y\u00fck\u00fcml\u00fcd\u00fcr. Olas\u0131 \u00e7\u0131kar \u00e7at\u0131\u015fmalar\u0131 derhal a\u00e7\u0131klanmal\u0131d\u0131r.<\/p><h2 data-start=\"1376\" data-end=\"1417\">5. Sayg\u0131 ve Adil \u00c7al\u0131\u015fma Ortam\u0131<\/h2><p data-start=\"1418\" data-end=\"1572\">Sayg\u0131y\u0131, \u00e7e\u015fitlili\u011fi ve e\u015fit f\u0131rsat\u0131 de\u011ferli k\u0131lan bir i\u015f ortam\u0131n\u0131 te\u015fvik ediyoruz. Her t\u00fcrl\u00fc ayr\u0131mc\u0131l\u0131k, taciz veya istismar kesinlikle kabul edilemez.<\/p><h2 data-start=\"1579\" data-end=\"1615\">6. Veri Koruma ve Gizlilik<\/h2><p data-start=\"1616\" data-end=\"1787\">Ki\u015fisel verilerin ve gizli bilgilerin korunmas\u0131na ba\u011fl\u0131y\u0131z. Boras Global\u2019e emanet edilen bilgiler sorumlu \u015fekilde ve ge\u00e7erli veri koruma yasalar\u0131na uygun olarak i\u015flenir.<\/p><h2 data-start=\"1794\" data-end=\"1832\">7. Sa\u011fl\u0131k, G\u00fcvenlik ve \u00c7evre<\/h2><p data-start=\"1833\" data-end=\"2018\">\u00c7al\u0131\u015fanlar\u0131m\u0131z\u0131n ve i\u015f ortaklar\u0131m\u0131z\u0131n refah\u0131 bizim \u00f6nceli\u011fimizdir. G\u00fcvenli \u00e7al\u0131\u015fma ko\u015fullar\u0131n\u0131 te\u015fvik ediyor, \u00e7evresel etkiyi en aza indiren s\u00fcrd\u00fcr\u00fclebilir uygulamalar\u0131 destekliyoruz.<\/p><h2 data-start=\"2025\" data-end=\"2076\">8. Uygunsuzluk Bildirimi (Whistleblowing)<\/h2><p data-start=\"2077\" data-end=\"2363\">\u00c7al\u0131\u015fanlar\u0131m\u0131z\u0131, i\u015f ortaklar\u0131m\u0131z\u0131 ve payda\u015flar\u0131m\u0131z\u0131 etik d\u0131\u015f\u0131 veya yasa d\u0131\u015f\u0131 davran\u0131\u015flarla ilgili endi\u015felerini bildirmeye te\u015fvik ediyoruz. Bildirimler gizli olarak <a href=\"mailto:info@borasglobal.com\">info@borasglobal.com<\/a> adresine yap\u0131labilir. \u0130yi niyetle bildirim yapan ki\u015filere kar\u015f\u0131 misilleme kesinlikle kabul edilmez.<\/p><h2 data-start=\"2370\" data-end=\"2424\">9. Hesap Verebilirlik ve S\u00fcrekli \u0130yile\u015ftirme<\/h2><p data-start=\"2425\" data-end=\"2665\">Bu politikaya uyum, Boras Global\u2019in t\u00fcm \u00e7al\u0131\u015fanlar\u0131, y\u00f6neticileri ve temsilcileri i\u00e7in zorunludur. Uyum ve etik standartlar\u0131m\u0131z\u0131 en iyi uygulamalara ve de\u011fi\u015fen d\u00fczenlemelere uygun olarak d\u00fczenli \u015fekilde g\u00f6zden ge\u00e7iriyor ve geli\u015ftiriyoruz.<\/p>\n<\/div><\/div>\n<\/section>","protected":false},"excerpt":{"rendered":"<p>Uyum &amp; EtikBoras Global olarak i\u015fimizi her zaman d\u00fcr\u00fcstl\u00fck, \u015feffafl\u0131k ve y\u00fcr\u00fcrl\u00fckteki yasa ve y\u00f6netmeliklere tam uyum i\u00e7inde y\u00fcr\u00fctmeye kararl\u0131y\u0131z. Uyum ve Etik ilkelerimiz, \u00e7al\u0131\u015fanlar\u0131m\u0131zla, m\u00fc\u015fterilerimizle, i\u015f ortaklar\u0131m\u0131zla ve i\u00e7inde bulundu\u011fumuz toplumla olan ili\u015fkilerimize y\u00f6n verir.1. D\u00fcr\u00fcstl\u00fc\u011fe Ba\u011fl\u0131l\u0131kFaaliyetlerimizin her alan\u0131nda en y\u00fcksek d\u00fczeyde d\u00fcr\u00fcstl\u00fck ve adalet standartlar\u0131n\u0131 koruyoruz. Etik davran\u0131\u015f, i\u015f yap\u0131\u015f \u015feklimizin merkezindedir.2. Yasalara [&hellip;]<\/p>\n","protected":false},"author":1,"featured_media":0,"parent":0,"menu_order":0,"comment_status":"closed","ping_status":"closed","template":"","meta":{"_acf_changed":false,"_breakdance_hide_in_design_set":false,"_breakdance_tags":"","footnotes":""},"class_list":["post-2298","page","type-page","status-publish","hentry"],"acf":[],"_links":{"self":[{"href":"https:\/\/borasglobal.com\/tr\/wp-json\/wp\/v2\/pages\/2298","targetHints":{"allow":["GET"]}}],"collection":[{"href":"https:\/\/borasglobal.com\/tr\/wp-json\/wp\/v2\/pages"}],"about":[{"href":"https:\/\/borasglobal.com\/tr\/wp-json\/wp\/v2\/types\/page"}],"author":[{"embeddable":true,"href":"https:\/\/borasglobal.com\/tr\/wp-json\/wp\/v2\/users\/1"}],"replies":[{"embeddable":true,"href":"https:\/\/borasglobal.com\/tr\/wp-json\/wp\/v2\/comments?post=2298"}],"version-history":[{"count":5,"href":"https:\/\/borasglobal.com\/tr\/wp-json\/wp\/v2\/pages\/2298\/revisions"}],"predecessor-version":[{"id":2818,"href":"https:\/\/borasglobal.com\/tr\/wp-json\/wp\/v2\/pages\/2298\/revisions\/2818"}],"wp:attachment":[{"href":"https:\/\/borasglobal.com\/tr\/wp-json\/wp\/v2\/media?parent=2298"}],"curies":[{"name":"wp","href":"https:\/\/api.w.org\/{rel}","templated":true}]}}