{"id":2299,"date":"2025-09-04T16:56:27","date_gmt":"2025-09-04T13:56:27","guid":{"rendered":"https:\/\/borasglobal.com\/contact\/"},"modified":"2026-03-09T17:05:42","modified_gmt":"2026-03-09T14:05:42","slug":"iletisim","status":"publish","type":"page","link":"https:\/\/borasglobal.com\/tr\/iletisim\/","title":{"rendered":"\u0130leti\u015fim"},"content":{"rendered":"<section class=\"bde-section-2299-100 bde-section\">\n  \n  \n\t\n\n\n\n<div class=\"section-container\"><h1 class=\"bde-heading-2299-101 bde-heading\">\nGelece\u011fe Anlam Katacak Olan\u0131 Birlikte \u0130n\u015fa Edelim\n<\/h1><div class=\"bde-text-2299-102 bde-text\">\nStratejik i\u015f birli\u011fi, teklif talebi ya da \u00e7al\u0131\u015fmalar\u0131m\u0131z hakk\u0131nda daha fazla bilgi... Amac\u0131n\u0131z ne olursa olsun, Boras Global sizinle ileti\u015fim kurmaya haz\u0131r.\n<\/div><div class=\"bde-form-builder-2299-233 bde-form-builder\">\n\n<form id=\"contact-form233\" class=\"breakdance-form breakdance-form--vertical\" data-options=\"{&quot;slug&quot;:&quot;custom&quot;,&quot;name&quot;:&quot;Contact Form&quot;,&quot;ajaxUrl&quot;:&quot;https:\\\/\\\/borasglobal.com\\\/wp-admin\\\/admin-ajax.php&quot;,&quot;clearOnSuccess&quot;:true,&quot;hideOnSuccess&quot;:false,&quot;successMessage&quot;:&quot;Mesaj\\u0131n\\u0131z G\\u00f6nderildi&quot;,&quot;errorMessage&quot;:&quot;Bir \\u015feyler Ters Gitti&quot;,&quot;redirect&quot;:false,&quot;redirectUrl&quot;:&quot;&quot;,&quot;customJavaScript&quot;:&quot;&quot;,&quot;recaptcha&quot;:{&quot;key&quot;:&quot;&quot;,&quot;enabled&quot;:false},&quot;honeypot_enabled&quot;:false,&quot;popupsOnSuccess&quot;:[],&quot;popupsOnError&quot;:[]}\" data-steps=\"0\" >\n  \n  \n  \n<div class=\"breakdance-form-field breakdance-form-field--text\" >\n    \n    \n            <label class=\"breakdance-form-field__label\" for=\"name\">\n            Ad \/ Soyad<span class=\"breakdance-form-field__required\">*<\/span>\n        <\/label>\n    \n    <input\n    class=\"breakdance-form-field__input\"\n    id=\"name\"\n    aria-describedby=\"name\"\n    type=\"text\"\n    name=\"fields[name]\"\n    placeholder=\"\"\n    value=\"\"\n                \n        \n        \n    required\n    \n    \n    \n>\n\n\n    \n    \n<\/div>\n\n\n<div class=\"breakdance-form-field breakdance-form-field--email\" >\n    \n    \n            <label class=\"breakdance-form-field__label\" for=\"email\">\n            E-posta<span class=\"breakdance-form-field__required\">*<\/span>\n        <\/label>\n    \n    <input\n    class=\"breakdance-form-field__input\"\n    id=\"email\"\n    aria-describedby=\"email\"\n    type=\"email\"\n    name=\"fields[email]\"\n    placeholder=\"\"\n    value=\"\"\n                \n        \n        \n    required\n    \n    \n    \n>\n\n\n    \n    \n<\/div>\n\n\n<div class=\"breakdance-form-field breakdance-form-field--text\" >\n    \n    \n            <label class=\"breakdance-form-field__label\" for=\"oljgwr\">\n            Kurum\n        <\/label>\n    \n    <input\n    class=\"breakdance-form-field__input\"\n    id=\"oljgwr\"\n    aria-describedby=\"oljgwr\"\n    type=\"text\"\n    name=\"fields[oljgwr]\"\n    placeholder=\"\"\n    value=\"\"\n                \n        \n        \n    \n    \n    \n    \n>\n\n\n    \n    \n<\/div>\n\n\n<div class=\"breakdance-form-field breakdance-form-field--text\" >\n    \n    \n            <label class=\"breakdance-form-field__label\" for=\"tvcufv\">\n            \u0130lgili alan<span class=\"breakdance-form-field__required\">*<\/span>\n        <\/label>\n    \n    <input\n    class=\"breakdance-form-field__input\"\n    id=\"tvcufv\"\n    aria-describedby=\"tvcufv\"\n    type=\"text\"\n    name=\"fields[tvcufv]\"\n    placeholder=\"\"\n    value=\"\"\n                \n        \n        \n    required\n    \n    \n    \n>\n\n\n    \n    \n<\/div>\n\n\n<div class=\"breakdance-form-field breakdance-form-field--textarea\" >\n    \n    \n            <label class=\"breakdance-form-field__label\" for=\"message\">\n            Mesaj \/ Proje \u00d6zeti<span class=\"breakdance-form-field__required\">*<\/span>\n        <\/label>\n    \n    <textarea\n    class=\"breakdance-form-field__input\"\n    id=\"message\"\n    aria-describedby=\"message\"\n    type=\"textarea\"\n    name=\"fields[message]\"\n        placeholder=\"\"\n    required\n    >\n<\/textarea>\n\n\n    \n    \n<\/div>\n\n\n  \n\n<div class=\"breakdance-form-field breakdance-form-footer\">\n    \n    \n                                    \n    \n    \n    \n    \n            \n            <button type=\"submit\" class=\"button-atom button-atom--primary breakdance-form-button breakdance-form-button__submit\"  >\n    \n        <span class=\"button-atom__text\">Talebinizi G\u00f6nderin<\/span>\n\n        \n        \n            <\/button>\n    \n    <input type=\"hidden\" name=\"form_id\" value=\"233\">\n    <input type=\"hidden\" name=\"post_id\" value=\"2299\">\n<\/div>\n\n  \n<\/form>\n\n\n<\/div><div class=\"bde-div-2299-273 bde-div\">\n  \n  \n\t\n\n\n\n<div class=\"bde-grid-2299-236 bde-grid\">\n  \n  \n\t\n\n\n\n<div class=\"bde-div-2299-282 bde-div\">\n  \n  \n\t\n\n\n\n<div class=\"bde-text-2299-289 bde-text\">\nDo\u011frudan \u0130leti\u015fim\n<\/div><div class=\"bde-button-2299-242 bde-button\">\n    \n                        \n                        \n    \n    \n    \n    \n            \n                    \n            \n            \n\n    \n    \n    \n    \n    \n    <a class=\"breakdance-link button-atom button-atom--custom bde-button__button\" href=\"mailto:info@borasglobal.com?subject=&body=\" target=\"_self\" data-type=\"contact\"  >\n\n    \n        <span class=\"button-atom__text\">info@borasglobal.com<\/span>\n\n                            \n        \n                <\/a>\n\n    \n\n\n<\/div>\n<\/div>\n<\/div>\n<\/div><\/div>\n<\/section>","protected":false},"excerpt":{"rendered":"<p>Gelece\u011fe Anlam Katacak Olan\u0131 Birlikte \u0130n\u015fa Edelim Stratejik i\u015f birli\u011fi, teklif talebi ya da \u00e7al\u0131\u015fmalar\u0131m\u0131z hakk\u0131nda daha fazla bilgi&#8230; Amac\u0131n\u0131z ne olursa olsun, Boras Global sizinle ileti\u015fim kurmaya haz\u0131r. Ad \/ Soyad* E-posta* Kurum \u0130lgili alan* Mesaj \/ Proje \u00d6zeti* Talebinizi G\u00f6nderin Do\u011frudan \u0130leti\u015fim info@borasglobal.com<\/p>\n","protected":false},"author":1,"featured_media":0,"parent":0,"menu_order":0,"comment_status":"closed","ping_status":"closed","template":"","meta":{"_acf_changed":false,"_breakdance_hide_in_design_set":false,"_breakdance_tags":"","footnotes":""},"class_list":["post-2299","page","type-page","status-publish","hentry"],"acf":[],"_links":{"self":[{"href":"https:\/\/borasglobal.com\/tr\/wp-json\/wp\/v2\/pages\/2299","targetHints":{"allow":["GET"]}}],"collection":[{"href":"https:\/\/borasglobal.com\/tr\/wp-json\/wp\/v2\/pages"}],"about":[{"href":"https:\/\/borasglobal.com\/tr\/wp-json\/wp\/v2\/types\/page"}],"author":[{"embeddable":true,"href":"https:\/\/borasglobal.com\/tr\/wp-json\/wp\/v2\/users\/1"}],"replies":[{"embeddable":true,"href":"https:\/\/borasglobal.com\/tr\/wp-json\/wp\/v2\/comments?post=2299"}],"version-history":[{"count":12,"href":"https:\/\/borasglobal.com\/tr\/wp-json\/wp\/v2\/pages\/2299\/revisions"}],"predecessor-version":[{"id":3020,"href":"https:\/\/borasglobal.com\/tr\/wp-json\/wp\/v2\/pages\/2299\/revisions\/3020"}],"wp:attachment":[{"href":"https:\/\/borasglobal.com\/tr\/wp-json\/wp\/v2\/media?parent=2299"}],"curies":[{"name":"wp","href":"https:\/\/api.w.org\/{rel}","templated":true}]}}