{"id":2300,"date":"2025-09-30T10:59:35","date_gmt":"2025-09-30T07:59:35","guid":{"rendered":"https:\/\/borasglobal.com\/cookie-policy\/"},"modified":"2025-10-20T16:14:34","modified_gmt":"2025-10-20T13:14:34","slug":"cerez-politikasi","status":"publish","type":"page","link":"https:\/\/borasglobal.com\/tr\/cerez-politikasi\/","title":{"rendered":"\u00c7erez Politikas\u0131"},"content":{"rendered":"<section class=\"bde-section-2300-100 bde-section\">\n  \n  \n\t\n\n\n\n<div class=\"section-container\"><div class=\"bde-rich-text-2300-101 bde-rich-text breakdance-rich-text-styles\">\n<h1 data-start=\"113\" data-end=\"136\">\u00c7erez Politikas\u0131<\/h1><p data-start=\"138\" data-end=\"581\">Boras Global (\u201cBoras Global\u201d, \u201cbiz\u201d veya \u201c\u015firket\u201d) gizlili\u011finizin sizin i\u00e7in \u00f6nemli oldu\u011funu anlar ve kulland\u0131\u011f\u0131m\u0131z teknolojiler konusunda \u015feffaf olmay\u0131 taahh\u00fct eder. Bu \u00c7erez Politikas\u0131, web sitelerimizi (\u201cSiteler\u201d) ziyaret etti\u011finizde cihaz\u0131n\u0131zda \u00e7erezler, web i\u015faret\u00e7ileri, pikseller, clear gif\u2019ler ve benzeri teknolojilerin (\u201c\u00c7erezler ve \u0130zleme Teknolojileri\u201d) nas\u0131l ve neden saklanabilece\u011fini ve bunlara nas\u0131l eri\u015filebilece\u011fini a\u00e7\u0131klar.<\/p><p data-start=\"583\" data-end=\"674\">Bu \u00c7erez Politikas\u0131, <a href=\"\/tr\/gizlilik-politikasi\">Gizlilik Politikam\u0131z<\/a> ve <a href=\"\/tr\/kullanim-kosullari\">Kullan\u0131m Ko\u015fullar\u0131<\/a> ile birlikte okunmal\u0131d\u0131r.<\/p><h2 data-start=\"681\" data-end=\"730\">\u00c7erezler ve \u0130zleme Teknolojileri Nedir?<\/h2><p data-start=\"731\" data-end=\"1195\">\u00c7erez, Sitelerimizden birini ziyaret etti\u011finizde cihaz\u0131n\u0131zda saklanabilen ve cihaz\u0131n\u0131zdan eri\u015filebilen k\u00fc\u00e7\u00fck bir metin dosyas\u0131d\u0131r (izin vermeniz ko\u015fuluyla). Di\u011fer izleme teknolojileri de benzer \u015fekilde \u00e7al\u0131\u015f\u0131r ve cihaz\u0131n\u0131za k\u00fc\u00e7\u00fck veri dosyalar\u0131 yerle\u015ftirebilir veya Sitelerimizle nas\u0131l etkile\u015fim kurdu\u011funuza dair bilgi toplamam\u0131za yard\u0131mc\u0131 olmak i\u00e7in etkinliklerinizi izleyebilir. Bu, cihaz\u0131n\u0131z\u0131 tan\u0131mam\u0131za ve kullan\u0131c\u0131 deneyiminizi geli\u015ftirmemize olanak sa\u011flar.<\/p><p data-start=\"1197\" data-end=\"1255\">Daha fazla bilgi i\u00e7in \u015fu siteleri ziyaret edebilirsiniz:<\/p><ul data-start=\"1256\" data-end=\"1381\"><li data-start=\"1256\" data-end=\"1317\"><p data-start=\"1258\" data-end=\"1317\"><a class=\"decorated-link\" href=\"http:\/\/www.allaboutcookies.org\" target=\"_new\" rel=\"noopener\" data-start=\"1258\" data-end=\"1315\">www.allaboutcookies.org<\/a><\/p><\/li><li data-start=\"1318\" data-end=\"1381\"><p data-start=\"1320\" data-end=\"1381\"><a class=\"decorated-link\" href=\"http:\/\/www.youronlinechoices.eu\" target=\"_new\" rel=\"noopener\" data-start=\"1320\" data-end=\"1379\">www.youronlinechoices.eu<\/a><\/p><\/li><\/ul><h2 data-start=\"1388\" data-end=\"1427\">\u00c7erezleri Nas\u0131l Kullan\u0131yoruz?<\/h2><p data-start=\"1428\" data-end=\"1864\">Boras Global, sizi ve ilgi alanlar\u0131n\u0131z\u0131 tan\u0131mak, tercihlerinizi hat\u0131rlamak, Sitelerimizin belirli alanlar\u0131na eri\u015fimi y\u00f6netmek, site g\u00fcvenli\u011fini sa\u011flamak, taleplerinizi i\u015flemek ve ara\u015ft\u0131rma ama\u00e7l\u0131 kullan\u0131m analizleri yapmak i\u00e7in \u00e7erezler ve izleme teknolojileri kullan\u0131r. Ayr\u0131ca kullan\u0131c\u0131 deneyimini geli\u015ftirmemize ve Sitelerimizin nas\u0131l kullan\u0131ld\u0131\u011f\u0131n\u0131 analiz etmemize yard\u0131mc\u0131 olan \u00fc\u00e7\u00fcnc\u00fc taraf hizmet sa\u011flay\u0131c\u0131larla da \u00e7al\u0131\u015fabiliriz.<\/p><h2 data-start=\"1871\" data-end=\"1920\">Birinci Taraf ve \u00dc\u00e7\u00fcnc\u00fc Taraf \u00c7erezleri<\/h2><ul data-start=\"1921\" data-end=\"2159\"><li data-start=\"1921\" data-end=\"1998\"><p data-start=\"1923\" data-end=\"1998\"><strong data-start=\"1923\" data-end=\"1950\">Birinci taraf \u00e7erezleri<\/strong>, do\u011frudan Boras Global taraf\u0131ndan belirlenir.<\/p><\/li><li data-start=\"1999\" data-end=\"2159\"><p data-start=\"2001\" data-end=\"2159\"><strong data-start=\"2001\" data-end=\"2027\">\u00dc\u00e7\u00fcnc\u00fc taraf \u00e7erezleri<\/strong>, \u00f6rne\u011fin analiz platformlar\u0131 veya e-posta hizmet sa\u011flay\u0131c\u0131lar\u0131 gibi hizmet sa\u011flay\u0131c\u0131lar ya da i\u015f ortaklar\u0131 taraf\u0131ndan belirlenir.<\/p><\/li><\/ul><p data-start=\"2161\" data-end=\"2299\">Bu \u00e7erezler, ileti\u015fimlerimizin etkinli\u011fini \u00f6l\u00e7mek ve kullan\u0131c\u0131lar\u0131n Sitelerimizle nas\u0131l etkile\u015fim kurdu\u011funu anlamak i\u00e7in kullan\u0131labilir.<\/p><h2 data-start=\"2306\" data-end=\"2343\">Kulland\u0131\u011f\u0131m\u0131z \u00c7erez T\u00fcrleri<\/h2><p data-start=\"2344\" data-end=\"2411\">Farkl\u0131 i\u015flevlere ba\u011fl\u0131 olarak \u00e7e\u015fitli \u00e7erez t\u00fcrleri kullan\u0131yoruz:<\/p><ul data-start=\"2413\" data-end=\"3128\"><li data-start=\"2413\" data-end=\"2570\"><p data-start=\"2415\" data-end=\"2570\"><strong data-start=\"2415\" data-end=\"2458\">Kesinlikle gerekli veya teknik \u00e7erezler<\/strong>: Oturum a\u00e7t\u0131\u011f\u0131n\u0131zda hat\u0131rlanman\u0131z ve g\u00fcvenli\u011fin sa\u011flanmas\u0131 gibi Sitelerimizin temel i\u015fleyi\u015fi i\u00e7in zorunludur.<\/p><\/li><li data-start=\"2571\" data-end=\"2757\"><p data-start=\"2573\" data-end=\"2757\"><strong data-start=\"2573\" data-end=\"2611\">Analitik veya performans \u00e7erezleri<\/strong>: Sitelerin nas\u0131l kullan\u0131ld\u0131\u011f\u0131n\u0131 anlamam\u0131za yard\u0131mc\u0131 olur; \u00f6rne\u011fin en \u00e7ok ziyaret edilen sayfalar\u0131 ve ziyaret\u00e7ilerin nereden geldi\u011fini g\u00f6sterir.<\/p><\/li><li data-start=\"2758\" data-end=\"2929\"><p data-start=\"2760\" data-end=\"2929\"><strong data-start=\"2760\" data-end=\"2785\">\u0130\u015flevsellik \u00e7erezleri<\/strong>: Dil veya yaz\u0131 tipi boyutu gibi tercihlerinizi hat\u0131rlamam\u0131za ve gelecekteki ziyaretlerinizde ayn\u0131 ki\u015fiselle\u015ftirmeleri sunmam\u0131za olanak tan\u0131r.<\/p><\/li><li data-start=\"2930\" data-end=\"3128\"><p data-start=\"2932\" data-end=\"3128\"><strong data-start=\"2932\" data-end=\"2965\">\u00dc\u00e7\u00fcnc\u00fc taraf reklam \u00e7erezleri<\/strong>: LinkedIn, Twitter veya Facebook gibi sa\u011flay\u0131c\u0131lar arac\u0131l\u0131\u011f\u0131yla, web sitelerindeki faaliyetlerinizi takip ederek hedeflenmi\u015f reklamlar sunmak i\u00e7in bilgi toplar.<\/p><\/li><\/ul><h2 data-start=\"3135\" data-end=\"3162\">\u00c7erezleri Y\u00f6netme<\/h2><p data-start=\"3163\" data-end=\"3523\">Taray\u0131c\u0131 ayarlar\u0131n\u0131z\u0131 kullanarak t\u00fcm \u00e7erezleri veya baz\u0131 \u00e7erezleri engelleyebilir ya da cihaz\u0131n\u0131za bir \u00e7erez yerle\u015ftirildi\u011finde uyar\u0131 almay\u0131 se\u00e7ebilirsiniz. T\u00fcm \u00e7erezleri engellemenin Sitelerimizin baz\u0131 b\u00f6l\u00fcmlerini kullanma yetene\u011finizi s\u0131n\u0131rlayabilece\u011fini l\u00fctfen unutmay\u0131n. Ayr\u0131ca, \u00f6nceden saklanm\u0131\u015f \u00e7erezleri diledi\u011finiz zaman manuel olarak silebilirsiniz.<\/p><p data-start=\"3525\" data-end=\"3622\">Hedeflenmi\u015f reklam \u00e7erezleri hakk\u0131nda daha fazla bilgi edinmek ve tercihlerinizi y\u00f6netmek i\u00e7in:<\/p><ul data-start=\"3623\" data-end=\"3801\"><li data-start=\"3623\" data-end=\"3712\"><p data-start=\"3625\" data-end=\"3712\">Avrupa\u2019da bulunuyorsan\u0131z: <a class=\"decorated-link\" href=\"http:\/\/www.youronlinechoices.eu\" target=\"_new\" rel=\"noopener\" data-start=\"3651\" data-end=\"3710\">www.youronlinechoices.eu<\/a><\/p><\/li><li data-start=\"3713\" data-end=\"3801\"><p data-start=\"3715\" data-end=\"3801\">ABD\u2019de bulunuyorsan\u0131z: <a class=\"decorated-link\" href=\"http:\/\/www.aboutads.info\/choices\" target=\"_new\" rel=\"noopener\" data-start=\"3738\" data-end=\"3799\">www.aboutads.info\/choices<\/a><\/p><\/li><li data-start=\"3713\" data-end=\"3801\">T\u00fcrkiye'de bulunuyorsan\u0131z: <a href=\"https:\/\/www.kvkk.gov.tr\/SharedFolderServer\/CMSFiles\/fb193dbb-b159-4221-8a7b-3addc083d33f.pdf\" target=\"_blank\" rel=\"noopener\">KVKK<\/a><\/li><\/ul><h2 data-start=\"3808\" data-end=\"3848\">Web \u0130\u015faret\u00e7ileri (Web Beacons)<\/h2><p data-start=\"3849\" data-end=\"4126\">Boras Global, e-postalarda veya Sitelerimizde, bir e-postay\u0131 a\u00e7\u0131p a\u00e7mad\u0131\u011f\u0131n\u0131z\u0131 veya bir ba\u011flant\u0131ya t\u0131klay\u0131p t\u0131klamad\u0131\u011f\u0131n\u0131z\u0131 belirlemek i\u00e7in web i\u015faret\u00e7ileri kullanabilir. Bu bilgiler, i\u00e7eriklerimizin ve ileti\u015fimlerimizin etkinli\u011fini \u00f6l\u00e7memize ve geli\u015ftirmemize yard\u0131mc\u0131 olur.<\/p>\n<\/div><\/div>\n<\/section>","protected":false},"excerpt":{"rendered":"<p>\u00c7erez Politikas\u0131Boras Global (\u201cBoras Global\u201d, \u201cbiz\u201d veya \u201c\u015firket\u201d) gizlili\u011finizin sizin i\u00e7in \u00f6nemli oldu\u011funu anlar ve kulland\u0131\u011f\u0131m\u0131z teknolojiler konusunda \u015feffaf olmay\u0131 taahh\u00fct eder. Bu \u00c7erez Politikas\u0131, web sitelerimizi (\u201cSiteler\u201d) ziyaret etti\u011finizde cihaz\u0131n\u0131zda \u00e7erezler, web i\u015faret\u00e7ileri, pikseller, clear gif\u2019ler ve benzeri teknolojilerin (\u201c\u00c7erezler ve \u0130zleme Teknolojileri\u201d) nas\u0131l ve neden saklanabilece\u011fini ve bunlara nas\u0131l eri\u015filebilece\u011fini a\u00e7\u0131klar.Bu \u00c7erez Politikas\u0131, [&hellip;]<\/p>\n","protected":false},"author":1,"featured_media":0,"parent":0,"menu_order":0,"comment_status":"closed","ping_status":"closed","template":"","meta":{"_acf_changed":false,"_breakdance_hide_in_design_set":false,"_breakdance_tags":"","footnotes":""},"class_list":["post-2300","page","type-page","status-publish","hentry"],"acf":[],"_links":{"self":[{"href":"https:\/\/borasglobal.com\/tr\/wp-json\/wp\/v2\/pages\/2300","targetHints":{"allow":["GET"]}}],"collection":[{"href":"https:\/\/borasglobal.com\/tr\/wp-json\/wp\/v2\/pages"}],"about":[{"href":"https:\/\/borasglobal.com\/tr\/wp-json\/wp\/v2\/types\/page"}],"author":[{"embeddable":true,"href":"https:\/\/borasglobal.com\/tr\/wp-json\/wp\/v2\/users\/1"}],"replies":[{"embeddable":true,"href":"https:\/\/borasglobal.com\/tr\/wp-json\/wp\/v2\/comments?post=2300"}],"version-history":[{"count":4,"href":"https:\/\/borasglobal.com\/tr\/wp-json\/wp\/v2\/pages\/2300\/revisions"}],"predecessor-version":[{"id":2802,"href":"https:\/\/borasglobal.com\/tr\/wp-json\/wp\/v2\/pages\/2300\/revisions\/2802"}],"wp:attachment":[{"href":"https:\/\/borasglobal.com\/tr\/wp-json\/wp\/v2\/media?parent=2300"}],"curies":[{"name":"wp","href":"https:\/\/api.w.org\/{rel}","templated":true}]}}