{"id":2302,"date":"2025-09-25T11:09:05","date_gmt":"2025-09-25T08:09:05","guid":{"rendered":"https:\/\/borasglobal.com\/energy-natural-resources\/"},"modified":"2025-10-20T17:31:04","modified_gmt":"2025-10-20T14:31:04","slug":"enerji-dogal-kaynaklar","status":"publish","type":"page","link":"https:\/\/borasglobal.com\/tr\/enerji-dogal-kaynaklar\/","title":{"rendered":"Enerji &amp; Do\u011fal Kaynaklar"},"content":{"rendered":"<section class=\"bde-section-2302-100 bde-section\">\n  \n  \n\t\n\n\n\n<div class=\"section-container\"><div class=\"bde-div-2302-101 bde-div\">\n  \n  \n\t\n\n\n\n<h1 class=\"bde-heading-2302-102 bde-heading\">\nEnerji & Do\u011fal Kaynaklar\n<\/h1><div class=\"bde-text-2302-103 bde-text\">\nGer\u00e7ek ba\u015far\u0131, zorluklar\u0131n \u00fcstesinden do\u011fru \u015fekilde gelmekle m\u00fcmk\u00fcnd\u00fcr. Enerji sekt\u00f6r\u00fcn\u00fcn yo\u011fun rekabetinde ve h\u0131zl\u0131 d\u00f6n\u00fc\u015f\u00fcm\u00fcnde \u00f6ne \u00e7\u0131kmak i\u00e7in stratejik zeka, hatas\u0131z uygulama ve yenilik\u00e7i bir vizyon \u015fartt\u0131r.\n<\/div>\n<\/div><img decoding=\"async\" class=\"bde-image2-2302-104 bde-image2\" src=\"https:\/\/borasglobal.com\/wp-content\/uploads\/2025\/09\/Solar-Energy-Farm-in-Fields-3.jpg\" loading=\"lazy\" srcset=\"https:\/\/borasglobal.com\/wp-content\/uploads\/2025\/09\/Solar-Energy-Farm-in-Fields-3.jpg 2300w, https:\/\/borasglobal.com\/wp-content\/uploads\/2025\/09\/Solar-Energy-Farm-in-Fields-3-800x448.jpg 800w, https:\/\/borasglobal.com\/wp-content\/uploads\/2025\/09\/Solar-Energy-Farm-in-Fields-3-1200x673.jpg 1200w, https:\/\/borasglobal.com\/wp-content\/uploads\/2025\/09\/Solar-Energy-Farm-in-Fields-3-768x430.jpg 768w, https:\/\/borasglobal.com\/wp-content\/uploads\/2025\/09\/Solar-Energy-Farm-in-Fields-3-1536x861.jpg 1536w, https:\/\/borasglobal.com\/wp-content\/uploads\/2025\/09\/Solar-Energy-Farm-in-Fields-3-2048x1148.jpg 2048w\" sizes=\"(max-width: 2300px) 100vw, 2300px\" alt=\"\"><div class=\"bde-text-2302-137 bde-text\">\nEnerji ve do\u011fal kaynaklar sekt\u00f6r\u00fc, tarihinde g\u00f6r\u00fclmemi\u015f bir d\u00f6n\u00fc\u015f\u00fcm s\u00fcrecinden ge\u00e7iyor. \u0130klim de\u011fi\u015fikli\u011fi, de\u011fi\u015fen t\u00fcketici talepleri ve d\u00fczenleyici bask\u0131lar, i\u015f d\u00fcnyas\u0131 ile toplum aras\u0131ndaki dengeyi yeniden \u015fekillendiriyor. Art\u0131k \u015firketler, farkl\u0131 b\u00f6lgelerde, yeni teknolojilerde ve geli\u015fen pazarlarda f\u0131rsatlar\u0131 yakalarken k\u00e2rl\u0131l\u0131\u011f\u0131 s\u00fcrd\u00fcr\u00fclebilirlikle uyumlu hale getirmek zorunda.<br><br>Boras Global olarak, onlarca y\u0131ld\u0131r sermaye projelerinden dijital yeniliklere kadar d\u00fcnya genelinde m\u00fc\u015fterilerimize de\u011fer katan \u00e7\u00f6z\u00fcmler sunuyoruz. Fonksiyonlar aras\u0131 entegre uzmanl\u0131\u011f\u0131m\u0131z sayesinde, \u015firketlerin pazarda yeniden konumlanmas\u0131na, yenilikleri \u00f6l\u00e7eklendirmesine ve faaliyet g\u00f6sterdikleri topluluklarda g\u00fcvenilir bir \u015fekilde varl\u0131k g\u00f6stermesine destek oluyoruz.\n<\/div><\/div>\n<\/section><section class=\"bde-section-2302-105 bde-section\">\n  \n  \n\t\n\n\n\n<div class=\"section-container\"><div class=\"bde-div-2302-106 bde-div\">\n  \n  \n\t\n\n\n\n<h2 class=\"bde-heading-2302-107 bde-heading\">\nEnerji Sekt\u00f6r\u00fcn\u00fcn Gelecekteki Zorluklar\u0131\n<\/h2><div class=\"bde-text-2302-136 bde-text\">\nEnerji ve do\u011fal kaynaklar sekt\u00f6r\u00fc; s\u00fcrd\u00fcr\u00fclebilirlik beklentileri, dijitalle\u015fmenin yaratt\u0131\u011f\u0131 d\u00f6n\u00fc\u015f\u00fcm ve artan reg\u00fclasyon bask\u0131lar\u0131yla h\u0131zla de\u011fi\u015fiyor. \u015eirketlerin k\u00e2rl\u0131 ve rekabet\u00e7i kalabilmesi i\u00e7in h\u0131zl\u0131 uyum \u015fart.<br><br>Boras Global, bu d\u00f6n\u00fc\u015f\u00fcmde \u015firketlere \u015fu alanlarda destek veriyor:\n<\/div>\n<\/div><div class=\"bde-grid-2302-138 bde-grid\">\n  \n  \n\t\n\n\n\n<div class=\"bde-div-2302-139 bde-div\">\n  \n  \n\t\n\n\n\n<div class=\"bde-rich-text-2302-141 bde-rich-text breakdance-rich-text-styles\">\n<p data-start=\"1824\" data-end=\"1994\"><strong>S\u00fcrd\u00fcr\u00fclebilirlik ve Net S\u0131f\u0131r Yolculu\u011fu:<\/strong> \u015eirketlerin karbon emisyonlar\u0131n\u0131 azaltma ve ESG standartlar\u0131na uyum sa\u011flama hedeflerini belirleyip hayata ge\u00e7irmelerinde yan\u0131nday\u0131z.<\/p><p data-start=\"1996\" data-end=\"2139\"><strong>Operasyonel Verimlilik:<\/strong> De\u011fer zincirindeki darbo\u011fazlar\u0131 ortadan kald\u0131rarak maliyetleri d\u00fc\u015f\u00fcr\u00fcyor ve \u00fcretkenli\u011fi art\u0131r\u0131yoruz.<\/p><p data-start=\"2141\" data-end=\"2295\"><strong>Dijital D\u00f6n\u00fc\u015f\u00fcm:<\/strong> Yapay zek\u00e2, veri analiti\u011fi ve yeni nesil teknolojilerle operasyonlar\u0131 modernle\u015ftiriyor ve karar alma s\u00fcre\u00e7lerini g\u00fc\u00e7lendiriyoruz.<\/p>\n<\/div>\n<\/div><div class=\"bde-div-2302-142 bde-div\">\n  \n  \n\t\n\n\n\n<div class=\"bde-rich-text-2302-143 bde-rich-text breakdance-rich-text-styles\">\n<p data-start=\"2297\" data-end=\"2473\"><strong>D\u00fczenleyici ve Payda\u015f Bask\u0131s\u0131:<\/strong> Yat\u0131r\u0131mc\u0131, reg\u00fclat\u00f6r ve toplumun beklentilerini kar\u015f\u0131layacak net stratejiler ve uygulanabilir yol haritalar\u0131 sunuyoruz.<\/p><p data-start=\"2475\" data-end=\"2633\"><strong>\u0130klim Riski Y\u00f6netimi:<\/strong> \u015eirketlerin yang\u0131n, kurakl\u0131k ve benzeri iklim risklerine kar\u015f\u0131 i\u015f s\u00fcreklili\u011fini g\u00fcvence alt\u0131na almalar\u0131n\u0131 sa\u011fl\u0131yoruz.<\/p><p data-start=\"2635\" data-end=\"2781\"><strong>Pazar Rekabet\u00e7ili\u011fi:<\/strong> M\u00fc\u015fterilerimizin pazardaki konumlar\u0131n\u0131 g\u00fc\u00e7lendirmelerine, yenilikleri b\u00fcy\u00fctmelerine ve kal\u0131c\u0131 avantaj elde etmelerine yard\u0131mc\u0131 oluyoruz.<\/p>\n<\/div>\n<\/div>\n<\/div><\/div>\n<\/section><section class=\"bde-section-2302-118 bde-section\">\n  \n  \n\t\n\n\n\n<div class=\"section-container\"><div class=\"bde-div-2302-119 bde-div\">\n  \n  \n\t\n\n\n\n<h2 class=\"bde-heading-2302-120 bde-heading\">\nEnerji & Do\u011fal Kaynaklarda Uzmanl\u0131k Alanlar\u0131m\u0131z\n<\/h2><div class=\"bde-text-2302-121 bde-text\">\nBoras Global, petrol ve gaz \u015firketlerine enerji de\u011fer zincirinin t\u00fcm a\u015famalar\u0131nda rehberlik ediyor. S\u00fcrd\u00fcr\u00fclebilirlik, dijital d\u00f6n\u00fc\u015f\u00fcm ve kurumsal m\u00fckemmeliyet gibi kritik \u00f6nceliklerle birle\u015fen bu yolculukta; verimlili\u011fin art\u0131r\u0131lmas\u0131, altyap\u0131n\u0131n g\u00fc\u00e7lendirilmesi, operasyonlar\u0131n modernle\u015ftirilmesi ve inovasyonun benimsenmesi i\u00e7in stratejik \u00e7\u00f6z\u00fcmler sunuyoruz.\n<\/div>\n<\/div><div class=\"bde-frequently-asked-questions-2302-122 bde-frequently-asked-questions\">\n      <div class=\"bde-faq__item\">\n      <h3 class=\"bde-faq__title-tag\">\n       <button id=\"bde-faq-122-button-1\" aria-expanded=\"false\" aria-controls=\"bde-faq-122-1\" class=\"bde-faq__question js-faq-item\">\n          <span class=\"bde-faq__title\">Yat\u0131r\u0131m Projeleri & Operasyonlar<\/span>\n                           <div aria-hidden=\"true\" class=\"bde-faq__icon bde-faq__icon--inactive\">\n                                <svg xmlns=\"http:\/\/www.w3.org\/2000\/svg\" viewBox=\"0 0 448 512\"><!--! Font Awesome Free 6.5.1 by @fontawesome - https:\/\/fontawesome.com License - https:\/\/fontawesome.com\/license\/free (Icons: CC BY 4.0, Fonts: SIL OFL 1.1, Code: MIT License) Copyright 2023 Fonticons, Inc. --><path d=\"M256 80c0-17.7-14.3-32-32-32s-32 14.3-32 32V224H48c-17.7 0-32 14.3-32 32s14.3 32 32 32H192V432c0 17.7 14.3 32 32 32s32-14.3 32-32V288H400c17.7 0 32-14.3 32-32s-14.3-32-32-32H256V80z\"\/><\/svg>\n                            <\/div>\n         \t  <div aria-hidden=\"true\" class=\"bde-faq__icon bde-faq__icon--active\">\n                                <svg xmlns=\"http:\/\/www.w3.org\/2000\/svg\" viewBox=\"0 0 448 512\"><!--! Font Awesome Free 6.5.1 by @fontawesome - https:\/\/fontawesome.com License - https:\/\/fontawesome.com\/license\/free (Icons: CC BY 4.0, Fonts: SIL OFL 1.1, Code: MIT License) Copyright 2023 Fonticons, Inc. --><path d=\"M432 256c0 17.7-14.3 32-32 32L48 288c-17.7 0-32-14.3-32-32s14.3-32 32-32l352 0c17.7 0 32 14.3 32 32z\"\/><\/svg>\n                            <\/div>\n                  <\/button>\n      <\/h3>\n      <div role=\"region\" aria-labelledby=\"bde-faq-122-button-1\" id=\"bde-faq-122-1\" class=\"bde-faq__answer\">\n        <div class=\"bde-faq__answer-content\">\n            <div class=\"breakdance-rich-text-styles\"><ul><li data-start=\"2882\" data-end=\"2939\"><p data-start=\"2884\" data-end=\"2939\">Enerji projelerinin ba\u015ftan sona, kapsaml\u0131 y\u00f6netimi.<\/p><\/li><li data-start=\"2940\" data-end=\"3000\"><p data-start=\"2942\" data-end=\"3000\">Enerji sekt\u00f6r\u00fcnde birle\u015fme ve sat\u0131n almalar sonras\u0131 etkin entegrasyon planlamas\u0131.<\/p><\/li><li data-start=\"3001\" data-end=\"3055\"><p data-start=\"3003\" data-end=\"3055\">Maliyetlerin yeniden yap\u0131land\u0131r\u0131lmas\u0131 ve tedarik zincirinde verimlilik art\u0131\u015f\u0131.<\/p><\/li><li data-start=\"3056\" data-end=\"3108\"><p data-start=\"3058\" data-end=\"3108\">Dijital \u00e7\u00f6z\u00fcmlerle daha h\u0131zl\u0131 ve g\u00fcvenilir proje teslimi.<\/p><\/li><\/ul><\/div>\n\n                    <\/div>\n      <\/div>\n    <\/div>\n      <div class=\"bde-faq__item\">\n      <h3 class=\"bde-faq__title-tag\">\n       <button id=\"bde-faq-122-button-2\" aria-expanded=\"false\" aria-controls=\"bde-faq-122-2\" class=\"bde-faq__question js-faq-item\">\n          <span class=\"bde-faq__title\">Dijital \u0130novasyon & Analitik<\/span>\n                           <div aria-hidden=\"true\" class=\"bde-faq__icon bde-faq__icon--inactive\">\n                                <svg xmlns=\"http:\/\/www.w3.org\/2000\/svg\" viewBox=\"0 0 448 512\"><!--! Font Awesome Free 6.5.1 by @fontawesome - https:\/\/fontawesome.com License - https:\/\/fontawesome.com\/license\/free (Icons: CC BY 4.0, Fonts: SIL OFL 1.1, Code: MIT License) Copyright 2023 Fonticons, Inc. --><path d=\"M256 80c0-17.7-14.3-32-32-32s-32 14.3-32 32V224H48c-17.7 0-32 14.3-32 32s14.3 32 32 32H192V432c0 17.7 14.3 32 32 32s32-14.3 32-32V288H400c17.7 0 32-14.3 32-32s-14.3-32-32-32H256V80z\"\/><\/svg>\n                            <\/div>\n         \t  <div aria-hidden=\"true\" class=\"bde-faq__icon bde-faq__icon--active\">\n                                <svg xmlns=\"http:\/\/www.w3.org\/2000\/svg\" viewBox=\"0 0 448 512\"><!--! Font Awesome Free 6.5.1 by @fontawesome - https:\/\/fontawesome.com License - https:\/\/fontawesome.com\/license\/free (Icons: CC BY 4.0, Fonts: SIL OFL 1.1, Code: MIT License) Copyright 2023 Fonticons, Inc. --><path d=\"M432 256c0 17.7-14.3 32-32 32L48 288c-17.7 0-32-14.3-32-32s14.3-32 32-32l352 0c17.7 0 32 14.3 32 32z\"\/><\/svg>\n                            <\/div>\n                  <\/button>\n      <\/h3>\n      <div role=\"region\" aria-labelledby=\"bde-faq-122-button-2\" id=\"bde-faq-122-2\" class=\"bde-faq__answer\">\n        <div class=\"bde-faq__answer-content\">\n            <div class=\"breakdance-rich-text-styles\"><ul><li data-start=\"3151\" data-end=\"3212\"><p data-start=\"3153\" data-end=\"3212\">Yapay zek\u00e2 tabanl\u0131 \u00f6ng\u00f6r\u00fclerle talep ve piyasa dinamiklerini yakalama.<\/p><\/li><li data-start=\"3213\" data-end=\"3272\"><p data-start=\"3215\" data-end=\"3272\">\u0130leri veri analiti\u011fiyle gizli verimlilik potansiyellerini a\u00e7\u0131\u011fa \u00e7\u0131karma.<\/p><\/li><li data-start=\"3273\" data-end=\"3336\"><p data-start=\"3275\" data-end=\"3336\">Enerji ve kaynak \u015firketlerinde u\u00e7tan uca dijital d\u00f6n\u00fc\u015f\u00fcm.<\/p><\/li><li data-start=\"3337\" data-end=\"3400\"><p data-start=\"3339\" data-end=\"3400\">Do\u011fal afetlere ve iklim risklerine kar\u015f\u0131 yeni nesil dijital \u00e7\u00f6z\u00fcmler.<\/p><\/li><\/ul><\/div>\n\n                    <\/div>\n      <\/div>\n    <\/div>\n      <div class=\"bde-faq__item\">\n      <h3 class=\"bde-faq__title-tag\">\n       <button id=\"bde-faq-122-button-3\" aria-expanded=\"false\" aria-controls=\"bde-faq-122-3\" class=\"bde-faq__question js-faq-item\">\n          <span class=\"bde-faq__title\">S\u00fcrd\u00fcr\u00fclebilirlik & ESG \u00c7\u00f6z\u00fcmleri<\/span>\n                           <div aria-hidden=\"true\" class=\"bde-faq__icon bde-faq__icon--inactive\">\n                                <svg xmlns=\"http:\/\/www.w3.org\/2000\/svg\" viewBox=\"0 0 448 512\"><!--! Font Awesome Free 6.5.1 by @fontawesome - https:\/\/fontawesome.com License - https:\/\/fontawesome.com\/license\/free (Icons: CC BY 4.0, Fonts: SIL OFL 1.1, Code: MIT License) Copyright 2023 Fonticons, Inc. --><path d=\"M256 80c0-17.7-14.3-32-32-32s-32 14.3-32 32V224H48c-17.7 0-32 14.3-32 32s14.3 32 32 32H192V432c0 17.7 14.3 32 32 32s32-14.3 32-32V288H400c17.7 0 32-14.3 32-32s-14.3-32-32-32H256V80z\"\/><\/svg>\n                            <\/div>\n         \t  <div aria-hidden=\"true\" class=\"bde-faq__icon bde-faq__icon--active\">\n                                <svg xmlns=\"http:\/\/www.w3.org\/2000\/svg\" viewBox=\"0 0 448 512\"><!--! Font Awesome Free 6.5.1 by @fontawesome - https:\/\/fontawesome.com License - https:\/\/fontawesome.com\/license\/free (Icons: CC BY 4.0, Fonts: SIL OFL 1.1, Code: MIT License) Copyright 2023 Fonticons, Inc. --><path d=\"M432 256c0 17.7-14.3 32-32 32L48 288c-17.7 0-32-14.3-32-32s14.3-32 32-32l352 0c17.7 0 32 14.3 32 32z\"\/><\/svg>\n                            <\/div>\n                  <\/button>\n      <\/h3>\n      <div role=\"region\" aria-labelledby=\"bde-faq-122-button-3\" id=\"bde-faq-122-3\" class=\"bde-faq__answer\">\n        <div class=\"bde-faq__answer-content\">\n            <div class=\"breakdance-rich-text-styles\"><ul><li data-start=\"3442\" data-end=\"3502\"><p data-start=\"3444\" data-end=\"3502\">Karbon ayak izini azaltmak i\u00e7in kapsaml\u0131 operasyonel stratejiler geli\u015ftirme.<\/p><\/li><li data-start=\"3503\" data-end=\"3563\"><p data-start=\"3505\" data-end=\"3563\">Do\u011fal gaz ve enerji \u015firketleri i\u00e7in net-s\u0131f\u0131r hedeflerine y\u00f6nelik yol haritalar\u0131 olu\u015fturma.<\/p><\/li><li data-start=\"3564\" data-end=\"3621\"><p data-start=\"3566\" data-end=\"3621\">Payda\u015f kat\u0131l\u0131m\u0131yla sosyal lisans\u0131n g\u00fcvence alt\u0131na al\u0131nmas\u0131.<\/p><\/li><li data-start=\"3564\" data-end=\"3621\"><p data-start=\"3566\" data-end=\"3621\">K\u00fcresel standartlarla uyumlu s\u00fcrd\u00fcr\u00fclebilir b\u00fcy\u00fcme modelleri tasarlama.<\/p><\/li><\/ul><\/div>\n\n                    <\/div>\n      <\/div>\n    <\/div>\n  \n<\/div><\/div>\n<\/section><section class=\"bde-section-2302-144 bde-section\">\n  \n  \n\t\n\n\n\n<div class=\"section-container\"><div class=\"bde-div-2302-145 bde-div\">\n  \n  \n\t\n\n\n\n<h2 class=\"bde-heading-2302-146 bde-heading\">\nG\u00fcncel \u0130\u00e7g\u00f6r\u00fcler & Raporlar\n<\/h2><div class=\"bde-text-2302-147 bde-text\">\nEn son piyasa trendleri, enerji raporlar\u0131 ve sekt\u00f6r analizleriyle her zaman bir ad\u0131m \u00f6nde olun.\n<\/div>\n<\/div><div class=\"bde-div-2302-148 bde-div\">\n  \n  \n\t\n\n\n\n<div class=\"bde-post-loop-2302-149 bde-post-loop phox-facets-target phox-facets-target-default\"><div class=\"bde-loop bde-loop-grid ee-posts ee-posts-grid\">    <article class=\"bde-loop-item ee-post\">\n        <a class=\"bde-container-link-2408-100-2391-2408-1 bde-container-link bde-container-link-2408-100 breakdance-link\" href=\"https:\/\/borasglobal.com\/tr\/guneydogu-asyanin-enerji-gelecegi-artan-talep-yeni-firsatlar\/\" target=\"_self\" data-type=\"url\">\n  \n  \n\t\n\n\n\n<style>.breakdance .bde-div-2408-103-2391-2408-1{background-color:#E3F3FF;background-image:url(https:\/\/borasglobal.com\/wp-content\/uploads\/2025\/08\/Solar-panel-on-blue-sky-background2.jpg);background-size:cover;background-position:center center}<\/style><div class=\"bde-div-2408-103-2391-2408-1 bde-div bde-div-2408-103\">\n  \n  \n\t\n\n\n\n<div class=\"bde-div-2408-107-2391-2408-1 bde-div bde-div-2408-107\">\n              \n  \n  \n\t\n\n\n\n<div class=\"bde-div-2408-104-2391-2408-1 bde-div bde-div-2408-104\">\n  \n  \n\t\n\n\n\n<h3 class=\"bde-heading-2408-102-2391-2408-1 bde-heading bde-heading-2408-102\">\nG\u00fcneydo\u011fu Asya\u2019n\u0131n Enerji Gelece\u011fi: Artan Talep, Yeni F\u0131rsatlar\n<\/h3>\n<\/div><div class=\"bde-div-2408-105-2391-2408-1 bde-div bde-div-2408-105\">\n  \n  \n\t\n\n\n\n<div class=\"bde-button-2408-106-2391-2408-1 bde-button bde-button-2408-106\">\n    \n                        \n                        \n    \n    \n    \n    \n            \n                    \n            \n            \n\n    \n    \n    \n    \n    \n    <a class=\"breakdance-link button-atom button-atom--custom bde-button__button\" href=\"https:\/\/borasglobal.com\/tr\/guneydogu-asyanin-enerji-gelecegi-artan-talep-yeni-firsatlar\/\" target=\"_self\" data-type=\"url\"  >\n\n    \n        <span class=\"button-atom__text\">Ayr\u0131nt\u0131lar\u0131 \u0130ncele<\/span>\n\n                            \n        \n                <\/a>\n\n    \n\n\n<\/div>\n<\/div>\n<\/div>\n<\/div>\n\n<\/a>    <\/article>\n    <article class=\"bde-loop-item ee-post\">\n        <a class=\"bde-container-link-2408-100-2477-2408-1 bde-container-link bde-container-link-2408-100 breakdance-link\" href=\"https:\/\/borasglobal.com\/tr\/gunes-ve-depolama-deneme-projelerinden-yarinin-enerji-altyapisina\/\" target=\"_self\" data-type=\"url\">\n  \n  \n\t\n\n\n\n<style>.breakdance .bde-div-2408-103-2477-2408-1{background-color:#E3F3FF;background-image:url(https:\/\/borasglobal.com\/wp-content\/uploads\/2025\/09\/Solar-Energy-Farm-in-Fields-3.jpg);background-size:cover;background-position:center center}<\/style><div class=\"bde-div-2408-103-2477-2408-1 bde-div bde-div-2408-103\">\n  \n  \n\t\n\n\n\n<div class=\"bde-div-2408-107-2477-2408-1 bde-div bde-div-2408-107\">\n              \n  \n  \n\t\n\n\n\n<div class=\"bde-div-2408-104-2477-2408-1 bde-div bde-div-2408-104\">\n  \n  \n\t\n\n\n\n<h3 class=\"bde-heading-2408-102-2477-2408-1 bde-heading bde-heading-2408-102\">\nG\u00fcne\u015f ve Depolama: Deneme Projelerinden Yar\u0131n\u0131n Enerji Altyap\u0131s\u0131na\n<\/h3>\n<\/div><div class=\"bde-div-2408-105-2477-2408-1 bde-div bde-div-2408-105\">\n  \n  \n\t\n\n\n\n<div class=\"bde-button-2408-106-2477-2408-1 bde-button bde-button-2408-106\">\n    \n                        \n                        \n    \n    \n    \n    \n            \n                    \n            \n            \n\n    \n    \n    \n    \n    \n    <a class=\"breakdance-link button-atom button-atom--custom bde-button__button\" href=\"https:\/\/borasglobal.com\/tr\/gunes-ve-depolama-deneme-projelerinden-yarinin-enerji-altyapisina\/\" target=\"_self\" data-type=\"url\"  >\n\n    \n        <span class=\"button-atom__text\">Ayr\u0131nt\u0131lar\u0131 \u0130ncele<\/span>\n\n                            \n        \n                <\/a>\n\n    \n\n\n<\/div>\n<\/div>\n<\/div>\n<\/div>\n\n<\/a>    <\/article>\n    <article class=\"bde-loop-item ee-post\">\n        <a class=\"bde-container-link-2408-100-2474-2408-1 bde-container-link bde-container-link-2408-100 breakdance-link\" href=\"https:\/\/borasglobal.com\/tr\/kuresel-yenilenebilir-enerji-zirvesi-2025-vizyondan-eyleme\/\" target=\"_self\" data-type=\"url\">\n  \n  \n\t\n\n\n\n<style>.breakdance .bde-div-2408-103-2474-2408-1{background-color:#E3F3FF;background-image:url(https:\/\/borasglobal.com\/wp-content\/uploads\/2025\/08\/Global-Renewables-Summit-2025-From-Vision-to-Action.jpg);background-size:cover;background-position:center center}<\/style><div class=\"bde-div-2408-103-2474-2408-1 bde-div bde-div-2408-103\">\n  \n  \n\t\n\n\n\n<div class=\"bde-div-2408-107-2474-2408-1 bde-div bde-div-2408-107\">\n              \n  \n  \n\t\n\n\n\n<div class=\"bde-div-2408-104-2474-2408-1 bde-div bde-div-2408-104\">\n  \n  \n\t\n\n\n\n<h3 class=\"bde-heading-2408-102-2474-2408-1 bde-heading bde-heading-2408-102\">\nK\u00fcresel Yenilenebilir Enerji Zirvesi 2025: Vizyon\u2019dan Eyleme\n<\/h3>\n<\/div><div class=\"bde-div-2408-105-2474-2408-1 bde-div bde-div-2408-105\">\n  \n  \n\t\n\n\n\n<div class=\"bde-button-2408-106-2474-2408-1 bde-button bde-button-2408-106\">\n    \n                        \n                        \n    \n    \n    \n    \n            \n                    \n            \n            \n\n    \n    \n    \n    \n    \n    <a class=\"breakdance-link button-atom button-atom--custom bde-button__button\" href=\"https:\/\/borasglobal.com\/tr\/kuresel-yenilenebilir-enerji-zirvesi-2025-vizyondan-eyleme\/\" target=\"_self\" data-type=\"url\"  >\n\n    \n        <span class=\"button-atom__text\">Ayr\u0131nt\u0131lar\u0131 \u0130ncele<\/span>\n\n                            \n        \n                <\/a>\n\n    \n\n\n<\/div>\n<\/div>\n<\/div>\n<\/div>\n\n<\/a>    <\/article>\n<\/div>\r\n<\/div>\n<\/div><\/div>\n<\/section><section class=\"bde-section-2302-150 bde-section\">\n  \n  \n\t\n\n\n\n<div class=\"section-container\"><div class=\"bde-div-2302-151 bde-div\">\n  \n  \n\t\n\n\n\n<div class=\"bde-div-2302-152 bde-div\">\n  \n  \n\t\n\n\n\n<div class=\"bde-text-2302-153 bde-text\">\n\u0130leti\u015fim\n<\/div><div class=\"bde-text-2302-158 bde-text\">\nHer Zorlu\u011fu Yenilik\u00e7i Bir F\u0131rsata D\u00f6n\u00fc\u015ft\u00fcr\u00fcn\n<\/div>\n<\/div><div class=\"bde-div-2302-155 bde-div\">\n  \n  \n\t\n\n\n\n<div class=\"bde-button-2302-156 bde-button\">\n    \n                        \n                        \n    \n    \n    \n    \n            \n                    \n            \n            \n\n    \n    \n    \n    \n    \n    <a class=\"breakdance-link button-atom button-atom--custom bde-button__button\" href=\"mailto:info@borasglobal.com\" target=\"_self\" data-type=\"url\"  >\n\n    \n        <span class=\"button-atom__text\">Toplant\u0131 Planlay\u0131n<\/span>\n\n                            \n        \n                <\/a>\n\n    \n\n\n<\/div><div class=\"bde-button-2302-157 bde-button\">\n    \n                        \n                        \n    \n    \n    \n    \n            \n                    \n            \n            \n\n    \n    \n    \n    \n    \n    <a class=\"breakdance-link button-atom button-atom--custom bde-button__button\" href=\"\/tr\/iletisim\" target=\"_self\" data-type=\"url\"  >\n\n    \n        <span class=\"button-atom__text\">Teklif \u0130steyin<\/span>\n\n                            \n        \n                <\/a>\n\n    \n\n\n<\/div>\n<\/div>\n<\/div><\/div>\n<\/section>","protected":false},"excerpt":{"rendered":"<p>Enerji &#038; Do\u011fal Kaynaklar Ger\u00e7ek ba\u015far\u0131, zorluklar\u0131n \u00fcstesinden do\u011fru \u015fekilde gelmekle m\u00fcmk\u00fcnd\u00fcr. Enerji sekt\u00f6r\u00fcn\u00fcn yo\u011fun rekabetinde ve h\u0131zl\u0131 d\u00f6n\u00fc\u015f\u00fcm\u00fcnde \u00f6ne \u00e7\u0131kmak i\u00e7in stratejik zeka, hatas\u0131z uygulama ve yenilik\u00e7i bir vizyon \u015fartt\u0131r. Enerji ve do\u011fal kaynaklar sekt\u00f6r\u00fc, tarihinde g\u00f6r\u00fclmemi\u015f bir d\u00f6n\u00fc\u015f\u00fcm s\u00fcrecinden ge\u00e7iyor. \u0130klim de\u011fi\u015fikli\u011fi, de\u011fi\u015fen t\u00fcketici talepleri ve d\u00fczenleyici bask\u0131lar, i\u015f d\u00fcnyas\u0131 ile toplum aras\u0131ndaki [&hellip;]<\/p>\n","protected":false},"author":1,"featured_media":0,"parent":0,"menu_order":0,"comment_status":"closed","ping_status":"closed","template":"","meta":{"_acf_changed":false,"_breakdance_hide_in_design_set":false,"_breakdance_tags":"","footnotes":""},"class_list":["post-2302","page","type-page","status-publish","hentry"],"acf":[],"_links":{"self":[{"href":"https:\/\/borasglobal.com\/tr\/wp-json\/wp\/v2\/pages\/2302","targetHints":{"allow":["GET"]}}],"collection":[{"href":"https:\/\/borasglobal.com\/tr\/wp-json\/wp\/v2\/pages"}],"about":[{"href":"https:\/\/borasglobal.com\/tr\/wp-json\/wp\/v2\/types\/page"}],"author":[{"embeddable":true,"href":"https:\/\/borasglobal.com\/tr\/wp-json\/wp\/v2\/users\/1"}],"replies":[{"embeddable":true,"href":"https:\/\/borasglobal.com\/tr\/wp-json\/wp\/v2\/comments?post=2302"}],"version-history":[{"count":7,"href":"https:\/\/borasglobal.com\/tr\/wp-json\/wp\/v2\/pages\/2302\/revisions"}],"predecessor-version":[{"id":2835,"href":"https:\/\/borasglobal.com\/tr\/wp-json\/wp\/v2\/pages\/2302\/revisions\/2835"}],"wp:attachment":[{"href":"https:\/\/borasglobal.com\/tr\/wp-json\/wp\/v2\/media?parent=2302"}],"curies":[{"name":"wp","href":"https:\/\/api.w.org\/{rel}","templated":true}]}}