{"id":2304,"date":"2025-09-25T16:56:27","date_gmt":"2025-09-25T13:56:27","guid":{"rendered":"https:\/\/borasglobal.com\/investment-projects\/"},"modified":"2025-10-20T18:16:47","modified_gmt":"2025-10-20T15:16:47","slug":"yatirim-projeleri","status":"publish","type":"page","link":"https:\/\/borasglobal.com\/tr\/yatirim-projeleri\/","title":{"rendered":"Yat\u0131r\u0131m Projeleri"},"content":{"rendered":"<section class=\"bde-section-2304-100 bde-section\">\n  \n  \n\t\n\n\n\n<div class=\"section-container\"><div class=\"bde-div-2304-101 bde-div\">\n  \n  \n\t\n\n\n\n<h1 class=\"bde-heading-2304-102 bde-heading\">\nYat\u0131r\u0131m Projeleri\n<\/h1><div class=\"bde-text-2304-103 bde-text\">\nYat\u0131r\u0131m Projeleri, s\u00fcrd\u00fcr\u00fclebilir b\u00fcy\u00fcmenin yap\u0131 ta\u015f\u0131d\u0131r. Fizibilite \u00e7al\u0131\u015fmalar\u0131ndan finansmana kadar \u015firketler zorlu kararlar, riskler ve payda\u015f beklentileriyle kar\u015f\u0131 kar\u015f\u0131ya kal\u0131r. Boras Global, derin uzmanl\u0131\u011f\u0131yla cesur fikirleri \u00f6l\u00e7\u00fclebilir ve finansmana uygun giri\u015fimlere d\u00f6n\u00fc\u015ft\u00fcr\u00fcr.\n<\/div>\n<\/div><img decoding=\"async\" class=\"bde-image2-2304-104 bde-image2\" src=\"https:\/\/borasglobal.com\/wp-content\/uploads\/2025\/09\/Aerial-view-oil-ship-tanker-at-terminal-sea-port-Large-crud.jpg\" loading=\"lazy\" srcset=\"https:\/\/borasglobal.com\/wp-content\/uploads\/2025\/09\/Aerial-view-oil-ship-tanker-at-terminal-sea-port-Large-crud.jpg 2300w, https:\/\/borasglobal.com\/wp-content\/uploads\/2025\/09\/Aerial-view-oil-ship-tanker-at-terminal-sea-port-Large-crud-800x449.jpg 800w, https:\/\/borasglobal.com\/wp-content\/uploads\/2025\/09\/Aerial-view-oil-ship-tanker-at-terminal-sea-port-Large-crud-1200x674.jpg 1200w, https:\/\/borasglobal.com\/wp-content\/uploads\/2025\/09\/Aerial-view-oil-ship-tanker-at-terminal-sea-port-Large-crud-768x431.jpg 768w, https:\/\/borasglobal.com\/wp-content\/uploads\/2025\/09\/Aerial-view-oil-ship-tanker-at-terminal-sea-port-Large-crud-1536x863.jpg 1536w, https:\/\/borasglobal.com\/wp-content\/uploads\/2025\/09\/Aerial-view-oil-ship-tanker-at-terminal-sea-port-Large-crud-2048x1150.jpg 2048w\" sizes=\"(max-width: 2300px) 100vw, 2300px\" alt=\"\"><div class=\"bde-text-2304-105 bde-text\">\n\u0130ster yeni bir tesis kurun, ister yeni pazarlara a\u00e7\u0131l\u0131n, ister altyap\u0131n\u0131z\u0131 geli\u015ftirin; yat\u0131r\u0131m projeleri titiz planlama ve net bir stratejik yol haritas\u0131 gerektirir. Ba\u015far\u0131, finansal, operasyonel ve reg\u00fclasyonel s\u00fcre\u00e7lerin ilk g\u00fcnden itibaren uyum i\u00e7inde ilerlemesine ba\u011fl\u0131d\u0131r.<br><br>Boras Global, yat\u0131r\u0131m projelerinizin her a\u015famas\u0131nda fizibilite \u00e7al\u0131\u015fmalar\u0131ndan finansmana, yap\u0131land\u0131rmadan uygulamaya kadar yan\u0131n\u0131zdad\u0131r. Sekt\u00f6rel uzmanl\u0131\u011f\u0131m\u0131z\u0131, finansal deneyimimizi ve k\u00fcresel en iyi uygulamalar\u0131 birle\u015ftirerek projelerinizi \u00f6l\u00e7\u00fclebilir sonu\u00e7lara d\u00f6n\u00fc\u015ft\u00fcr\u00fcyoruz.\n<\/div><\/div>\n<\/section><section class=\"bde-section-2304-106 bde-section\">\n  \n  \n\t\n\n\n\n<div class=\"section-container\"><div class=\"bde-div-2304-107 bde-div\">\n  \n  \n\t\n\n\n\n<h2 class=\"bde-heading-2304-108 bde-heading\">\nAvantajlar & Fark Yaratan Noktalar\n<\/h2>\n<\/div><div class=\"bde-grid-2304-109 bde-grid\">\n  \n  \n\t\n\n\n\n<div class=\"bde-div-2304-110 bde-div\">\n  \n  \n\t\n\n\n\n<div class=\"bde-rich-text-2304-111 bde-rich-text breakdance-rich-text-styles\">\n<p><strong data-start=\"530\" data-end=\"557\">Fizibilite ve De\u011ferleme<\/strong>: Teknik, ticari ve finansal a\u00e7\u0131dan uygulanabilirli\u011fi analiz ederek do\u011fru yat\u0131r\u0131m kararlar\u0131 alman\u0131za yard\u0131mc\u0131 oluyoruz.<\/p><p><strong data-start=\"681\" data-end=\"714\">Proje Finansman\u0131 Dan\u0131\u015fmanl\u0131\u011f\u0131<\/strong>: Uygun finansman stratejileri geli\u015ftiriyor, sermaye kaynaklar\u0131n\u0131 tespit ediyor ve m\u00fczakere s\u00fcre\u00e7lerinde size destek oluyoruz.<\/p><p><strong data-start=\"845\" data-end=\"876\">Risk ve Senaryo Modellemesi<\/strong>: Piyasa, reg\u00fclasyon ve operasyonel riskleri de\u011ferlendirerek projeleriniz i\u00e7in dayan\u0131kl\u0131 ve s\u00fcrd\u00fcr\u00fclebilir planlar haz\u0131rl\u0131yoruz.<\/p>\n<\/div>\n<\/div><div class=\"bde-div-2304-112 bde-div\">\n  \n  \n\t\n\n\n\n<div class=\"bde-rich-text-2304-113 bde-rich-text breakdance-rich-text-styles\">\n<p><strong data-start=\"469\" data-end=\"494\">Payda\u015f Uyumland\u0131rmas\u0131<\/strong>: T\u00fcm i\u00e7 ve d\u0131\u015f payda\u015flar\u0131n aktif \u015fekilde s\u00fcrece kat\u0131lmas\u0131n\u0131 sa\u011flayarak, ortak hedeflere tam uyum kazand\u0131r\u0131yoruz.<\/p><p><strong data-start=\"612\" data-end=\"635\">Uygulama Planlamas\u0131<\/strong>: Projelerinizi ba\u015far\u0131yla hayata ge\u00e7irmek i\u00e7in ayr\u0131nt\u0131l\u0131 yol haritalar\u0131, g\u00fc\u00e7l\u00fc y\u00f6neti\u015fim yap\u0131lar\u0131 ve \u00f6l\u00e7\u00fclebilir performans kriterleri tasarl\u0131yoruz.<\/p><p><strong data-start=\"788\" data-end=\"806\">K\u00fcresel Eri\u015fim<\/strong>: Yerel bilgi birikimini k\u00fcresel deneyimle birle\u015ftirerek, s\u0131n\u0131r \u00f6tesi yat\u0131r\u0131mlar\u0131n\u0131z\u0131 g\u00fcvenle ger\u00e7ekle\u015ftirmenizi destekliyoruz.<\/p>\n<\/div>\n<\/div>\n<\/div><\/div>\n<\/section><section class=\"bde-section-2304-114 bde-section\">\n  \n  \n\t\n\n\n\n<div class=\"section-container\"><div class=\"bde-div-2304-115 bde-div\">\n  \n  \n\t\n\n\n\n<h2 class=\"bde-heading-2304-116 bde-heading\">\nYat\u0131r\u0131m Dan\u0131\u015fmanl\u0131\u011f\u0131 Uzmanl\u0131\u011f\u0131m\u0131z\n<\/h2><div class=\"bde-text-2304-117 bde-text\">\nBoras Global, k\u00fcresel eri\u015fim ve sekt\u00f6rel uzmanl\u0131\u011f\u0131yla \u015firketlere g\u00fcvenle b\u00fcy\u00fcme imk\u00e2n\u0131 sunar. Uzmanl\u0131k alanlar\u0131m\u0131z:\n<\/div>\n<\/div><div class=\"bde-frequently-asked-questions-2304-118 bde-frequently-asked-questions\">\n      <div class=\"bde-faq__item\">\n      <h3 class=\"bde-faq__title-tag\">\n       <button id=\"bde-faq-118-button-1\" aria-expanded=\"false\" aria-controls=\"bde-faq-118-1\" class=\"bde-faq__question js-faq-item\">\n          <span class=\"bde-faq__title\">Fizibilite Analizi & De\u011ferleme<\/span>\n                           <div aria-hidden=\"true\" class=\"bde-faq__icon bde-faq__icon--inactive\">\n                                <svg xmlns=\"http:\/\/www.w3.org\/2000\/svg\" viewBox=\"0 0 448 512\"><!--! Font Awesome Free 6.5.1 by @fontawesome - https:\/\/fontawesome.com License - https:\/\/fontawesome.com\/license\/free (Icons: CC BY 4.0, Fonts: SIL OFL 1.1, Code: MIT License) Copyright 2023 Fonticons, Inc. --><path d=\"M256 80c0-17.7-14.3-32-32-32s-32 14.3-32 32V224H48c-17.7 0-32 14.3-32 32s14.3 32 32 32H192V432c0 17.7 14.3 32 32 32s32-14.3 32-32V288H400c17.7 0 32-14.3 32-32s-14.3-32-32-32H256V80z\"\/><\/svg>\n                            <\/div>\n         \t  <div aria-hidden=\"true\" class=\"bde-faq__icon bde-faq__icon--active\">\n                                <svg xmlns=\"http:\/\/www.w3.org\/2000\/svg\" viewBox=\"0 0 448 512\"><!--! Font Awesome Free 6.5.1 by @fontawesome - https:\/\/fontawesome.com License - https:\/\/fontawesome.com\/license\/free (Icons: CC BY 4.0, Fonts: SIL OFL 1.1, Code: MIT License) Copyright 2023 Fonticons, Inc. --><path d=\"M432 256c0 17.7-14.3 32-32 32L48 288c-17.7 0-32-14.3-32-32s14.3-32 32-32l352 0c17.7 0 32 14.3 32 32z\"\/><\/svg>\n                            <\/div>\n                  <\/button>\n      <\/h3>\n      <div role=\"region\" aria-labelledby=\"bde-faq-118-button-1\" id=\"bde-faq-118-1\" class=\"bde-faq__answer\">\n        <div class=\"bde-faq__answer-content\">\n            <div class=\"breakdance-rich-text-styles\"><ul><li><p>Teknik ve ticari fizibilite analizleri<\/p><\/li><li><p>Finansal modelleme ve yat\u0131r\u0131m getirisi analizi<\/p><\/li><li><p>Pazar ara\u015ft\u0131rmalar\u0131 ve rakiplerle k\u0131yaslama (benchmarking)<\/p><\/li><\/ul><\/div>\n\n                    <\/div>\n      <\/div>\n    <\/div>\n      <div class=\"bde-faq__item\">\n      <h3 class=\"bde-faq__title-tag\">\n       <button id=\"bde-faq-118-button-2\" aria-expanded=\"false\" aria-controls=\"bde-faq-118-2\" class=\"bde-faq__question js-faq-item\">\n          <span class=\"bde-faq__title\">Yat\u0131r\u0131m ve Proje Finansman\u0131 Dan\u0131\u015fmanl\u0131\u011f\u0131<\/span>\n                           <div aria-hidden=\"true\" class=\"bde-faq__icon bde-faq__icon--inactive\">\n                                <svg xmlns=\"http:\/\/www.w3.org\/2000\/svg\" viewBox=\"0 0 448 512\"><!--! Font Awesome Free 6.5.1 by @fontawesome - https:\/\/fontawesome.com License - https:\/\/fontawesome.com\/license\/free (Icons: CC BY 4.0, Fonts: SIL OFL 1.1, Code: MIT License) Copyright 2023 Fonticons, Inc. --><path d=\"M256 80c0-17.7-14.3-32-32-32s-32 14.3-32 32V224H48c-17.7 0-32 14.3-32 32s14.3 32 32 32H192V432c0 17.7 14.3 32 32 32s32-14.3 32-32V288H400c17.7 0 32-14.3 32-32s-14.3-32-32-32H256V80z\"\/><\/svg>\n                            <\/div>\n         \t  <div aria-hidden=\"true\" class=\"bde-faq__icon bde-faq__icon--active\">\n                                <svg xmlns=\"http:\/\/www.w3.org\/2000\/svg\" viewBox=\"0 0 448 512\"><!--! Font Awesome Free 6.5.1 by @fontawesome - https:\/\/fontawesome.com License - https:\/\/fontawesome.com\/license\/free (Icons: CC BY 4.0, Fonts: SIL OFL 1.1, Code: MIT License) Copyright 2023 Fonticons, Inc. --><path d=\"M432 256c0 17.7-14.3 32-32 32L48 288c-17.7 0-32-14.3-32-32s14.3-32 32-32l352 0c17.7 0 32 14.3 32 32z\"\/><\/svg>\n                            <\/div>\n                  <\/button>\n      <\/h3>\n      <div role=\"region\" aria-labelledby=\"bde-faq-118-button-2\" id=\"bde-faq-118-2\" class=\"bde-faq__answer\">\n        <div class=\"bde-faq__answer-content\">\n            <div class=\"breakdance-rich-text-styles\"><ul><li><p>Sermaye yap\u0131s\u0131n\u0131n olu\u015fturulmas\u0131 ve yat\u0131r\u0131mc\u0131 ili\u015fkilerinin y\u00f6netimi<\/p><\/li><li><p>Bor\u00e7\/\u00f6zsermaye modelleme ve sendikasyon s\u00fcre\u00e7lerinde destek<\/p><\/li><li><p>M\u00fczakere ve s\u00f6zle\u015fme\/dok\u00fcmantasyon s\u00fcre\u00e7lerinde rehberlik<\/p><\/li><\/ul><\/div>\n\n                    <\/div>\n      <\/div>\n    <\/div>\n      <div class=\"bde-faq__item\">\n      <h3 class=\"bde-faq__title-tag\">\n       <button id=\"bde-faq-118-button-3\" aria-expanded=\"false\" aria-controls=\"bde-faq-118-3\" class=\"bde-faq__question js-faq-item\">\n          <span class=\"bde-faq__title\">Stratejik Uygulama Plan\u0131<\/span>\n                           <div aria-hidden=\"true\" class=\"bde-faq__icon bde-faq__icon--inactive\">\n                                <svg xmlns=\"http:\/\/www.w3.org\/2000\/svg\" viewBox=\"0 0 448 512\"><!--! Font Awesome Free 6.5.1 by @fontawesome - https:\/\/fontawesome.com License - https:\/\/fontawesome.com\/license\/free (Icons: CC BY 4.0, Fonts: SIL OFL 1.1, Code: MIT License) Copyright 2023 Fonticons, Inc. --><path d=\"M256 80c0-17.7-14.3-32-32-32s-32 14.3-32 32V224H48c-17.7 0-32 14.3-32 32s14.3 32 32 32H192V432c0 17.7 14.3 32 32 32s32-14.3 32-32V288H400c17.7 0 32-14.3 32-32s-14.3-32-32-32H256V80z\"\/><\/svg>\n                            <\/div>\n         \t  <div aria-hidden=\"true\" class=\"bde-faq__icon bde-faq__icon--active\">\n                                <svg xmlns=\"http:\/\/www.w3.org\/2000\/svg\" viewBox=\"0 0 448 512\"><!--! Font Awesome Free 6.5.1 by @fontawesome - https:\/\/fontawesome.com License - https:\/\/fontawesome.com\/license\/free (Icons: CC BY 4.0, Fonts: SIL OFL 1.1, Code: MIT License) Copyright 2023 Fonticons, Inc. --><path d=\"M432 256c0 17.7-14.3 32-32 32L48 288c-17.7 0-32-14.3-32-32s14.3-32 32-32l352 0c17.7 0 32 14.3 32 32z\"\/><\/svg>\n                            <\/div>\n                  <\/button>\n      <\/h3>\n      <div role=\"region\" aria-labelledby=\"bde-faq-118-button-3\" id=\"bde-faq-118-3\" class=\"bde-faq__answer\">\n        <div class=\"bde-faq__answer-content\">\n            <div class=\"breakdance-rich-text-styles\"><ul><li><p>Y\u00f6neti\u015fim modelleri ve proje y\u00f6netim \u00e7er\u00e7eveleri<\/p><\/li><li><p>Zaman planlamas\u0131 ve kritik kilometre ta\u015flar\u0131n\u0131n belirlenmesi<\/p><\/li><li><p>KPI geli\u015ftirme ve performans\u0131n izlenmesi<\/p><\/li><\/ul><\/div>\n\n                    <\/div>\n      <\/div>\n    <\/div>\n      <div class=\"bde-faq__item\">\n      <h3 class=\"bde-faq__title-tag\">\n       <button id=\"bde-faq-118-button-4\" aria-expanded=\"false\" aria-controls=\"bde-faq-118-4\" class=\"bde-faq__question js-faq-item\">\n          <span class=\"bde-faq__title\">Risk Y\u00f6netimi & Kurumsal Dayan\u0131kl\u0131l\u0131k<\/span>\n                           <div aria-hidden=\"true\" class=\"bde-faq__icon bde-faq__icon--inactive\">\n                                <svg xmlns=\"http:\/\/www.w3.org\/2000\/svg\" viewBox=\"0 0 448 512\"><!--! Font Awesome Free 6.5.1 by @fontawesome - https:\/\/fontawesome.com License - https:\/\/fontawesome.com\/license\/free (Icons: CC BY 4.0, Fonts: SIL OFL 1.1, Code: MIT License) Copyright 2023 Fonticons, Inc. --><path d=\"M256 80c0-17.7-14.3-32-32-32s-32 14.3-32 32V224H48c-17.7 0-32 14.3-32 32s14.3 32 32 32H192V432c0 17.7 14.3 32 32 32s32-14.3 32-32V288H400c17.7 0 32-14.3 32-32s-14.3-32-32-32H256V80z\"\/><\/svg>\n                            <\/div>\n         \t  <div aria-hidden=\"true\" class=\"bde-faq__icon bde-faq__icon--active\">\n                                <svg xmlns=\"http:\/\/www.w3.org\/2000\/svg\" viewBox=\"0 0 448 512\"><!--! Font Awesome Free 6.5.1 by @fontawesome - https:\/\/fontawesome.com License - https:\/\/fontawesome.com\/license\/free (Icons: CC BY 4.0, Fonts: SIL OFL 1.1, Code: MIT License) Copyright 2023 Fonticons, Inc. --><path d=\"M432 256c0 17.7-14.3 32-32 32L48 288c-17.7 0-32-14.3-32-32s14.3-32 32-32l352 0c17.7 0 32 14.3 32 32z\"\/><\/svg>\n                            <\/div>\n                  <\/button>\n      <\/h3>\n      <div role=\"region\" aria-labelledby=\"bde-faq-118-button-4\" id=\"bde-faq-118-4\" class=\"bde-faq__answer\">\n        <div class=\"bde-faq__answer-content\">\n            <div class=\"breakdance-rich-text-styles\"><ul><li><p>D\u00fczenleyici ve politik risklerin analizi<\/p><\/li><li><p>Senaryo planlamas\u0131 ve stres testleriyle dayan\u0131kl\u0131l\u0131k \u00f6l\u00e7\u00fcm\u00fc<\/p><\/li><li><p>Beklenmedik durumlar i\u00e7in planlama ve risk azaltma stratejileri<\/p><\/li><\/ul><\/div>\n\n                    <\/div>\n      <\/div>\n    <\/div>\n  \n<\/div><\/div>\n<\/section><section class=\"bde-section-2304-132 bde-section\">\n  \n  \n\t\n\n\n\n<div class=\"section-container\"><div class=\"bde-div-2304-133 bde-div\">\n  \n  \n\t\n\n\n\n<h2 class=\"bde-heading-2304-134 bde-heading\">\nG\u00fcncel \u0130\u00e7g\u00f6r\u00fcler & Raporlar\n<\/h2><div class=\"bde-text-2304-135 bde-text\">\nEn son piyasa trendleri, enerji raporlar\u0131 ve sekt\u00f6r analizleriyle her zaman bir ad\u0131m \u00f6nde olun.\n<\/div>\n<\/div><div class=\"bde-div-2304-136 bde-div\">\n  \n  \n\t\n\n\n\n<div class=\"bde-post-loop-2304-137 bde-post-loop phox-facets-target phox-facets-target-default\"><div class=\"bde-loop bde-loop-grid ee-posts ee-posts-grid\">    <article class=\"bde-loop-item ee-post\">\n        <a class=\"bde-container-link-2408-100-2391-2408-1 bde-container-link bde-container-link-2408-100 breakdance-link\" href=\"https:\/\/borasglobal.com\/tr\/guneydogu-asyanin-enerji-gelecegi-artan-talep-yeni-firsatlar\/\" target=\"_self\" data-type=\"url\">\n  \n  \n\t\n\n\n\n<style>.breakdance .bde-div-2408-103-2391-2408-1{background-color:#E3F3FF;background-image:url(https:\/\/borasglobal.com\/wp-content\/uploads\/2025\/08\/Solar-panel-on-blue-sky-background2.jpg);background-size:cover;background-position:center center}<\/style><div class=\"bde-div-2408-103-2391-2408-1 bde-div bde-div-2408-103\">\n  \n  \n\t\n\n\n\n<div class=\"bde-div-2408-107-2391-2408-1 bde-div bde-div-2408-107\">\n              \n  \n  \n\t\n\n\n\n<div class=\"bde-div-2408-104-2391-2408-1 bde-div bde-div-2408-104\">\n  \n  \n\t\n\n\n\n<h3 class=\"bde-heading-2408-102-2391-2408-1 bde-heading bde-heading-2408-102\">\nG\u00fcneydo\u011fu Asya\u2019n\u0131n Enerji Gelece\u011fi: Artan Talep, Yeni F\u0131rsatlar\n<\/h3>\n<\/div><div class=\"bde-div-2408-105-2391-2408-1 bde-div bde-div-2408-105\">\n  \n  \n\t\n\n\n\n<div class=\"bde-button-2408-106-2391-2408-1 bde-button bde-button-2408-106\">\n    \n                        \n                        \n    \n    \n    \n    \n            \n                    \n            \n            \n\n    \n    \n    \n    \n    \n    <a class=\"breakdance-link button-atom button-atom--custom bde-button__button\" href=\"https:\/\/borasglobal.com\/tr\/guneydogu-asyanin-enerji-gelecegi-artan-talep-yeni-firsatlar\/\" target=\"_self\" data-type=\"url\"  >\n\n    \n        <span class=\"button-atom__text\">Ayr\u0131nt\u0131lar\u0131 \u0130ncele<\/span>\n\n                            \n        \n                <\/a>\n\n    \n\n\n<\/div>\n<\/div>\n<\/div>\n<\/div>\n\n<\/a>    <\/article>\n    <article class=\"bde-loop-item ee-post\">\n        <a class=\"bde-container-link-2408-100-2477-2408-1 bde-container-link bde-container-link-2408-100 breakdance-link\" href=\"https:\/\/borasglobal.com\/tr\/gunes-ve-depolama-deneme-projelerinden-yarinin-enerji-altyapisina\/\" target=\"_self\" data-type=\"url\">\n  \n  \n\t\n\n\n\n<style>.breakdance .bde-div-2408-103-2477-2408-1{background-color:#E3F3FF;background-image:url(https:\/\/borasglobal.com\/wp-content\/uploads\/2025\/09\/Solar-Energy-Farm-in-Fields-3.jpg);background-size:cover;background-position:center center}<\/style><div class=\"bde-div-2408-103-2477-2408-1 bde-div bde-div-2408-103\">\n  \n  \n\t\n\n\n\n<div class=\"bde-div-2408-107-2477-2408-1 bde-div bde-div-2408-107\">\n              \n  \n  \n\t\n\n\n\n<div class=\"bde-div-2408-104-2477-2408-1 bde-div bde-div-2408-104\">\n  \n  \n\t\n\n\n\n<h3 class=\"bde-heading-2408-102-2477-2408-1 bde-heading bde-heading-2408-102\">\nG\u00fcne\u015f ve Depolama: Deneme Projelerinden Yar\u0131n\u0131n Enerji Altyap\u0131s\u0131na\n<\/h3>\n<\/div><div class=\"bde-div-2408-105-2477-2408-1 bde-div bde-div-2408-105\">\n  \n  \n\t\n\n\n\n<div class=\"bde-button-2408-106-2477-2408-1 bde-button bde-button-2408-106\">\n    \n                        \n                        \n    \n    \n    \n    \n            \n                    \n            \n            \n\n    \n    \n    \n    \n    \n    <a class=\"breakdance-link button-atom button-atom--custom bde-button__button\" href=\"https:\/\/borasglobal.com\/tr\/gunes-ve-depolama-deneme-projelerinden-yarinin-enerji-altyapisina\/\" target=\"_self\" data-type=\"url\"  >\n\n    \n        <span class=\"button-atom__text\">Ayr\u0131nt\u0131lar\u0131 \u0130ncele<\/span>\n\n                            \n        \n                <\/a>\n\n    \n\n\n<\/div>\n<\/div>\n<\/div>\n<\/div>\n\n<\/a>    <\/article>\n    <article class=\"bde-loop-item ee-post\">\n        <a class=\"bde-container-link-2408-100-2474-2408-1 bde-container-link bde-container-link-2408-100 breakdance-link\" href=\"https:\/\/borasglobal.com\/tr\/kuresel-yenilenebilir-enerji-zirvesi-2025-vizyondan-eyleme\/\" target=\"_self\" data-type=\"url\">\n  \n  \n\t\n\n\n\n<style>.breakdance .bde-div-2408-103-2474-2408-1{background-color:#E3F3FF;background-image:url(https:\/\/borasglobal.com\/wp-content\/uploads\/2025\/08\/Global-Renewables-Summit-2025-From-Vision-to-Action.jpg);background-size:cover;background-position:center center}<\/style><div class=\"bde-div-2408-103-2474-2408-1 bde-div bde-div-2408-103\">\n  \n  \n\t\n\n\n\n<div class=\"bde-div-2408-107-2474-2408-1 bde-div bde-div-2408-107\">\n              \n  \n  \n\t\n\n\n\n<div class=\"bde-div-2408-104-2474-2408-1 bde-div bde-div-2408-104\">\n  \n  \n\t\n\n\n\n<h3 class=\"bde-heading-2408-102-2474-2408-1 bde-heading bde-heading-2408-102\">\nK\u00fcresel Yenilenebilir Enerji Zirvesi 2025: Vizyon\u2019dan Eyleme\n<\/h3>\n<\/div><div class=\"bde-div-2408-105-2474-2408-1 bde-div bde-div-2408-105\">\n  \n  \n\t\n\n\n\n<div class=\"bde-button-2408-106-2474-2408-1 bde-button bde-button-2408-106\">\n    \n                        \n                        \n    \n    \n    \n    \n            \n                    \n            \n            \n\n    \n    \n    \n    \n    \n    <a class=\"breakdance-link button-atom button-atom--custom bde-button__button\" href=\"https:\/\/borasglobal.com\/tr\/kuresel-yenilenebilir-enerji-zirvesi-2025-vizyondan-eyleme\/\" target=\"_self\" data-type=\"url\"  >\n\n    \n        <span class=\"button-atom__text\">Ayr\u0131nt\u0131lar\u0131 \u0130ncele<\/span>\n\n                            \n        \n                <\/a>\n\n    \n\n\n<\/div>\n<\/div>\n<\/div>\n<\/div>\n\n<\/a>    <\/article>\n<\/div>\r\n<\/div>\n<\/div><\/div>\n<\/section><section class=\"bde-section-2304-138 bde-section\">\n  \n  \n\t\n\n\n\n<div class=\"section-container\"><div class=\"bde-div-2304-139 bde-div\">\n  \n  \n\t\n\n\n\n<div class=\"bde-div-2304-140 bde-div\">\n  \n  \n\t\n\n\n\n<div class=\"bde-text-2304-141 bde-text\">\n\u0130leti\u015fim\n<\/div><div class=\"bde-text-2304-146 bde-text\">\nStratejinizi ba\u015far\u0131ya nas\u0131l d\u00f6n\u00fc\u015ft\u00fcrebilece\u011finizi birlikte ke\u015ffedelim.\n<\/div>\n<\/div><div class=\"bde-div-2304-143 bde-div\">\n  \n  \n\t\n\n\n\n<div class=\"bde-button-2304-144 bde-button\">\n    \n                        \n                        \n    \n    \n    \n    \n            \n                    \n            \n            \n\n    \n    \n    \n    \n    \n    <a class=\"breakdance-link button-atom button-atom--custom bde-button__button\" href=\"mailto:info@borasglobal.com\" target=\"_self\" data-type=\"url\"  >\n\n    \n        <span class=\"button-atom__text\">Toplant\u0131 Planlay\u0131n<\/span>\n\n                            \n        \n                <\/a>\n\n    \n\n\n<\/div><div class=\"bde-button-2304-145 bde-button\">\n    \n                        \n                        \n    \n    \n    \n    \n            \n                    \n            \n            \n\n    \n    \n    \n    \n    \n    <a class=\"breakdance-link button-atom button-atom--custom bde-button__button\" href=\"\/tr\/iletisim\" target=\"_self\" data-type=\"url\"  >\n\n    \n        <span class=\"button-atom__text\">Teklif \u0130steyin<\/span>\n\n                            \n        \n                <\/a>\n\n    \n\n\n<\/div>\n<\/div>\n<\/div><\/div>\n<\/section>","protected":false},"excerpt":{"rendered":"<p>Yat\u0131r\u0131m Projeleri Yat\u0131r\u0131m Projeleri, s\u00fcrd\u00fcr\u00fclebilir b\u00fcy\u00fcmenin yap\u0131 ta\u015f\u0131d\u0131r. Fizibilite \u00e7al\u0131\u015fmalar\u0131ndan finansmana kadar \u015firketler zorlu kararlar, riskler ve payda\u015f beklentileriyle kar\u015f\u0131 kar\u015f\u0131ya kal\u0131r. Boras Global, derin uzmanl\u0131\u011f\u0131yla cesur fikirleri \u00f6l\u00e7\u00fclebilir ve finansmana uygun giri\u015fimlere d\u00f6n\u00fc\u015ft\u00fcr\u00fcr. \u0130ster yeni bir tesis kurun, ister yeni pazarlara a\u00e7\u0131l\u0131n, ister altyap\u0131n\u0131z\u0131 geli\u015ftirin; yat\u0131r\u0131m projeleri titiz planlama ve net bir stratejik yol [&hellip;]<\/p>\n","protected":false},"author":1,"featured_media":0,"parent":0,"menu_order":0,"comment_status":"closed","ping_status":"closed","template":"","meta":{"_acf_changed":false,"_breakdance_hide_in_design_set":false,"_breakdance_tags":"","footnotes":""},"class_list":["post-2304","page","type-page","status-publish","hentry"],"acf":[],"_links":{"self":[{"href":"https:\/\/borasglobal.com\/tr\/wp-json\/wp\/v2\/pages\/2304","targetHints":{"allow":["GET"]}}],"collection":[{"href":"https:\/\/borasglobal.com\/tr\/wp-json\/wp\/v2\/pages"}],"about":[{"href":"https:\/\/borasglobal.com\/tr\/wp-json\/wp\/v2\/types\/page"}],"author":[{"embeddable":true,"href":"https:\/\/borasglobal.com\/tr\/wp-json\/wp\/v2\/users\/1"}],"replies":[{"embeddable":true,"href":"https:\/\/borasglobal.com\/tr\/wp-json\/wp\/v2\/comments?post=2304"}],"version-history":[{"count":9,"href":"https:\/\/borasglobal.com\/tr\/wp-json\/wp\/v2\/pages\/2304\/revisions"}],"predecessor-version":[{"id":2862,"href":"https:\/\/borasglobal.com\/tr\/wp-json\/wp\/v2\/pages\/2304\/revisions\/2862"}],"wp:attachment":[{"href":"https:\/\/borasglobal.com\/tr\/wp-json\/wp\/v2\/media?parent=2304"}],"curies":[{"name":"wp","href":"https:\/\/api.w.org\/{rel}","templated":true}]}}