{"id":2305,"date":"2025-09-25T17:26:39","date_gmt":"2025-09-25T14:26:39","guid":{"rendered":"https:\/\/borasglobal.com\/market-advisory\/"},"modified":"2025-10-20T18:47:15","modified_gmt":"2025-10-20T15:47:15","slug":"piyasa-danismanligi","status":"publish","type":"page","link":"https:\/\/borasglobal.com\/tr\/piyasa-danismanligi\/","title":{"rendered":"Piyasa Dan\u0131\u015fmanl\u0131\u011f\u0131"},"content":{"rendered":"<section class=\"bde-section-2305-100 bde-section\">\n  \n  \n\t\n\n\n\n<div class=\"section-container\"><div class=\"bde-div-2305-101 bde-div\">\n  \n  \n\t\n\n\n\n<h1 class=\"bde-heading-2305-102 bde-heading\">\nPiyasa Dan\u0131\u015fmanl\u0131\u011f\u0131\n<\/h1><div class=\"bde-text-2305-103 bde-text\">\nPiyasa dan\u0131\u015fmanl\u0131\u011f\u0131, karma\u015fay\u0131 netli\u011fe d\u00f6n\u00fc\u015ft\u00fcr\u00fcyor. S\u00fcrekli de\u011fi\u015fen talep, geli\u015fen d\u00fczenlemeler ve yo\u011fun rekabet ortam\u0131nda, \u015firketlerin emin ad\u0131mlar atabilmesi i\u00e7in derin ve keskin i\u00e7g\u00f6r\u00fclere ihtiya\u00e7 var. Boras Global, stratejik b\u00fcy\u00fcmeyi h\u0131zland\u0131ran analitik zek\u00e2y\u0131 ve \u00f6ng\u00f6r\u00fcleri sunuyor.\n<\/div>\n<\/div><img decoding=\"async\" class=\"bde-image2-2305-104 bde-image2\" src=\"https:\/\/borasglobal.com\/wp-content\/uploads\/2025\/09\/Aerial-view-oil-ship-tanker-at-terminal-sea-port-Large-crud.jpg\" loading=\"lazy\" srcset=\"https:\/\/borasglobal.com\/wp-content\/uploads\/2025\/09\/Aerial-view-oil-ship-tanker-at-terminal-sea-port-Large-crud.jpg 2300w, https:\/\/borasglobal.com\/wp-content\/uploads\/2025\/09\/Aerial-view-oil-ship-tanker-at-terminal-sea-port-Large-crud-800x449.jpg 800w, https:\/\/borasglobal.com\/wp-content\/uploads\/2025\/09\/Aerial-view-oil-ship-tanker-at-terminal-sea-port-Large-crud-1200x674.jpg 1200w, https:\/\/borasglobal.com\/wp-content\/uploads\/2025\/09\/Aerial-view-oil-ship-tanker-at-terminal-sea-port-Large-crud-768x431.jpg 768w, https:\/\/borasglobal.com\/wp-content\/uploads\/2025\/09\/Aerial-view-oil-ship-tanker-at-terminal-sea-port-Large-crud-1536x863.jpg 1536w, https:\/\/borasglobal.com\/wp-content\/uploads\/2025\/09\/Aerial-view-oil-ship-tanker-at-terminal-sea-port-Large-crud-2048x1150.jpg 2048w\" sizes=\"(max-width: 2300px) 100vw, 2300px\" alt=\"\"><div class=\"bde-text-2305-105 bde-text\">\nPiyasa s\u00fcrekli de\u011fi\u015fiyor; t\u00fcketici davran\u0131\u015flar\u0131, politika reformlar\u0131 ve k\u00fcresel trendler bu d\u00f6n\u00fc\u015f\u00fcm\u00fcn motoru. \u0130ster yeni bir pazara giri\u015f yap\u0131yor olun, ister yeni bir \u00fcr\u00fcn lansman\u0131 planl\u0131yor olun, do\u011fru kararlar alabilmek i\u00e7in bu dinamikleri anlamak \u015fart.<br><br>Boras Global, detayl\u0131 pazar analizi, g\u00fcvenilir talep tahminleri ve g\u00fc\u00e7l\u00fc rekabet zek\u00e2s\u0131 ile \u015firketlere yol g\u00f6sterir. Veriyi stratejik bak\u0131\u015f a\u00e7\u0131s\u0131yla birle\u015ftirerek, sonraki hamlenizi g\u00fcvenle atman\u0131z i\u00e7in netlik ve y\u00f6n sunuyoruz.\n<\/div><\/div>\n<\/section><section class=\"bde-section-2305-106 bde-section\">\n  \n  \n\t\n\n\n\n<div class=\"section-container\"><div class=\"bde-div-2305-107 bde-div\">\n  \n  \n\t\n\n\n\n<h2 class=\"bde-heading-2305-108 bde-heading\">\nAvantajlar & Fark Yaratan Noktalar\n<\/h2>\n<\/div><div class=\"bde-grid-2305-109 bde-grid\">\n  \n  \n\t\n\n\n\n<div class=\"bde-div-2305-110 bde-div\">\n  \n  \n\t\n\n\n\n<div class=\"bde-rich-text-2305-111 bde-rich-text breakdance-rich-text-styles\">\n<p><strong>Piyasa \u00d6l\u00e7\u00fcmleme &amp; Tahminleme: <\/strong>Farkl\u0131 segment ve b\u00f6lgelerdeki f\u0131rsatlar\u0131 rakamlarla ortaya koyuyor, g\u00fcvenilir talep projeksiyonlar\u0131 sunuyoruz.<\/p><p><strong>Fiyatland\u0131rma &amp; Reg\u00fclasyon Analizi:<\/strong> Fiyat dinamiklerini, maliyet yap\u0131s\u0131n\u0131 ve reg\u00fclasyonlar\u0131n etkilerini de\u011ferlendirerek stratejinize sa\u011flam bir temel olu\u015fturuyoruz.<\/p><p><strong>Rekabet \u0130stihbarat\u0131:<\/strong> Rakiplerin ad\u0131mlar\u0131n\u0131, g\u00fc\u00e7l\u00fc y\u00f6nlerini ve k\u0131r\u0131lganl\u0131klar\u0131n\u0131 analiz ederek, \u015firketinizin konumunu g\u00fc\u00e7lendiriyoruz.<\/p>\n<\/div>\n<\/div><div class=\"bde-div-2305-112 bde-div\">\n  \n  \n\t\n\n\n\n<div class=\"bde-rich-text-2305-113 bde-rich-text breakdance-rich-text-styles\">\n<p><strong>Politika &amp; Trend Takibi:<\/strong> Makroekonomik geli\u015fmeleri, teknolojik ilerlemeleri ve politika de\u011fi\u015fimlerini s\u00fcrekli izleyerek pazar\u0131n\u0131z\u0131 etkileyebilecek e\u011filimleri \u00f6nceden belirliyoruz.<\/p><p><strong>Yerelle\u015ftirme Stratejisi:<\/strong> Global i\u00e7g\u00f6r\u00fcleri yerel ba\u011flamlara adapte ediyor, her b\u00f6lgenin ko\u015fullar\u0131na uygun stratejik yol haritalar\u0131 sunuyoruz.<\/p><p><strong>Eyleme D\u00f6n\u00fck Raporlama:<\/strong> Net, anla\u015f\u0131l\u0131r ve karar s\u00fcre\u00e7lerine do\u011frudan katk\u0131 sa\u011flayacak raporlar ile somut \u00f6neriler sunuyoruz.<\/p>\n<\/div>\n<\/div>\n<\/div><\/div>\n<\/section><section class=\"bde-section-2305-114 bde-section\">\n  \n  \n\t\n\n\n\n<div class=\"section-container\"><div class=\"bde-div-2305-115 bde-div\">\n  \n  \n\t\n\n\n\n<h2 class=\"bde-heading-2305-116 bde-heading\">\nPiyasa Dan\u0131\u015fmanl\u0131\u011f\u0131 Alan\u0131ndaki Uzmanl\u0131\u011f\u0131m\u0131z\n<\/h2><div class=\"bde-text-2305-117 bde-text\">\nK\u00fcresel eri\u015fim ve sekt\u00f6re \u00f6zg\u00fc derinlik ile Boras Global, \u015firketlerin pazarlarda g\u00fcvenle hareket etmesini sa\u011flar. Uzmanl\u0131\u011f\u0131m\u0131z \u015funlar\u0131 kapsar:\n<\/div>\n<\/div><div class=\"bde-frequently-asked-questions-2305-118 bde-frequently-asked-questions\">\n      <div class=\"bde-faq__item\">\n      <h3 class=\"bde-faq__title-tag\">\n       <button id=\"bde-faq-118-button-1\" aria-expanded=\"false\" aria-controls=\"bde-faq-118-1\" class=\"bde-faq__question js-faq-item\">\n          <span class=\"bde-faq__title\">Pazar B\u00fcy\u00fckl\u00fc\u011f\u00fc & Talep Tahminleri<\/span>\n                           <div aria-hidden=\"true\" class=\"bde-faq__icon bde-faq__icon--inactive\">\n                                <svg xmlns=\"http:\/\/www.w3.org\/2000\/svg\" viewBox=\"0 0 448 512\"><!--! Font Awesome Free 6.5.1 by @fontawesome - https:\/\/fontawesome.com License - https:\/\/fontawesome.com\/license\/free (Icons: CC BY 4.0, Fonts: SIL OFL 1.1, Code: MIT License) Copyright 2023 Fonticons, Inc. --><path d=\"M256 80c0-17.7-14.3-32-32-32s-32 14.3-32 32V224H48c-17.7 0-32 14.3-32 32s14.3 32 32 32H192V432c0 17.7 14.3 32 32 32s32-14.3 32-32V288H400c17.7 0 32-14.3 32-32s-14.3-32-32-32H256V80z\"\/><\/svg>\n                            <\/div>\n         \t  <div aria-hidden=\"true\" class=\"bde-faq__icon bde-faq__icon--active\">\n                                <svg xmlns=\"http:\/\/www.w3.org\/2000\/svg\" viewBox=\"0 0 448 512\"><!--! Font Awesome Free 6.5.1 by @fontawesome - https:\/\/fontawesome.com License - https:\/\/fontawesome.com\/license\/free (Icons: CC BY 4.0, Fonts: SIL OFL 1.1, Code: MIT License) Copyright 2023 Fonticons, Inc. --><path d=\"M432 256c0 17.7-14.3 32-32 32L48 288c-17.7 0-32-14.3-32-32s14.3-32 32-32l352 0c17.7 0 32 14.3 32 32z\"\/><\/svg>\n                            <\/div>\n                  <\/button>\n      <\/h3>\n      <div role=\"region\" aria-labelledby=\"bde-faq-118-button-1\" id=\"bde-faq-118-1\" class=\"bde-faq__answer\">\n        <div class=\"bde-faq__answer-content\">\n            <div class=\"breakdance-rich-text-styles\"><ul><li><p>TAM\/SAM\/SOM modellemesi<\/p><\/li><li><p>B\u00fcy\u00fcme projeksiyonlar\u0131 ve senaryo planlamas\u0131<\/p><\/li><li><p>T\u00fcketici ve end\u00fcstriyel talep analizi<\/p><\/li><\/ul><\/div>\n\n                    <\/div>\n      <\/div>\n    <\/div>\n      <div class=\"bde-faq__item\">\n      <h3 class=\"bde-faq__title-tag\">\n       <button id=\"bde-faq-118-button-2\" aria-expanded=\"false\" aria-controls=\"bde-faq-118-2\" class=\"bde-faq__question js-faq-item\">\n          <span class=\"bde-faq__title\">Fiyatland\u0131rma & D\u00fczenleme Analizi<\/span>\n                           <div aria-hidden=\"true\" class=\"bde-faq__icon bde-faq__icon--inactive\">\n                                <svg xmlns=\"http:\/\/www.w3.org\/2000\/svg\" viewBox=\"0 0 448 512\"><!--! Font Awesome Free 6.5.1 by @fontawesome - https:\/\/fontawesome.com License - https:\/\/fontawesome.com\/license\/free (Icons: CC BY 4.0, Fonts: SIL OFL 1.1, Code: MIT License) Copyright 2023 Fonticons, Inc. --><path d=\"M256 80c0-17.7-14.3-32-32-32s-32 14.3-32 32V224H48c-17.7 0-32 14.3-32 32s14.3 32 32 32H192V432c0 17.7 14.3 32 32 32s32-14.3 32-32V288H400c17.7 0 32-14.3 32-32s-14.3-32-32-32H256V80z\"\/><\/svg>\n                            <\/div>\n         \t  <div aria-hidden=\"true\" class=\"bde-faq__icon bde-faq__icon--active\">\n                                <svg xmlns=\"http:\/\/www.w3.org\/2000\/svg\" viewBox=\"0 0 448 512\"><!--! Font Awesome Free 6.5.1 by @fontawesome - https:\/\/fontawesome.com License - https:\/\/fontawesome.com\/license\/free (Icons: CC BY 4.0, Fonts: SIL OFL 1.1, Code: MIT License) Copyright 2023 Fonticons, Inc. --><path d=\"M432 256c0 17.7-14.3 32-32 32L48 288c-17.7 0-32-14.3-32-32s14.3-32 32-32l352 0c17.7 0 32 14.3 32 32z\"\/><\/svg>\n                            <\/div>\n                  <\/button>\n      <\/h3>\n      <div role=\"region\" aria-labelledby=\"bde-faq-118-button-2\" id=\"bde-faq-118-2\" class=\"bde-faq__answer\">\n        <div class=\"bde-faq__answer-content\">\n            <div class=\"breakdance-rich-text-styles\"><ul><li><p>Fiyat Esnekli\u011fi ve K\u00e2rl\u0131l\u0131k Analizi<\/p><\/li><li><p>Reg\u00fclasyonlar\u0131n Haritalanmas\u0131 ve Etki De\u011ferlendirmesi<\/p><\/li><li><p>Tarifeler, Te\u015fvikler ve S\u00fcbvansiyon Analizi<\/p><\/li><\/ul><\/div>\n\n                    <\/div>\n      <\/div>\n    <\/div>\n      <div class=\"bde-faq__item\">\n      <h3 class=\"bde-faq__title-tag\">\n       <button id=\"bde-faq-118-button-3\" aria-expanded=\"false\" aria-controls=\"bde-faq-118-3\" class=\"bde-faq__question js-faq-item\">\n          <span class=\"bde-faq__title\">Rekabet Analiti\u011fi<\/span>\n                           <div aria-hidden=\"true\" class=\"bde-faq__icon bde-faq__icon--inactive\">\n                                <svg xmlns=\"http:\/\/www.w3.org\/2000\/svg\" viewBox=\"0 0 448 512\"><!--! Font Awesome Free 6.5.1 by @fontawesome - https:\/\/fontawesome.com License - https:\/\/fontawesome.com\/license\/free (Icons: CC BY 4.0, Fonts: SIL OFL 1.1, Code: MIT License) Copyright 2023 Fonticons, Inc. --><path d=\"M256 80c0-17.7-14.3-32-32-32s-32 14.3-32 32V224H48c-17.7 0-32 14.3-32 32s14.3 32 32 32H192V432c0 17.7 14.3 32 32 32s32-14.3 32-32V288H400c17.7 0 32-14.3 32-32s-14.3-32-32-32H256V80z\"\/><\/svg>\n                            <\/div>\n         \t  <div aria-hidden=\"true\" class=\"bde-faq__icon bde-faq__icon--active\">\n                                <svg xmlns=\"http:\/\/www.w3.org\/2000\/svg\" viewBox=\"0 0 448 512\"><!--! Font Awesome Free 6.5.1 by @fontawesome - https:\/\/fontawesome.com License - https:\/\/fontawesome.com\/license\/free (Icons: CC BY 4.0, Fonts: SIL OFL 1.1, Code: MIT License) Copyright 2023 Fonticons, Inc. --><path d=\"M432 256c0 17.7-14.3 32-32 32L48 288c-17.7 0-32-14.3-32-32s14.3-32 32-32l352 0c17.7 0 32 14.3 32 32z\"\/><\/svg>\n                            <\/div>\n                  <\/button>\n      <\/h3>\n      <div role=\"region\" aria-labelledby=\"bde-faq-118-button-3\" id=\"bde-faq-118-3\" class=\"bde-faq__answer\">\n        <div class=\"bde-faq__answer-content\">\n            <div class=\"breakdance-rich-text-styles\"><ul><li><p>K\u0131yaslama ve SWOT Analizi<\/p><\/li><li><p>Rakip Stratejisi ve \u00dcr\u00fcn Takibi<\/p><\/li><li><p>Pazar Pay\u0131 ve Konumland\u0131rma \u00c7al\u0131\u015fmalar\u0131<\/p><\/li><\/ul><\/div>\n\n                    <\/div>\n      <\/div>\n    <\/div>\n      <div class=\"bde-faq__item\">\n      <h3 class=\"bde-faq__title-tag\">\n       <button id=\"bde-faq-118-button-4\" aria-expanded=\"false\" aria-controls=\"bde-faq-118-4\" class=\"bde-faq__question js-faq-item\">\n          <span class=\"bde-faq__title\">Stratejik Raporlama ve Analiz<\/span>\n                           <div aria-hidden=\"true\" class=\"bde-faq__icon bde-faq__icon--inactive\">\n                                <svg xmlns=\"http:\/\/www.w3.org\/2000\/svg\" viewBox=\"0 0 448 512\"><!--! Font Awesome Free 6.5.1 by @fontawesome - https:\/\/fontawesome.com License - https:\/\/fontawesome.com\/license\/free (Icons: CC BY 4.0, Fonts: SIL OFL 1.1, Code: MIT License) Copyright 2023 Fonticons, Inc. --><path d=\"M256 80c0-17.7-14.3-32-32-32s-32 14.3-32 32V224H48c-17.7 0-32 14.3-32 32s14.3 32 32 32H192V432c0 17.7 14.3 32 32 32s32-14.3 32-32V288H400c17.7 0 32-14.3 32-32s-14.3-32-32-32H256V80z\"\/><\/svg>\n                            <\/div>\n         \t  <div aria-hidden=\"true\" class=\"bde-faq__icon bde-faq__icon--active\">\n                                <svg xmlns=\"http:\/\/www.w3.org\/2000\/svg\" viewBox=\"0 0 448 512\"><!--! Font Awesome Free 6.5.1 by @fontawesome - https:\/\/fontawesome.com License - https:\/\/fontawesome.com\/license\/free (Icons: CC BY 4.0, Fonts: SIL OFL 1.1, Code: MIT License) Copyright 2023 Fonticons, Inc. --><path d=\"M432 256c0 17.7-14.3 32-32 32L48 288c-17.7 0-32-14.3-32-32s14.3-32 32-32l352 0c17.7 0 32 14.3 32 32z\"\/><\/svg>\n                            <\/div>\n                  <\/button>\n      <\/h3>\n      <div role=\"region\" aria-labelledby=\"bde-faq-118-button-4\" id=\"bde-faq-118-4\" class=\"bde-faq__answer\">\n        <div class=\"bde-faq__answer-content\">\n            <div class=\"breakdance-rich-text-styles\"><ul><li><p>\u00dcst d\u00fczey panolar ve veri g\u00f6rselle\u015ftirmeleri<\/p><\/li><li><p>Stratejik tavsiyeler ve uygulanabilir yol haritalar\u0131<\/p><\/li><li><p>B\u00f6lgesel uyarlama ve adaptasyon modelleri<\/p><\/li><\/ul><\/div>\n\n                    <\/div>\n      <\/div>\n    <\/div>\n  \n<\/div><\/div>\n<\/section><section class=\"bde-section-2305-132 bde-section\">\n  \n  \n\t\n\n\n\n<div class=\"section-container\"><div class=\"bde-div-2305-133 bde-div\">\n  \n  \n\t\n\n\n\n<h2 class=\"bde-heading-2305-134 bde-heading\">\nG\u00fcncel \u0130\u00e7g\u00f6r\u00fcler & Raporlar\n<\/h2><div class=\"bde-text-2305-135 bde-text\">\nEn son piyasa trendleri, enerji raporlar\u0131 ve sekt\u00f6r analizleriyle her zaman bir ad\u0131m \u00f6nde olun.\n<\/div>\n<\/div><div class=\"bde-div-2305-136 bde-div\">\n  \n  \n\t\n\n\n\n<div class=\"bde-post-loop-2305-137 bde-post-loop phox-facets-target phox-facets-target-default\"><div class=\"bde-loop bde-loop-grid ee-posts ee-posts-grid\">    <article class=\"bde-loop-item ee-post\">\n        <a class=\"bde-container-link-2408-100-2391-2408-1 bde-container-link bde-container-link-2408-100 breakdance-link\" href=\"https:\/\/borasglobal.com\/tr\/guneydogu-asyanin-enerji-gelecegi-artan-talep-yeni-firsatlar\/\" target=\"_self\" data-type=\"url\">\n  \n  \n\t\n\n\n\n<style>.breakdance .bde-div-2408-103-2391-2408-1{background-color:#E3F3FF;background-image:url(https:\/\/borasglobal.com\/wp-content\/uploads\/2025\/08\/Solar-panel-on-blue-sky-background2.jpg);background-size:cover;background-position:center center}<\/style><div class=\"bde-div-2408-103-2391-2408-1 bde-div bde-div-2408-103\">\n  \n  \n\t\n\n\n\n<div class=\"bde-div-2408-107-2391-2408-1 bde-div bde-div-2408-107\">\n              \n  \n  \n\t\n\n\n\n<div class=\"bde-div-2408-104-2391-2408-1 bde-div bde-div-2408-104\">\n  \n  \n\t\n\n\n\n<h3 class=\"bde-heading-2408-102-2391-2408-1 bde-heading bde-heading-2408-102\">\nG\u00fcneydo\u011fu Asya\u2019n\u0131n Enerji Gelece\u011fi: Artan Talep, Yeni F\u0131rsatlar\n<\/h3>\n<\/div><div class=\"bde-div-2408-105-2391-2408-1 bde-div bde-div-2408-105\">\n  \n  \n\t\n\n\n\n<div class=\"bde-button-2408-106-2391-2408-1 bde-button bde-button-2408-106\">\n    \n                        \n                        \n    \n    \n    \n    \n            \n                    \n            \n            \n\n    \n    \n    \n    \n    \n    <a class=\"breakdance-link button-atom button-atom--custom bde-button__button\" href=\"https:\/\/borasglobal.com\/tr\/guneydogu-asyanin-enerji-gelecegi-artan-talep-yeni-firsatlar\/\" target=\"_self\" data-type=\"url\"  >\n\n    \n        <span class=\"button-atom__text\">Ayr\u0131nt\u0131lar\u0131 \u0130ncele<\/span>\n\n                            \n        \n                <\/a>\n\n    \n\n\n<\/div>\n<\/div>\n<\/div>\n<\/div>\n\n<\/a>    <\/article>\n    <article class=\"bde-loop-item ee-post\">\n        <a class=\"bde-container-link-2408-100-2477-2408-1 bde-container-link bde-container-link-2408-100 breakdance-link\" href=\"https:\/\/borasglobal.com\/tr\/gunes-ve-depolama-deneme-projelerinden-yarinin-enerji-altyapisina\/\" target=\"_self\" data-type=\"url\">\n  \n  \n\t\n\n\n\n<style>.breakdance .bde-div-2408-103-2477-2408-1{background-color:#E3F3FF;background-image:url(https:\/\/borasglobal.com\/wp-content\/uploads\/2025\/09\/Solar-Energy-Farm-in-Fields-3.jpg);background-size:cover;background-position:center center}<\/style><div class=\"bde-div-2408-103-2477-2408-1 bde-div bde-div-2408-103\">\n  \n  \n\t\n\n\n\n<div class=\"bde-div-2408-107-2477-2408-1 bde-div bde-div-2408-107\">\n              \n  \n  \n\t\n\n\n\n<div class=\"bde-div-2408-104-2477-2408-1 bde-div bde-div-2408-104\">\n  \n  \n\t\n\n\n\n<h3 class=\"bde-heading-2408-102-2477-2408-1 bde-heading bde-heading-2408-102\">\nG\u00fcne\u015f ve Depolama: Deneme Projelerinden Yar\u0131n\u0131n Enerji Altyap\u0131s\u0131na\n<\/h3>\n<\/div><div class=\"bde-div-2408-105-2477-2408-1 bde-div bde-div-2408-105\">\n  \n  \n\t\n\n\n\n<div class=\"bde-button-2408-106-2477-2408-1 bde-button bde-button-2408-106\">\n    \n                        \n                        \n    \n    \n    \n    \n            \n                    \n            \n            \n\n    \n    \n    \n    \n    \n    <a class=\"breakdance-link button-atom button-atom--custom bde-button__button\" href=\"https:\/\/borasglobal.com\/tr\/gunes-ve-depolama-deneme-projelerinden-yarinin-enerji-altyapisina\/\" target=\"_self\" data-type=\"url\"  >\n\n    \n        <span class=\"button-atom__text\">Ayr\u0131nt\u0131lar\u0131 \u0130ncele<\/span>\n\n                            \n        \n                <\/a>\n\n    \n\n\n<\/div>\n<\/div>\n<\/div>\n<\/div>\n\n<\/a>    <\/article>\n    <article class=\"bde-loop-item ee-post\">\n        <a class=\"bde-container-link-2408-100-2474-2408-1 bde-container-link bde-container-link-2408-100 breakdance-link\" href=\"https:\/\/borasglobal.com\/tr\/kuresel-yenilenebilir-enerji-zirvesi-2025-vizyondan-eyleme\/\" target=\"_self\" data-type=\"url\">\n  \n  \n\t\n\n\n\n<style>.breakdance .bde-div-2408-103-2474-2408-1{background-color:#E3F3FF;background-image:url(https:\/\/borasglobal.com\/wp-content\/uploads\/2025\/08\/Global-Renewables-Summit-2025-From-Vision-to-Action.jpg);background-size:cover;background-position:center center}<\/style><div class=\"bde-div-2408-103-2474-2408-1 bde-div bde-div-2408-103\">\n  \n  \n\t\n\n\n\n<div class=\"bde-div-2408-107-2474-2408-1 bde-div bde-div-2408-107\">\n              \n  \n  \n\t\n\n\n\n<div class=\"bde-div-2408-104-2474-2408-1 bde-div bde-div-2408-104\">\n  \n  \n\t\n\n\n\n<h3 class=\"bde-heading-2408-102-2474-2408-1 bde-heading bde-heading-2408-102\">\nK\u00fcresel Yenilenebilir Enerji Zirvesi 2025: Vizyon\u2019dan Eyleme\n<\/h3>\n<\/div><div class=\"bde-div-2408-105-2474-2408-1 bde-div bde-div-2408-105\">\n  \n  \n\t\n\n\n\n<div class=\"bde-button-2408-106-2474-2408-1 bde-button bde-button-2408-106\">\n    \n                        \n                        \n    \n    \n    \n    \n            \n                    \n            \n            \n\n    \n    \n    \n    \n    \n    <a class=\"breakdance-link button-atom button-atom--custom bde-button__button\" href=\"https:\/\/borasglobal.com\/tr\/kuresel-yenilenebilir-enerji-zirvesi-2025-vizyondan-eyleme\/\" target=\"_self\" data-type=\"url\"  >\n\n    \n        <span class=\"button-atom__text\">Ayr\u0131nt\u0131lar\u0131 \u0130ncele<\/span>\n\n                            \n        \n                <\/a>\n\n    \n\n\n<\/div>\n<\/div>\n<\/div>\n<\/div>\n\n<\/a>    <\/article>\n<\/div>\r\n<\/div>\n<\/div><\/div>\n<\/section><section class=\"bde-section-2305-138 bde-section\">\n  \n  \n\t\n\n\n\n<div class=\"section-container\"><div class=\"bde-div-2305-139 bde-div\">\n  \n  \n\t\n\n\n\n<div class=\"bde-div-2305-140 bde-div\">\n  \n  \n\t\n\n\n\n<div class=\"bde-text-2305-141 bde-text\">\n\u0130leti\u015fim\n<\/div><div class=\"bde-text-2305-146 bde-text\">\nKarma\u015f\u0131k piyasa ko\u015fullar\u0131nda yolunuzu mu bulmak istiyorsunuz? Boras Global ile daha h\u0131zl\u0131 ve do\u011fru kararlar alabilirsiniz.\n<\/div>\n<\/div><div class=\"bde-div-2305-143 bde-div\">\n  \n  \n\t\n\n\n\n<div class=\"bde-button-2305-144 bde-button\">\n    \n                        \n                        \n    \n    \n    \n    \n            \n                    \n            \n            \n\n    \n    \n    \n    \n    \n    <a class=\"breakdance-link button-atom button-atom--custom bde-button__button\" href=\"mailto:info@borasglobal.com\" target=\"_self\" data-type=\"url\"  >\n\n    \n        <span class=\"button-atom__text\">Toplant\u0131 Planlay\u0131n<\/span>\n\n                            \n        \n                <\/a>\n\n    \n\n\n<\/div><div class=\"bde-button-2305-145 bde-button\">\n    \n                        \n                        \n    \n    \n    \n    \n            \n                    \n            \n            \n\n    \n    \n    \n    \n    \n    <a class=\"breakdance-link button-atom button-atom--custom bde-button__button\" href=\"\/tr\/iletisim\" target=\"_self\" data-type=\"url\"  >\n\n    \n        <span class=\"button-atom__text\">Teklif \u0130steyin<\/span>\n\n                            \n        \n                <\/a>\n\n    \n\n\n<\/div>\n<\/div>\n<\/div><\/div>\n<\/section>","protected":false},"excerpt":{"rendered":"<p>Piyasa Dan\u0131\u015fmanl\u0131\u011f\u0131 Piyasa dan\u0131\u015fmanl\u0131\u011f\u0131, karma\u015fay\u0131 netli\u011fe d\u00f6n\u00fc\u015ft\u00fcr\u00fcyor. S\u00fcrekli de\u011fi\u015fen talep, geli\u015fen d\u00fczenlemeler ve yo\u011fun rekabet ortam\u0131nda, \u015firketlerin emin ad\u0131mlar atabilmesi i\u00e7in derin ve keskin i\u00e7g\u00f6r\u00fclere ihtiya\u00e7 var. Boras Global, stratejik b\u00fcy\u00fcmeyi h\u0131zland\u0131ran analitik zek\u00e2y\u0131 ve \u00f6ng\u00f6r\u00fcleri sunuyor. Piyasa s\u00fcrekli de\u011fi\u015fiyor; t\u00fcketici davran\u0131\u015flar\u0131, politika reformlar\u0131 ve k\u00fcresel trendler bu d\u00f6n\u00fc\u015f\u00fcm\u00fcn motoru. \u0130ster yeni bir pazara giri\u015f [&hellip;]<\/p>\n","protected":false},"author":1,"featured_media":0,"parent":0,"menu_order":0,"comment_status":"closed","ping_status":"closed","template":"","meta":{"_acf_changed":false,"_breakdance_hide_in_design_set":false,"_breakdance_tags":"","footnotes":""},"class_list":["post-2305","page","type-page","status-publish","hentry"],"acf":[],"_links":{"self":[{"href":"https:\/\/borasglobal.com\/tr\/wp-json\/wp\/v2\/pages\/2305","targetHints":{"allow":["GET"]}}],"collection":[{"href":"https:\/\/borasglobal.com\/tr\/wp-json\/wp\/v2\/pages"}],"about":[{"href":"https:\/\/borasglobal.com\/tr\/wp-json\/wp\/v2\/types\/page"}],"author":[{"embeddable":true,"href":"https:\/\/borasglobal.com\/tr\/wp-json\/wp\/v2\/users\/1"}],"replies":[{"embeddable":true,"href":"https:\/\/borasglobal.com\/tr\/wp-json\/wp\/v2\/comments?post=2305"}],"version-history":[{"count":14,"href":"https:\/\/borasglobal.com\/tr\/wp-json\/wp\/v2\/pages\/2305\/revisions"}],"predecessor-version":[{"id":2879,"href":"https:\/\/borasglobal.com\/tr\/wp-json\/wp\/v2\/pages\/2305\/revisions\/2879"}],"wp:attachment":[{"href":"https:\/\/borasglobal.com\/tr\/wp-json\/wp\/v2\/media?parent=2305"}],"curies":[{"name":"wp","href":"https:\/\/api.w.org\/{rel}","templated":true}]}}