{"id":2306,"date":"2025-09-25T12:01:22","date_gmt":"2025-09-25T09:01:22","guid":{"rendered":"https:\/\/borasglobal.com\/mining\/"},"modified":"2025-10-20T17:33:17","modified_gmt":"2025-10-20T14:33:17","slug":"madencilik","status":"publish","type":"page","link":"https:\/\/borasglobal.com\/tr\/madencilik\/","title":{"rendered":"Madencilik"},"content":{"rendered":"<section class=\"bde-section-2306-100 bde-section\">\n  \n  \n\t\n\n\n\n<div class=\"section-container\"><div class=\"bde-div-2306-101 bde-div\">\n  \n  \n\t\n\n\n\n<h1 class=\"bde-heading-2306-102 bde-heading\">\nMadencilik\n<\/h1><div class=\"bde-text-2306-103 bde-text\">\nMadencilik, enerji, altyap\u0131 ve teknoloji i\u00e7in gerekli hammaddeleri sa\u011flayarak k\u00fcresel ekonomiyi besler. Talep artarken ve s\u00fcrd\u00fcr\u00fclebilirlik bask\u0131lar\u0131 yo\u011funla\u015f\u0131rken, madencilik \u015firketleri rekabet\u00e7i, sorumlu ve dayan\u0131kl\u0131 kalabilmek i\u00e7in yenilik\u00e7i olmak zorundad\u0131r.\n<\/div>\n<\/div><img decoding=\"async\" class=\"bde-image2-2306-104 bde-image2\" src=\"https:\/\/borasglobal.com\/wp-content\/uploads\/2025\/09\/Engineers-Discussing-Maintenance-of-a-Petrochemical-Plant.jpg\" loading=\"lazy\" srcset=\"https:\/\/borasglobal.com\/wp-content\/uploads\/2025\/09\/Engineers-Discussing-Maintenance-of-a-Petrochemical-Plant.jpg 2000w, https:\/\/borasglobal.com\/wp-content\/uploads\/2025\/09\/Engineers-Discussing-Maintenance-of-a-Petrochemical-Plant-800x533.jpg 800w, https:\/\/borasglobal.com\/wp-content\/uploads\/2025\/09\/Engineers-Discussing-Maintenance-of-a-Petrochemical-Plant-1200x800.jpg 1200w, https:\/\/borasglobal.com\/wp-content\/uploads\/2025\/09\/Engineers-Discussing-Maintenance-of-a-Petrochemical-Plant-768x512.jpg 768w, https:\/\/borasglobal.com\/wp-content\/uploads\/2025\/09\/Engineers-Discussing-Maintenance-of-a-Petrochemical-Plant-1536x1024.jpg 1536w\" sizes=\"(max-width: 2000px) 100vw, 2000px\" alt=\"\"><div class=\"bde-text-2306-105 bde-text\">\nMadencilik, temiz enerji i\u00e7in bak\u0131r ve lityumdan altyap\u0131 i\u00e7in demir ve k\u00f6m\u00fcre kadar end\u00fcstriyel geli\u015fimin bel kemi\u011fidir. Ancak sekt\u00f6r, \u00e7evresel etkiler, sosyal sorumluluk ve operasyonel verimlilik konular\u0131nda giderek artan bir inceleme alt\u0131ndad\u0131r.<br><br>Enerji d\u00f6n\u00fc\u015f\u00fcm\u00fc ve dijitalle\u015fmenin etkisiyle kritik minerallere olan k\u00fcresel talep h\u0131zla y\u00fckseliyor. Ayn\u0131 zamanda madencilik operasyonlar\u0131 karma\u015f\u0131k reg\u00fclasyonlar, toplum beklentileri ve dalgal\u0131 emtia piyasalar\u0131nda yol almak zorunda kal\u0131yor. Boras Global, madencilik \u015firketlerine operasyonlar\u0131n\u0131 modernize etme, portf\u00f6ylerini optimize etme ve s\u00fcrd\u00fcr\u00fclebilir kaynak geli\u015ftirmede \u00f6nc\u00fc olma yolunda destek sunar.\n<\/div><\/div>\n<\/section><section class=\"bde-section-2306-106 bde-section\">\n  \n  \n\t\n\n\n\n<div class=\"section-container\"><div class=\"bde-div-2306-107 bde-div\">\n  \n  \n\t\n\n\n\n<h2 class=\"bde-heading-2306-108 bde-heading\">\nMadencilik Sekt\u00f6r\u00fcndeki Temel Zorluklar\n<\/h2><div class=\"bde-text-2306-109 bde-text\">\nMadencilik \u015firketleri, y\u00fcksek riskli ortamlarda, uzun yat\u0131r\u0131m d\u00f6ng\u00fcleri ve yo\u011fun payda\u015f denetimi alt\u0131nda faaliyet g\u00f6sterir.<br><br>Boras Global, m\u00fc\u015fterilerini bu kritik zorluklar\u0131n \u00fcstesinden gelmeleri i\u00e7in destekler:\n<\/div>\n<\/div><div class=\"bde-grid-2306-110 bde-grid\">\n  \n  \n\t\n\n\n\n<div class=\"bde-div-2306-111 bde-div\">\n  \n  \n\t\n\n\n\n<div class=\"bde-rich-text-2306-112 bde-rich-text breakdance-rich-text-styles\">\n<p data-start=\"83\" data-end=\"280\"><strong data-start=\"83\" data-end=\"129\">Kaynak Stratejisi ve Portf\u00f6y Optimizasyonu: <\/strong>Rezervleri de\u011ferlendirme, varl\u0131klar\u0131 \u00f6nceliklendirme ve portf\u00f6yleri uzun vadeli pazar trendleriyle uyumlu hale getirme konusunda destek sunuyoruz.<\/p><p data-start=\"282\" data-end=\"474\"><strong data-start=\"282\" data-end=\"320\">\u00c7evresel ve Sosyal Y\u00f6neti\u015fim (ESG): <\/strong>\u015eirketlerin s\u00fcrd\u00fcr\u00fclebilirlik hedeflerine ula\u015fmalar\u0131na, toplum ili\u015fkilerini y\u00f6netmelerine ve ekolojik ayak izlerini azaltmalar\u0131na rehberlik ediyoruz.<\/p><p data-start=\"476\" data-end=\"602\"><strong data-start=\"476\" data-end=\"502\">Operasyonel Verimlilik: <\/strong>S\u00fcre\u00e7lerin yeniden tasarlanmas\u0131, otomasyon ve performans analiti\u011fi ile verimlili\u011fi art\u0131r\u0131yoruz.<\/p>\n<\/div>\n<\/div><div class=\"bde-div-2306-113 bde-div\">\n  \n  \n\t\n\n\n\n<div class=\"bde-rich-text-2306-114 bde-rich-text breakdance-rich-text-styles\">\n<p data-start=\"0\" data-end=\"175\"><strong data-start=\"0\" data-end=\"41\">Mevzuata Uyum: <\/strong>Farkl\u0131 yarg\u0131 alanlar\u0131nda madencilik mevzuat\u0131, i\u015f sa\u011fl\u0131\u011f\u0131 ve g\u00fcvenli\u011fi standartlar\u0131 ile \u00e7evre d\u00fczenlemeleriyle tam uyumu sa\u011fl\u0131yoruz.<\/p><p data-start=\"177\" data-end=\"324\"><strong data-start=\"177\" data-end=\"221\">Dijital D\u00f6n\u00fc\u015f\u00fcm: <\/strong>Ak\u0131ll\u0131 madencilik teknolojileri, uzaktan izleme ve kestirimci bak\u0131m sistemlerini hayata ge\u00e7iriyoruz.<\/p><p data-start=\"326\" data-end=\"517\" data-is-last-node=\"\" data-is-only-node=\"\"><strong data-start=\"326\" data-end=\"398\">Sermayeye Eri\u015fim ve Risk Y\u00f6netimi: <\/strong>B\u00fcy\u00fck \u00f6l\u00e7ekli projeler i\u00e7in finansman stratejileri, risk modelleme ve yat\u0131r\u0131m planlamas\u0131 konusunda destek veriyoruz.<\/p>\n<\/div>\n<\/div>\n<\/div><\/div>\n<\/section><section class=\"bde-section-2306-115 bde-section\">\n  \n  \n\t\n\n\n\n<div class=\"section-container\"><div class=\"bde-div-2306-116 bde-div\">\n  \n  \n\t\n\n\n\n<h2 class=\"bde-heading-2306-117 bde-heading\">\nMaden Alan\u0131ndaki Uzmanl\u0131\u011f\u0131m\u0131z\n<\/h2><div class=\"bde-text-2306-118 bde-text\">\nDerin sekt\u00f6r bilgisi ve k\u00fcresel deneyimimizle Boras Global, madencilik \u015firketlerinin de\u011fer a\u00e7\u0131\u011fa \u00e7\u0131karmas\u0131n\u0131, riskleri azaltmas\u0131n\u0131 ve sorumlu bi\u00e7imde liderlik etmesini sa\u011flar. Uzmanl\u0131\u011f\u0131m\u0131z \u015fu alanlar\u0131 kapsar:\n<\/div>\n<\/div><div class=\"bde-frequently-asked-questions-2306-119 bde-frequently-asked-questions\">\n      <div class=\"bde-faq__item\">\n      <h3 class=\"bde-faq__title-tag\">\n       <button id=\"bde-faq-119-button-1\" aria-expanded=\"false\" aria-controls=\"bde-faq-119-1\" class=\"bde-faq__question js-faq-item\">\n          <span class=\"bde-faq__title\">Ke\u015fif & Fizibilite<\/span>\n                           <div aria-hidden=\"true\" class=\"bde-faq__icon bde-faq__icon--inactive\">\n                                <svg xmlns=\"http:\/\/www.w3.org\/2000\/svg\" viewBox=\"0 0 448 512\"><!--! Font Awesome Free 6.5.1 by @fontawesome - https:\/\/fontawesome.com License - https:\/\/fontawesome.com\/license\/free (Icons: CC BY 4.0, Fonts: SIL OFL 1.1, Code: MIT License) Copyright 2023 Fonticons, Inc. --><path d=\"M256 80c0-17.7-14.3-32-32-32s-32 14.3-32 32V224H48c-17.7 0-32 14.3-32 32s14.3 32 32 32H192V432c0 17.7 14.3 32 32 32s32-14.3 32-32V288H400c17.7 0 32-14.3 32-32s-14.3-32-32-32H256V80z\"\/><\/svg>\n                            <\/div>\n         \t  <div aria-hidden=\"true\" class=\"bde-faq__icon bde-faq__icon--active\">\n                                <svg xmlns=\"http:\/\/www.w3.org\/2000\/svg\" viewBox=\"0 0 448 512\"><!--! Font Awesome Free 6.5.1 by @fontawesome - https:\/\/fontawesome.com License - https:\/\/fontawesome.com\/license\/free (Icons: CC BY 4.0, Fonts: SIL OFL 1.1, Code: MIT License) Copyright 2023 Fonticons, Inc. --><path d=\"M432 256c0 17.7-14.3 32-32 32L48 288c-17.7 0-32-14.3-32-32s14.3-32 32-32l352 0c17.7 0 32 14.3 32 32z\"\/><\/svg>\n                            <\/div>\n                  <\/button>\n      <\/h3>\n      <div role=\"region\" aria-labelledby=\"bde-faq-119-button-1\" id=\"bde-faq-119-1\" class=\"bde-faq__answer\">\n        <div class=\"bde-faq__answer-content\">\n            <div class=\"breakdance-rich-text-styles\"><ul><li><p>Jeolojik de\u011ferlendirmeler ve rezerv modelleme<\/p><\/li><li><p>Fizibilite \u00e7al\u0131\u015fmalar\u0131 ve proje de\u011ferlemesi<\/p><\/li><li><p>Saha se\u00e7imi ve ruhsatland\u0131rma stratejileri<\/p><\/li><\/ul><\/div>\n\n                    <\/div>\n      <\/div>\n    <\/div>\n      <div class=\"bde-faq__item\">\n      <h3 class=\"bde-faq__title-tag\">\n       <button id=\"bde-faq-119-button-2\" aria-expanded=\"false\" aria-controls=\"bde-faq-119-2\" class=\"bde-faq__question js-faq-item\">\n          <span class=\"bde-faq__title\">Operasyon & Teknoloji Y\u00f6netimi<\/span>\n                           <div aria-hidden=\"true\" class=\"bde-faq__icon bde-faq__icon--inactive\">\n                                <svg xmlns=\"http:\/\/www.w3.org\/2000\/svg\" viewBox=\"0 0 448 512\"><!--! Font Awesome Free 6.5.1 by @fontawesome - https:\/\/fontawesome.com License - https:\/\/fontawesome.com\/license\/free (Icons: CC BY 4.0, Fonts: SIL OFL 1.1, Code: MIT License) Copyright 2023 Fonticons, Inc. --><path d=\"M256 80c0-17.7-14.3-32-32-32s-32 14.3-32 32V224H48c-17.7 0-32 14.3-32 32s14.3 32 32 32H192V432c0 17.7 14.3 32 32 32s32-14.3 32-32V288H400c17.7 0 32-14.3 32-32s-14.3-32-32-32H256V80z\"\/><\/svg>\n                            <\/div>\n         \t  <div aria-hidden=\"true\" class=\"bde-faq__icon bde-faq__icon--active\">\n                                <svg xmlns=\"http:\/\/www.w3.org\/2000\/svg\" viewBox=\"0 0 448 512\"><!--! Font Awesome Free 6.5.1 by @fontawesome - https:\/\/fontawesome.com License - https:\/\/fontawesome.com\/license\/free (Icons: CC BY 4.0, Fonts: SIL OFL 1.1, Code: MIT License) Copyright 2023 Fonticons, Inc. --><path d=\"M432 256c0 17.7-14.3 32-32 32L48 288c-17.7 0-32-14.3-32-32s14.3-32 32-32l352 0c17.7 0 32 14.3 32 32z\"\/><\/svg>\n                            <\/div>\n                  <\/button>\n      <\/h3>\n      <div role=\"region\" aria-labelledby=\"bde-faq-119-button-2\" id=\"bde-faq-119-2\" class=\"bde-faq__answer\">\n        <div class=\"bde-faq__answer-content\">\n            <div class=\"breakdance-rich-text-styles\"><ul><li><p>Maden planlamas\u0131 ve s\u00fcre\u00e7 optimizasyonu<\/p><\/li><li><p>Otomasyon ve dijital entegrasyon<\/p><\/li><li><p>G\u00fcvenlik sistemleri ve i\u015f g\u00fcc\u00fc e\u011fitimi<\/p><\/li><\/ul><\/div>\n\n                    <\/div>\n      <\/div>\n    <\/div>\n      <div class=\"bde-faq__item\">\n      <h3 class=\"bde-faq__title-tag\">\n       <button id=\"bde-faq-119-button-3\" aria-expanded=\"false\" aria-controls=\"bde-faq-119-3\" class=\"bde-faq__question js-faq-item\">\n          <span class=\"bde-faq__title\">S\u00fcrd\u00fcr\u00fclebilirlik & Toplumla Etkile\u015fim<\/span>\n                           <div aria-hidden=\"true\" class=\"bde-faq__icon bde-faq__icon--inactive\">\n                                <svg xmlns=\"http:\/\/www.w3.org\/2000\/svg\" viewBox=\"0 0 448 512\"><!--! Font Awesome Free 6.5.1 by @fontawesome - https:\/\/fontawesome.com License - https:\/\/fontawesome.com\/license\/free (Icons: CC BY 4.0, Fonts: SIL OFL 1.1, Code: MIT License) Copyright 2023 Fonticons, Inc. --><path d=\"M256 80c0-17.7-14.3-32-32-32s-32 14.3-32 32V224H48c-17.7 0-32 14.3-32 32s14.3 32 32 32H192V432c0 17.7 14.3 32 32 32s32-14.3 32-32V288H400c17.7 0 32-14.3 32-32s-14.3-32-32-32H256V80z\"\/><\/svg>\n                            <\/div>\n         \t  <div aria-hidden=\"true\" class=\"bde-faq__icon bde-faq__icon--active\">\n                                <svg xmlns=\"http:\/\/www.w3.org\/2000\/svg\" viewBox=\"0 0 448 512\"><!--! Font Awesome Free 6.5.1 by @fontawesome - https:\/\/fontawesome.com License - https:\/\/fontawesome.com\/license\/free (Icons: CC BY 4.0, Fonts: SIL OFL 1.1, Code: MIT License) Copyright 2023 Fonticons, Inc. --><path d=\"M432 256c0 17.7-14.3 32-32 32L48 288c-17.7 0-32-14.3-32-32s14.3-32 32-32l352 0c17.7 0 32 14.3 32 32z\"\/><\/svg>\n                            <\/div>\n                  <\/button>\n      <\/h3>\n      <div role=\"region\" aria-labelledby=\"bde-faq-119-button-3\" id=\"bde-faq-119-3\" class=\"bde-faq__answer\">\n        <div class=\"bde-faq__answer-content\">\n            <div class=\"breakdance-rich-text-styles\"><ul><li><p>Biyo\u00e7e\u015fitlilik ve arazi kullan\u0131m\u0131 etkilerinin azalt\u0131lmas\u0131<\/p><\/li><li><p>Payda\u015f haritaland\u0131rma ve etkile\u015fim \u00e7er\u00e7eveleri<\/p><\/li><li><p>ESG raporlama ve \u015feffafl\u0131k giri\u015fimleri<\/p><\/li><\/ul><\/div>\n\n                    <\/div>\n      <\/div>\n    <\/div>\n      <div class=\"bde-faq__item\">\n      <h3 class=\"bde-faq__title-tag\">\n       <button id=\"bde-faq-119-button-4\" aria-expanded=\"false\" aria-controls=\"bde-faq-119-4\" class=\"bde-faq__question js-faq-item\">\n          <span class=\"bde-faq__title\">Pazar & Yat\u0131r\u0131m Stratejisi<\/span>\n                           <div aria-hidden=\"true\" class=\"bde-faq__icon bde-faq__icon--inactive\">\n                                <svg xmlns=\"http:\/\/www.w3.org\/2000\/svg\" viewBox=\"0 0 448 512\"><!--! Font Awesome Free 6.5.1 by @fontawesome - https:\/\/fontawesome.com License - https:\/\/fontawesome.com\/license\/free (Icons: CC BY 4.0, Fonts: SIL OFL 1.1, Code: MIT License) Copyright 2023 Fonticons, Inc. --><path d=\"M256 80c0-17.7-14.3-32-32-32s-32 14.3-32 32V224H48c-17.7 0-32 14.3-32 32s14.3 32 32 32H192V432c0 17.7 14.3 32 32 32s32-14.3 32-32V288H400c17.7 0 32-14.3 32-32s-14.3-32-32-32H256V80z\"\/><\/svg>\n                            <\/div>\n         \t  <div aria-hidden=\"true\" class=\"bde-faq__icon bde-faq__icon--active\">\n                                <svg xmlns=\"http:\/\/www.w3.org\/2000\/svg\" viewBox=\"0 0 448 512\"><!--! Font Awesome Free 6.5.1 by @fontawesome - https:\/\/fontawesome.com License - https:\/\/fontawesome.com\/license\/free (Icons: CC BY 4.0, Fonts: SIL OFL 1.1, Code: MIT License) Copyright 2023 Fonticons, Inc. --><path d=\"M432 256c0 17.7-14.3 32-32 32L48 288c-17.7 0-32-14.3-32-32s14.3-32 32-32l352 0c17.7 0 32 14.3 32 32z\"\/><\/svg>\n                            <\/div>\n                  <\/button>\n      <\/h3>\n      <div role=\"region\" aria-labelledby=\"bde-faq-119-button-4\" id=\"bde-faq-119-4\" class=\"bde-faq__answer\">\n        <div class=\"bde-faq__answer-content\">\n            <div class=\"breakdance-rich-text-styles\"><ul><li><p>Emtia fiyatland\u0131rmas\u0131 ve talep tahmini<\/p><\/li><li><p>Stratejik ortakl\u0131klar ve joint venture anla\u015fmalar\u0131<\/p><\/li><li><p>Yat\u0131r\u0131m yap\u0131land\u0131rma ve riskten korunma<\/p><\/li><\/ul><\/div>\n\n                    <\/div>\n      <\/div>\n    <\/div>\n  \n<\/div><\/div>\n<\/section><section class=\"bde-section-2306-120 bde-section\">\n  \n  \n\t\n\n\n\n<div class=\"section-container\"><div class=\"bde-div-2306-121 bde-div\">\n  \n  \n\t\n\n\n\n<h2 class=\"bde-heading-2306-122 bde-heading\">\nG\u00fcncel \u0130\u00e7g\u00f6r\u00fcler & Raporlar\n<\/h2><div class=\"bde-text-2306-123 bde-text\">\nEn son piyasa trendleri, enerji raporlar\u0131 ve sekt\u00f6r analizleriyle her zaman bir ad\u0131m \u00f6nde olun.\n<\/div>\n<\/div><div class=\"bde-div-2306-124 bde-div\">\n  \n  \n\t\n\n\n\n<div class=\"bde-post-loop-2306-125 bde-post-loop phox-facets-target phox-facets-target-default\"><div class=\"bde-loop bde-loop-grid ee-posts ee-posts-grid\">    <article class=\"bde-loop-item ee-post\">\n        <a class=\"bde-container-link-2408-100-2391-2408-1 bde-container-link bde-container-link-2408-100 breakdance-link\" href=\"https:\/\/borasglobal.com\/tr\/guneydogu-asyanin-enerji-gelecegi-artan-talep-yeni-firsatlar\/\" target=\"_self\" data-type=\"url\">\n  \n  \n\t\n\n\n\n<style>.breakdance .bde-div-2408-103-2391-2408-1{background-color:#E3F3FF;background-image:url(https:\/\/borasglobal.com\/wp-content\/uploads\/2025\/08\/Solar-panel-on-blue-sky-background2.jpg);background-size:cover;background-position:center center}<\/style><div class=\"bde-div-2408-103-2391-2408-1 bde-div bde-div-2408-103\">\n  \n  \n\t\n\n\n\n<div class=\"bde-div-2408-107-2391-2408-1 bde-div bde-div-2408-107\">\n              \n  \n  \n\t\n\n\n\n<div class=\"bde-div-2408-104-2391-2408-1 bde-div bde-div-2408-104\">\n  \n  \n\t\n\n\n\n<h3 class=\"bde-heading-2408-102-2391-2408-1 bde-heading bde-heading-2408-102\">\nG\u00fcneydo\u011fu Asya\u2019n\u0131n Enerji Gelece\u011fi: Artan Talep, Yeni F\u0131rsatlar\n<\/h3>\n<\/div><div class=\"bde-div-2408-105-2391-2408-1 bde-div bde-div-2408-105\">\n  \n  \n\t\n\n\n\n<div class=\"bde-button-2408-106-2391-2408-1 bde-button bde-button-2408-106\">\n    \n                        \n                        \n    \n    \n    \n    \n            \n                    \n            \n            \n\n    \n    \n    \n    \n    \n    <a class=\"breakdance-link button-atom button-atom--custom bde-button__button\" href=\"https:\/\/borasglobal.com\/tr\/guneydogu-asyanin-enerji-gelecegi-artan-talep-yeni-firsatlar\/\" target=\"_self\" data-type=\"url\"  >\n\n    \n        <span class=\"button-atom__text\">Ayr\u0131nt\u0131lar\u0131 \u0130ncele<\/span>\n\n                            \n        \n                <\/a>\n\n    \n\n\n<\/div>\n<\/div>\n<\/div>\n<\/div>\n\n<\/a>    <\/article>\n    <article class=\"bde-loop-item ee-post\">\n        <a class=\"bde-container-link-2408-100-2477-2408-1 bde-container-link bde-container-link-2408-100 breakdance-link\" href=\"https:\/\/borasglobal.com\/tr\/gunes-ve-depolama-deneme-projelerinden-yarinin-enerji-altyapisina\/\" target=\"_self\" data-type=\"url\">\n  \n  \n\t\n\n\n\n<style>.breakdance .bde-div-2408-103-2477-2408-1{background-color:#E3F3FF;background-image:url(https:\/\/borasglobal.com\/wp-content\/uploads\/2025\/09\/Solar-Energy-Farm-in-Fields-3.jpg);background-size:cover;background-position:center center}<\/style><div class=\"bde-div-2408-103-2477-2408-1 bde-div bde-div-2408-103\">\n  \n  \n\t\n\n\n\n<div class=\"bde-div-2408-107-2477-2408-1 bde-div bde-div-2408-107\">\n              \n  \n  \n\t\n\n\n\n<div class=\"bde-div-2408-104-2477-2408-1 bde-div bde-div-2408-104\">\n  \n  \n\t\n\n\n\n<h3 class=\"bde-heading-2408-102-2477-2408-1 bde-heading bde-heading-2408-102\">\nG\u00fcne\u015f ve Depolama: Deneme Projelerinden Yar\u0131n\u0131n Enerji Altyap\u0131s\u0131na\n<\/h3>\n<\/div><div class=\"bde-div-2408-105-2477-2408-1 bde-div bde-div-2408-105\">\n  \n  \n\t\n\n\n\n<div class=\"bde-button-2408-106-2477-2408-1 bde-button bde-button-2408-106\">\n    \n                        \n                        \n    \n    \n    \n    \n            \n                    \n            \n            \n\n    \n    \n    \n    \n    \n    <a class=\"breakdance-link button-atom button-atom--custom bde-button__button\" href=\"https:\/\/borasglobal.com\/tr\/gunes-ve-depolama-deneme-projelerinden-yarinin-enerji-altyapisina\/\" target=\"_self\" data-type=\"url\"  >\n\n    \n        <span class=\"button-atom__text\">Ayr\u0131nt\u0131lar\u0131 \u0130ncele<\/span>\n\n                            \n        \n                <\/a>\n\n    \n\n\n<\/div>\n<\/div>\n<\/div>\n<\/div>\n\n<\/a>    <\/article>\n    <article class=\"bde-loop-item ee-post\">\n        <a class=\"bde-container-link-2408-100-2474-2408-1 bde-container-link bde-container-link-2408-100 breakdance-link\" href=\"https:\/\/borasglobal.com\/tr\/kuresel-yenilenebilir-enerji-zirvesi-2025-vizyondan-eyleme\/\" target=\"_self\" data-type=\"url\">\n  \n  \n\t\n\n\n\n<style>.breakdance .bde-div-2408-103-2474-2408-1{background-color:#E3F3FF;background-image:url(https:\/\/borasglobal.com\/wp-content\/uploads\/2025\/08\/Global-Renewables-Summit-2025-From-Vision-to-Action.jpg);background-size:cover;background-position:center center}<\/style><div class=\"bde-div-2408-103-2474-2408-1 bde-div bde-div-2408-103\">\n  \n  \n\t\n\n\n\n<div class=\"bde-div-2408-107-2474-2408-1 bde-div bde-div-2408-107\">\n              \n  \n  \n\t\n\n\n\n<div class=\"bde-div-2408-104-2474-2408-1 bde-div bde-div-2408-104\">\n  \n  \n\t\n\n\n\n<h3 class=\"bde-heading-2408-102-2474-2408-1 bde-heading bde-heading-2408-102\">\nK\u00fcresel Yenilenebilir Enerji Zirvesi 2025: Vizyon\u2019dan Eyleme\n<\/h3>\n<\/div><div class=\"bde-div-2408-105-2474-2408-1 bde-div bde-div-2408-105\">\n  \n  \n\t\n\n\n\n<div class=\"bde-button-2408-106-2474-2408-1 bde-button bde-button-2408-106\">\n    \n                        \n                        \n    \n    \n    \n    \n            \n                    \n            \n            \n\n    \n    \n    \n    \n    \n    <a class=\"breakdance-link button-atom button-atom--custom bde-button__button\" href=\"https:\/\/borasglobal.com\/tr\/kuresel-yenilenebilir-enerji-zirvesi-2025-vizyondan-eyleme\/\" target=\"_self\" data-type=\"url\"  >\n\n    \n        <span class=\"button-atom__text\">Ayr\u0131nt\u0131lar\u0131 \u0130ncele<\/span>\n\n                            \n        \n                <\/a>\n\n    \n\n\n<\/div>\n<\/div>\n<\/div>\n<\/div>\n\n<\/a>    <\/article>\n<\/div>\r\n<\/div>\n<\/div><\/div>\n<\/section><section class=\"bde-section-2306-133 bde-section\">\n  \n  \n\t\n\n\n\n<div class=\"section-container\"><div class=\"bde-div-2306-134 bde-div\">\n  \n  \n\t\n\n\n\n<div class=\"bde-text-2306-135 bde-text\">\n\u0130leti\u015fim\n<\/div><div class=\"bde-text-2306-140 bde-text\">\nS\u00fcrd\u00fcr\u00fclebilir Bir Gelecek \u0130\u00e7in Ak\u0131ll\u0131 Madencilik\n<\/div>\n<\/div><div class=\"bde-div-2306-137 bde-div\">\n  \n  \n\t\n\n\n\n<div class=\"bde-button-2306-138 bde-button\">\n    \n                        \n                        \n    \n    \n    \n    \n            \n                    \n            \n            \n\n    \n    \n    \n    \n    \n    <a class=\"breakdance-link button-atom button-atom--custom bde-button__button\" href=\"mailto:info@borasglobal.com\" target=\"_self\" data-type=\"url\"  >\n\n    \n        <span class=\"button-atom__text\">Toplant\u0131 Planlay\u0131n<\/span>\n\n                            \n        \n                <\/a>\n\n    \n\n\n<\/div><div class=\"bde-button-2306-139 bde-button\">\n    \n                        \n                        \n    \n    \n    \n    \n            \n                    \n            \n            \n\n    \n    \n    \n    \n    \n    <a class=\"breakdance-link button-atom button-atom--custom bde-button__button\" href=\"\/tr\/iletisim\" target=\"_self\" data-type=\"url\"  >\n\n    \n        <span class=\"button-atom__text\">Teklif \u0130steyin<\/span>\n\n                            \n        \n                <\/a>\n\n    \n\n\n<\/div>\n<\/div><\/div>\n<\/section>","protected":false},"excerpt":{"rendered":"<p>Madencilik Madencilik, enerji, altyap\u0131 ve teknoloji i\u00e7in gerekli hammaddeleri sa\u011flayarak k\u00fcresel ekonomiyi besler. Talep artarken ve s\u00fcrd\u00fcr\u00fclebilirlik bask\u0131lar\u0131 yo\u011funla\u015f\u0131rken, madencilik \u015firketleri rekabet\u00e7i, sorumlu ve dayan\u0131kl\u0131 kalabilmek i\u00e7in yenilik\u00e7i olmak zorundad\u0131r. Madencilik, temiz enerji i\u00e7in bak\u0131r ve lityumdan altyap\u0131 i\u00e7in demir ve k\u00f6m\u00fcre kadar end\u00fcstriyel geli\u015fimin bel kemi\u011fidir. Ancak sekt\u00f6r, \u00e7evresel etkiler, sosyal sorumluluk ve operasyonel [&hellip;]<\/p>\n","protected":false},"author":1,"featured_media":0,"parent":0,"menu_order":0,"comment_status":"closed","ping_status":"closed","template":"","meta":{"_acf_changed":false,"_breakdance_hide_in_design_set":false,"_breakdance_tags":"","footnotes":""},"class_list":["post-2306","page","type-page","status-publish","hentry"],"acf":[],"_links":{"self":[{"href":"https:\/\/borasglobal.com\/tr\/wp-json\/wp\/v2\/pages\/2306","targetHints":{"allow":["GET"]}}],"collection":[{"href":"https:\/\/borasglobal.com\/tr\/wp-json\/wp\/v2\/pages"}],"about":[{"href":"https:\/\/borasglobal.com\/tr\/wp-json\/wp\/v2\/types\/page"}],"author":[{"embeddable":true,"href":"https:\/\/borasglobal.com\/tr\/wp-json\/wp\/v2\/users\/1"}],"replies":[{"embeddable":true,"href":"https:\/\/borasglobal.com\/tr\/wp-json\/wp\/v2\/comments?post=2306"}],"version-history":[{"count":12,"href":"https:\/\/borasglobal.com\/tr\/wp-json\/wp\/v2\/pages\/2306\/revisions"}],"predecessor-version":[{"id":2838,"href":"https:\/\/borasglobal.com\/tr\/wp-json\/wp\/v2\/pages\/2306\/revisions\/2838"}],"wp:attachment":[{"href":"https:\/\/borasglobal.com\/tr\/wp-json\/wp\/v2\/media?parent=2306"}],"curies":[{"name":"wp","href":"https:\/\/api.w.org\/{rel}","templated":true}]}}