{"id":2308,"date":"2025-09-25T17:12:49","date_gmt":"2025-09-25T14:12:49","guid":{"rendered":"https:\/\/borasglobal.com\/oil-gas-trading\/"},"modified":"2025-10-20T18:42:43","modified_gmt":"2025-10-20T15:42:43","slug":"petrol-gaz-ticareti","status":"publish","type":"page","link":"https:\/\/borasglobal.com\/tr\/petrol-gaz-ticareti\/","title":{"rendered":"Petrol &amp; Gaz Ticareti"},"content":{"rendered":"<section class=\"bde-section-2308-100 bde-section\">\n  \n  \n\t\n\n\n\n<div class=\"section-container\"><div class=\"bde-div-2308-101 bde-div\">\n  \n  \n\t\n\n\n\n<h1 class=\"bde-heading-2308-102 bde-heading\">\nPetrol & Gaz Ticareti\n<\/h1><div class=\"bde-text-2308-103 bde-text\">\nPetrol ve Do\u011fal Gaz Ticareti; fiyat dalgalanmalar\u0131, jeopolitik geli\u015fmeler ve d\u00fczenleyici karma\u015f\u0131kl\u0131klarla \u015fekillenen y\u00fcksek riskli bir aland\u0131r. Bu alanda ba\u015far\u0131, hassasiyet, \u00e7eviklik ve g\u00fc\u00e7l\u00fc piyasa i\u00e7g\u00f6r\u00fcs\u00fc gerektirir. Boras Global, ticaret ekiplerine daha ak\u0131ll\u0131, h\u0131zl\u0131 ve g\u00fcvenli \u00e7al\u0131\u015fma imk\u00e2n\u0131 sunar.\n<\/div>\n<\/div><img decoding=\"async\" class=\"bde-image2-2308-104 bde-image2\" src=\"https:\/\/borasglobal.com\/wp-content\/uploads\/2025\/09\/Aerial-view-oil-ship-tanker-at-terminal-sea-port-Large-crud.jpg\" loading=\"lazy\" srcset=\"https:\/\/borasglobal.com\/wp-content\/uploads\/2025\/09\/Aerial-view-oil-ship-tanker-at-terminal-sea-port-Large-crud.jpg 2300w, https:\/\/borasglobal.com\/wp-content\/uploads\/2025\/09\/Aerial-view-oil-ship-tanker-at-terminal-sea-port-Large-crud-800x449.jpg 800w, https:\/\/borasglobal.com\/wp-content\/uploads\/2025\/09\/Aerial-view-oil-ship-tanker-at-terminal-sea-port-Large-crud-1200x674.jpg 1200w, https:\/\/borasglobal.com\/wp-content\/uploads\/2025\/09\/Aerial-view-oil-ship-tanker-at-terminal-sea-port-Large-crud-768x431.jpg 768w, https:\/\/borasglobal.com\/wp-content\/uploads\/2025\/09\/Aerial-view-oil-ship-tanker-at-terminal-sea-port-Large-crud-1536x863.jpg 1536w, https:\/\/borasglobal.com\/wp-content\/uploads\/2025\/09\/Aerial-view-oil-ship-tanker-at-terminal-sea-port-Large-crud-2048x1150.jpg 2048w\" sizes=\"(max-width: 2300px) 100vw, 2300px\" alt=\"\"><div class=\"bde-text-2308-105 bde-text\">\nHam petrolden rafine \u00fcr\u00fcnlere ve do\u011fal gaza kadar enerji ticareti, k\u00fcresel tedarik zincirlerini ve ekonomik b\u00fcy\u00fcmeyi y\u00f6nlendirir. Ancak bu alan; de\u011fi\u015fen talep, politika de\u011fi\u015fiklikleri ve dijital d\u00f6n\u00fc\u015f\u00fcm\u00fcn etkisiyle olduk\u00e7a dalgal\u0131d\u0131r.<br><br>Boras Global, risk y\u00f6netimi, uyum \u00e7er\u00e7eveleri ve dijital d\u00f6n\u00fc\u015f\u00fcm arac\u0131l\u0131\u011f\u0131yla ticaret firmalar\u0131n\u0131n dayan\u0131kl\u0131 operasyonlar kurmas\u0131na yard\u0131mc\u0131 olur. \u0130ster fiziksel bir ticaret masas\u0131n\u0131 optimize ediyor olun ister yeni pazarlara a\u00e7\u0131l\u0131yor olun, biz size netlik ve kontrolle ticaret yapman\u0131z i\u00e7in gerekli ara\u00e7lar\u0131 ve stratejileri sa\u011fl\u0131yoruz.\n<\/div><\/div>\n<\/section><section class=\"bde-section-2308-106 bde-section\">\n  \n  \n\t\n\n\n\n<div class=\"section-container\"><div class=\"bde-div-2308-107 bde-div\">\n  \n  \n\t\n\n\n\n<h2 class=\"bde-heading-2308-108 bde-heading\">\nAvantajlar & Fark Yaratan Noktalar\n<\/h2>\n<\/div><div class=\"bde-grid-2308-109 bde-grid\">\n  \n  \n\t\n\n\n\n<div class=\"bde-div-2308-110 bde-div\">\n  \n  \n\t\n\n\n\n<div class=\"bde-rich-text-2308-111 bde-rich-text breakdance-rich-text-styles\">\n<p><strong data-start=\"554\" data-end=\"581\">Ticaret Masas\u0131 Kurulumu<\/strong>: Hem fiziksel hem de finansal ticaret masalar\u0131n\u0131 y\u00fcksek performans ve \u00f6l\u00e7eklenebilirlik i\u00e7in tasarl\u0131yor ve optimize ediyoruz.<\/p><p><strong data-start=\"712\" data-end=\"742\">Risk &amp; Hedging Stratejisi<\/strong>: Marjlar\u0131n\u0131z\u0131 korumak ve piyasa dalgalanmalar\u0131na kar\u015f\u0131 g\u00fcvence sa\u011flamak i\u00e7in size \u00f6zel risk modelleri ve korunma \u00e7\u00f6z\u00fcmleri sunuyoruz.<\/p><p><strong data-start=\"881\" data-end=\"901\">Reg\u00fclasyon Uyumu<\/strong>: K\u00fcresel enerji ticareti reg\u00fclasyonlar\u0131, raporlama standartlar\u0131 ve denetim gereklilikleriyle tam uyum i\u00e7inde olman\u0131z\u0131 sa\u011fl\u0131yoruz.<\/p>\n<\/div>\n<\/div><div class=\"bde-div-2308-112 bde-div\">\n  \n  \n\t\n\n\n\n<div class=\"bde-rich-text-2308-113 bde-rich-text breakdance-rich-text-styles\">\n<p><strong data-start=\"541\" data-end=\"564\">Dijital G\u00fc\u00e7lendirme<\/strong>: Ticaret operasyonlar\u0131n\u0131za h\u0131z ve \u015feffafl\u0131k katmak i\u00e7in modern ticaret platformlar\u0131, geli\u015fmi\u015f analitik ara\u00e7lar ve otomasyon \u00e7\u00f6z\u00fcmleri sunuyoruz.<\/p><p><strong data-start=\"714\" data-end=\"739\">S\u00f6zle\u015fme Yap\u0131land\u0131rma<\/strong>: Enerji sekt\u00f6r\u00fcndeki karma\u015f\u0131k s\u00f6zle\u015fmelerin ve i\u015f ortakl\u0131\u011f\u0131 anla\u015fmalar\u0131n\u0131n m\u00fczakere ve dok\u00fcmantasyon s\u00fcre\u00e7lerinde yan\u0131n\u0131zday\u0131z.<\/p><p><strong data-start=\"872\" data-end=\"894\">Piyasa \u0130stihbarat\u0131<\/strong>: Fiyat hareketleri, arz-talep dengeleri ve jeopolitik riskler hakk\u0131nda ger\u00e7ek zamanl\u0131 i\u00e7g\u00f6r\u00fcler sa\u011flayarak stratejik kararlar\u0131n\u0131za y\u00f6n veriyoruz.<\/p>\n<\/div>\n<\/div>\n<\/div><\/div>\n<\/section><section class=\"bde-section-2308-114 bde-section\">\n  \n  \n\t\n\n\n\n<div class=\"section-container\"><div class=\"bde-div-2308-115 bde-div\">\n  \n  \n\t\n\n\n\n<h2 class=\"bde-heading-2308-116 bde-heading\">\nPetrol & Gaz Ticaretindeki Uzmanl\u0131\u011f\u0131m\u0131z\n<\/h2><div class=\"bde-text-2308-117 bde-text\">\nBoras Global, k\u00fcresel eri\u015fim ve sekt\u00f6rel uzmanl\u0131\u011f\u0131yla \u015firketlere g\u00fcvenle b\u00fcy\u00fcme imk\u00e2n\u0131 sunar. Uzmanl\u0131k alanlar\u0131m\u0131z:\n<\/div>\n<\/div><div class=\"bde-frequently-asked-questions-2308-118 bde-frequently-asked-questions\">\n      <div class=\"bde-faq__item\">\n      <h3 class=\"bde-faq__title-tag\">\n       <button id=\"bde-faq-118-button-1\" aria-expanded=\"false\" aria-controls=\"bde-faq-118-1\" class=\"bde-faq__question js-faq-item\">\n          <span class=\"bde-faq__title\">Ticaret Masas\u0131 Kurulum & Y\u00f6netim Hizmetleri<\/span>\n                           <div aria-hidden=\"true\" class=\"bde-faq__icon bde-faq__icon--inactive\">\n                                <svg xmlns=\"http:\/\/www.w3.org\/2000\/svg\" viewBox=\"0 0 448 512\"><!--! Font Awesome Free 6.5.1 by @fontawesome - https:\/\/fontawesome.com License - https:\/\/fontawesome.com\/license\/free (Icons: CC BY 4.0, Fonts: SIL OFL 1.1, Code: MIT License) Copyright 2023 Fonticons, Inc. --><path d=\"M256 80c0-17.7-14.3-32-32-32s-32 14.3-32 32V224H48c-17.7 0-32 14.3-32 32s14.3 32 32 32H192V432c0 17.7 14.3 32 32 32s32-14.3 32-32V288H400c17.7 0 32-14.3 32-32s-14.3-32-32-32H256V80z\"\/><\/svg>\n                            <\/div>\n         \t  <div aria-hidden=\"true\" class=\"bde-faq__icon bde-faq__icon--active\">\n                                <svg xmlns=\"http:\/\/www.w3.org\/2000\/svg\" viewBox=\"0 0 448 512\"><!--! Font Awesome Free 6.5.1 by @fontawesome - https:\/\/fontawesome.com License - https:\/\/fontawesome.com\/license\/free (Icons: CC BY 4.0, Fonts: SIL OFL 1.1, Code: MIT License) Copyright 2023 Fonticons, Inc. --><path d=\"M432 256c0 17.7-14.3 32-32 32L48 288c-17.7 0-32-14.3-32-32s14.3-32 32-32l352 0c17.7 0 32 14.3 32 32z\"\/><\/svg>\n                            <\/div>\n                  <\/button>\n      <\/h3>\n      <div role=\"region\" aria-labelledby=\"bde-faq-118-button-1\" id=\"bde-faq-118-1\" class=\"bde-faq__answer\">\n        <div class=\"bde-faq__answer-content\">\n            <div class=\"breakdance-rich-text-styles\"><ul><li><p>Ticaret masas\u0131 mimarisi ve i\u015f ak\u0131\u015f\u0131 tasar\u0131m\u0131<\/p><\/li><li><p>\u0130\u015flem ak\u0131\u015f\u0131 haritalama ve performans analizi<\/p><\/li><li><p>Masa bazl\u0131 y\u00f6neti\u015fim ve raporlama mekanizmalar\u0131<\/p><\/li><\/ul><\/div>\n\n                    <\/div>\n      <\/div>\n    <\/div>\n      <div class=\"bde-faq__item\">\n      <h3 class=\"bde-faq__title-tag\">\n       <button id=\"bde-faq-118-button-2\" aria-expanded=\"false\" aria-controls=\"bde-faq-118-2\" class=\"bde-faq__question js-faq-item\">\n          <span class=\"bde-faq__title\">Risk Y\u00f6netimi & Korunma Stratejileri<\/span>\n                           <div aria-hidden=\"true\" class=\"bde-faq__icon bde-faq__icon--inactive\">\n                                <svg xmlns=\"http:\/\/www.w3.org\/2000\/svg\" viewBox=\"0 0 448 512\"><!--! Font Awesome Free 6.5.1 by @fontawesome - https:\/\/fontawesome.com License - https:\/\/fontawesome.com\/license\/free (Icons: CC BY 4.0, Fonts: SIL OFL 1.1, Code: MIT License) Copyright 2023 Fonticons, Inc. --><path d=\"M256 80c0-17.7-14.3-32-32-32s-32 14.3-32 32V224H48c-17.7 0-32 14.3-32 32s14.3 32 32 32H192V432c0 17.7 14.3 32 32 32s32-14.3 32-32V288H400c17.7 0 32-14.3 32-32s-14.3-32-32-32H256V80z\"\/><\/svg>\n                            <\/div>\n         \t  <div aria-hidden=\"true\" class=\"bde-faq__icon bde-faq__icon--active\">\n                                <svg xmlns=\"http:\/\/www.w3.org\/2000\/svg\" viewBox=\"0 0 448 512\"><!--! Font Awesome Free 6.5.1 by @fontawesome - https:\/\/fontawesome.com License - https:\/\/fontawesome.com\/license\/free (Icons: CC BY 4.0, Fonts: SIL OFL 1.1, Code: MIT License) Copyright 2023 Fonticons, Inc. --><path d=\"M432 256c0 17.7-14.3 32-32 32L48 288c-17.7 0-32-14.3-32-32s14.3-32 32-32l352 0c17.7 0 32 14.3 32 32z\"\/><\/svg>\n                            <\/div>\n                  <\/button>\n      <\/h3>\n      <div role=\"region\" aria-labelledby=\"bde-faq-118-button-2\" id=\"bde-faq-118-2\" class=\"bde-faq__answer\">\n        <div class=\"bde-faq__answer-content\">\n            <div class=\"breakdance-rich-text-styles\"><ul><li><p>Fiyat riski modelleme ve t\u00fcrev ara\u00e7lara y\u00f6nelik strateji geli\u015ftirme<\/p><\/li><li><p>Risk maruziyeti analizi ve portf\u00f6y optimizasyonu<\/p><\/li><li><p>Stres testleri ve olas\u0131 senaryolar i\u00e7in planlama<\/p><\/li><\/ul><\/div>\n\n                    <\/div>\n      <\/div>\n    <\/div>\n      <div class=\"bde-faq__item\">\n      <h3 class=\"bde-faq__title-tag\">\n       <button id=\"bde-faq-118-button-3\" aria-expanded=\"false\" aria-controls=\"bde-faq-118-3\" class=\"bde-faq__question js-faq-item\">\n          <span class=\"bde-faq__title\">Uyum S\u00fcre\u00e7leri & S\u00f6zle\u015fmeler<\/span>\n                           <div aria-hidden=\"true\" class=\"bde-faq__icon bde-faq__icon--inactive\">\n                                <svg xmlns=\"http:\/\/www.w3.org\/2000\/svg\" viewBox=\"0 0 448 512\"><!--! Font Awesome Free 6.5.1 by @fontawesome - https:\/\/fontawesome.com License - https:\/\/fontawesome.com\/license\/free (Icons: CC BY 4.0, Fonts: SIL OFL 1.1, Code: MIT License) Copyright 2023 Fonticons, Inc. --><path d=\"M256 80c0-17.7-14.3-32-32-32s-32 14.3-32 32V224H48c-17.7 0-32 14.3-32 32s14.3 32 32 32H192V432c0 17.7 14.3 32 32 32s32-14.3 32-32V288H400c17.7 0 32-14.3 32-32s-14.3-32-32-32H256V80z\"\/><\/svg>\n                            <\/div>\n         \t  <div aria-hidden=\"true\" class=\"bde-faq__icon bde-faq__icon--active\">\n                                <svg xmlns=\"http:\/\/www.w3.org\/2000\/svg\" viewBox=\"0 0 448 512\"><!--! Font Awesome Free 6.5.1 by @fontawesome - https:\/\/fontawesome.com License - https:\/\/fontawesome.com\/license\/free (Icons: CC BY 4.0, Fonts: SIL OFL 1.1, Code: MIT License) Copyright 2023 Fonticons, Inc. --><path d=\"M432 256c0 17.7-14.3 32-32 32L48 288c-17.7 0-32-14.3-32-32s14.3-32 32-32l352 0c17.7 0 32 14.3 32 32z\"\/><\/svg>\n                            <\/div>\n                  <\/button>\n      <\/h3>\n      <div role=\"region\" aria-labelledby=\"bde-faq-118-button-3\" id=\"bde-faq-118-3\" class=\"bde-faq__answer\">\n        <div class=\"bde-faq__answer-content\">\n            <div class=\"breakdance-rich-text-styles\"><ul><li><p>D\u00fczenleyici gerekliliklerin haritalanmas\u0131 ve denetime haz\u0131rl\u0131k<\/p><\/li><li><p>S\u00f6zle\u015fme m\u00fczakereleri ve s\u00f6zle\u015fme dok\u00fcmantasyonu<\/p><\/li><li><p>Kar\u015f\u0131 taraf risk de\u011ferlendirmesi ve i\u015f ortaklar\u0131n\u0131n s\u00fcrece dahil edilmesi<\/p><\/li><\/ul><\/div>\n\n                    <\/div>\n      <\/div>\n    <\/div>\n      <div class=\"bde-faq__item\">\n      <h3 class=\"bde-faq__title-tag\">\n       <button id=\"bde-faq-118-button-4\" aria-expanded=\"false\" aria-controls=\"bde-faq-118-4\" class=\"bde-faq__question js-faq-item\">\n          <span class=\"bde-faq__title\">Dijitalle\u015fme & Stratejik D\u00f6n\u00fc\u015f\u00fcm<\/span>\n                           <div aria-hidden=\"true\" class=\"bde-faq__icon bde-faq__icon--inactive\">\n                                <svg xmlns=\"http:\/\/www.w3.org\/2000\/svg\" viewBox=\"0 0 448 512\"><!--! Font Awesome Free 6.5.1 by @fontawesome - https:\/\/fontawesome.com License - https:\/\/fontawesome.com\/license\/free (Icons: CC BY 4.0, Fonts: SIL OFL 1.1, Code: MIT License) Copyright 2023 Fonticons, Inc. --><path d=\"M256 80c0-17.7-14.3-32-32-32s-32 14.3-32 32V224H48c-17.7 0-32 14.3-32 32s14.3 32 32 32H192V432c0 17.7 14.3 32 32 32s32-14.3 32-32V288H400c17.7 0 32-14.3 32-32s-14.3-32-32-32H256V80z\"\/><\/svg>\n                            <\/div>\n         \t  <div aria-hidden=\"true\" class=\"bde-faq__icon bde-faq__icon--active\">\n                                <svg xmlns=\"http:\/\/www.w3.org\/2000\/svg\" viewBox=\"0 0 448 512\"><!--! Font Awesome Free 6.5.1 by @fontawesome - https:\/\/fontawesome.com License - https:\/\/fontawesome.com\/license\/free (Icons: CC BY 4.0, Fonts: SIL OFL 1.1, Code: MIT License) Copyright 2023 Fonticons, Inc. --><path d=\"M432 256c0 17.7-14.3 32-32 32L48 288c-17.7 0-32-14.3-32-32s14.3-32 32-32l352 0c17.7 0 32 14.3 32 32z\"\/><\/svg>\n                            <\/div>\n                  <\/button>\n      <\/h3>\n      <div role=\"region\" aria-labelledby=\"bde-faq-118-button-4\" id=\"bde-faq-118-4\" class=\"bde-faq__answer\">\n        <div class=\"bde-faq__answer-content\">\n            <div class=\"breakdance-rich-text-styles\"><ul><li><p>Platform se\u00e7imi ve entegrasyonu<\/p><\/li><li><p>Ger\u00e7ek zamanl\u0131 veri analiti\u011fi ve g\u00f6rselle\u015ftirme<\/p><\/li><li><p>\u0130\u015flem y\u00fcr\u00fctme ve raporlama otomasyonu<\/p><\/li><\/ul><\/div>\n\n                    <\/div>\n      <\/div>\n    <\/div>\n  \n<\/div><\/div>\n<\/section><section class=\"bde-section-2308-132 bde-section\">\n  \n  \n\t\n\n\n\n<div class=\"section-container\"><div class=\"bde-div-2308-133 bde-div\">\n  \n  \n\t\n\n\n\n<h2 class=\"bde-heading-2308-134 bde-heading\">\nG\u00fcncel \u0130\u00e7g\u00f6r\u00fcler & Raporlar\n<\/h2><div class=\"bde-text-2308-135 bde-text\">\nEn son piyasa trendleri, enerji raporlar\u0131 ve sekt\u00f6r analizleriyle her zaman bir ad\u0131m \u00f6nde olun.\n<\/div>\n<\/div><div class=\"bde-div-2308-136 bde-div\">\n  \n  \n\t\n\n\n\n<div class=\"bde-post-loop-2308-137 bde-post-loop phox-facets-target phox-facets-target-default\"><div class=\"bde-loop bde-loop-grid ee-posts ee-posts-grid\">    <article class=\"bde-loop-item ee-post\">\n        <a class=\"bde-container-link-2408-100-2391-2408-1 bde-container-link bde-container-link-2408-100 breakdance-link\" href=\"https:\/\/borasglobal.com\/tr\/guneydogu-asyanin-enerji-gelecegi-artan-talep-yeni-firsatlar\/\" target=\"_self\" data-type=\"url\">\n  \n  \n\t\n\n\n\n<style>.breakdance .bde-div-2408-103-2391-2408-1{background-color:#E3F3FF;background-image:url(https:\/\/borasglobal.com\/wp-content\/uploads\/2025\/08\/Solar-panel-on-blue-sky-background2.jpg);background-size:cover;background-position:center center}<\/style><div class=\"bde-div-2408-103-2391-2408-1 bde-div bde-div-2408-103\">\n  \n  \n\t\n\n\n\n<div class=\"bde-div-2408-107-2391-2408-1 bde-div bde-div-2408-107\">\n              \n  \n  \n\t\n\n\n\n<div class=\"bde-div-2408-104-2391-2408-1 bde-div bde-div-2408-104\">\n  \n  \n\t\n\n\n\n<h3 class=\"bde-heading-2408-102-2391-2408-1 bde-heading bde-heading-2408-102\">\nG\u00fcneydo\u011fu Asya\u2019n\u0131n Enerji Gelece\u011fi: Artan Talep, Yeni F\u0131rsatlar\n<\/h3>\n<\/div><div class=\"bde-div-2408-105-2391-2408-1 bde-div bde-div-2408-105\">\n  \n  \n\t\n\n\n\n<div class=\"bde-button-2408-106-2391-2408-1 bde-button bde-button-2408-106\">\n    \n                        \n                        \n    \n    \n    \n    \n            \n                    \n            \n            \n\n    \n    \n    \n    \n    \n    <a class=\"breakdance-link button-atom button-atom--custom bde-button__button\" href=\"https:\/\/borasglobal.com\/tr\/guneydogu-asyanin-enerji-gelecegi-artan-talep-yeni-firsatlar\/\" target=\"_self\" data-type=\"url\"  >\n\n    \n        <span class=\"button-atom__text\">Ayr\u0131nt\u0131lar\u0131 \u0130ncele<\/span>\n\n                            \n        \n                <\/a>\n\n    \n\n\n<\/div>\n<\/div>\n<\/div>\n<\/div>\n\n<\/a>    <\/article>\n    <article class=\"bde-loop-item ee-post\">\n        <a class=\"bde-container-link-2408-100-2477-2408-1 bde-container-link bde-container-link-2408-100 breakdance-link\" href=\"https:\/\/borasglobal.com\/tr\/gunes-ve-depolama-deneme-projelerinden-yarinin-enerji-altyapisina\/\" target=\"_self\" data-type=\"url\">\n  \n  \n\t\n\n\n\n<style>.breakdance .bde-div-2408-103-2477-2408-1{background-color:#E3F3FF;background-image:url(https:\/\/borasglobal.com\/wp-content\/uploads\/2025\/09\/Solar-Energy-Farm-in-Fields-3.jpg);background-size:cover;background-position:center center}<\/style><div class=\"bde-div-2408-103-2477-2408-1 bde-div bde-div-2408-103\">\n  \n  \n\t\n\n\n\n<div class=\"bde-div-2408-107-2477-2408-1 bde-div bde-div-2408-107\">\n              \n  \n  \n\t\n\n\n\n<div class=\"bde-div-2408-104-2477-2408-1 bde-div bde-div-2408-104\">\n  \n  \n\t\n\n\n\n<h3 class=\"bde-heading-2408-102-2477-2408-1 bde-heading bde-heading-2408-102\">\nG\u00fcne\u015f ve Depolama: Deneme Projelerinden Yar\u0131n\u0131n Enerji Altyap\u0131s\u0131na\n<\/h3>\n<\/div><div class=\"bde-div-2408-105-2477-2408-1 bde-div bde-div-2408-105\">\n  \n  \n\t\n\n\n\n<div class=\"bde-button-2408-106-2477-2408-1 bde-button bde-button-2408-106\">\n    \n                        \n                        \n    \n    \n    \n    \n            \n                    \n            \n            \n\n    \n    \n    \n    \n    \n    <a class=\"breakdance-link button-atom button-atom--custom bde-button__button\" href=\"https:\/\/borasglobal.com\/tr\/gunes-ve-depolama-deneme-projelerinden-yarinin-enerji-altyapisina\/\" target=\"_self\" data-type=\"url\"  >\n\n    \n        <span class=\"button-atom__text\">Ayr\u0131nt\u0131lar\u0131 \u0130ncele<\/span>\n\n                            \n        \n                <\/a>\n\n    \n\n\n<\/div>\n<\/div>\n<\/div>\n<\/div>\n\n<\/a>    <\/article>\n    <article class=\"bde-loop-item ee-post\">\n        <a class=\"bde-container-link-2408-100-2474-2408-1 bde-container-link bde-container-link-2408-100 breakdance-link\" href=\"https:\/\/borasglobal.com\/tr\/kuresel-yenilenebilir-enerji-zirvesi-2025-vizyondan-eyleme\/\" target=\"_self\" data-type=\"url\">\n  \n  \n\t\n\n\n\n<style>.breakdance .bde-div-2408-103-2474-2408-1{background-color:#E3F3FF;background-image:url(https:\/\/borasglobal.com\/wp-content\/uploads\/2025\/08\/Global-Renewables-Summit-2025-From-Vision-to-Action.jpg);background-size:cover;background-position:center center}<\/style><div class=\"bde-div-2408-103-2474-2408-1 bde-div bde-div-2408-103\">\n  \n  \n\t\n\n\n\n<div class=\"bde-div-2408-107-2474-2408-1 bde-div bde-div-2408-107\">\n              \n  \n  \n\t\n\n\n\n<div class=\"bde-div-2408-104-2474-2408-1 bde-div bde-div-2408-104\">\n  \n  \n\t\n\n\n\n<h3 class=\"bde-heading-2408-102-2474-2408-1 bde-heading bde-heading-2408-102\">\nK\u00fcresel Yenilenebilir Enerji Zirvesi 2025: Vizyon\u2019dan Eyleme\n<\/h3>\n<\/div><div class=\"bde-div-2408-105-2474-2408-1 bde-div bde-div-2408-105\">\n  \n  \n\t\n\n\n\n<div class=\"bde-button-2408-106-2474-2408-1 bde-button bde-button-2408-106\">\n    \n                        \n                        \n    \n    \n    \n    \n            \n                    \n            \n            \n\n    \n    \n    \n    \n    \n    <a class=\"breakdance-link button-atom button-atom--custom bde-button__button\" href=\"https:\/\/borasglobal.com\/tr\/kuresel-yenilenebilir-enerji-zirvesi-2025-vizyondan-eyleme\/\" target=\"_self\" data-type=\"url\"  >\n\n    \n        <span class=\"button-atom__text\">Ayr\u0131nt\u0131lar\u0131 \u0130ncele<\/span>\n\n                            \n        \n                <\/a>\n\n    \n\n\n<\/div>\n<\/div>\n<\/div>\n<\/div>\n\n<\/a>    <\/article>\n<\/div>\r\n<\/div>\n<\/div><\/div>\n<\/section><section class=\"bde-section-2308-138 bde-section\">\n  \n  \n\t\n\n\n\n<div class=\"section-container\"><div class=\"bde-div-2308-139 bde-div\">\n  \n  \n\t\n\n\n\n<div class=\"bde-div-2308-140 bde-div\">\n  \n  \n\t\n\n\n\n<div class=\"bde-text-2308-141 bde-text\">\n\u0130leti\u015fim\n<\/div><div class=\"bde-text-2308-146 bde-text\">\nTicaret ve limanda verimlilik ve uyumluluk odakl\u0131 \u00e7\u00f6z\u00fcmler\n<\/div>\n<\/div><div class=\"bde-div-2308-143 bde-div\">\n  \n  \n\t\n\n\n\n<div class=\"bde-button-2308-144 bde-button\">\n    \n                        \n                        \n    \n    \n    \n    \n            \n                    \n            \n            \n\n    \n    \n    \n    \n    \n    <a class=\"breakdance-link button-atom button-atom--custom bde-button__button\" href=\"mailto:info@borasglobal.com\" target=\"_self\" data-type=\"url\"  >\n\n    \n        <span class=\"button-atom__text\">Toplant\u0131 Planlay\u0131n<\/span>\n\n                            \n        \n                <\/a>\n\n    \n\n\n<\/div><div class=\"bde-button-2308-145 bde-button\">\n    \n                        \n                        \n    \n    \n    \n    \n            \n                    \n            \n            \n\n    \n    \n    \n    \n    \n    <a class=\"breakdance-link button-atom button-atom--custom bde-button__button\" href=\"\/tr\/iletisim\" target=\"_self\" data-type=\"url\"  >\n\n    \n        <span class=\"button-atom__text\">Teklif \u0130steyin<\/span>\n\n                            \n        \n                <\/a>\n\n    \n\n\n<\/div>\n<\/div>\n<\/div><\/div>\n<\/section>","protected":false},"excerpt":{"rendered":"<p>Petrol &#038; Gaz Ticareti Petrol ve Do\u011fal Gaz Ticareti; fiyat dalgalanmalar\u0131, jeopolitik geli\u015fmeler ve d\u00fczenleyici karma\u015f\u0131kl\u0131klarla \u015fekillenen y\u00fcksek riskli bir aland\u0131r. Bu alanda ba\u015far\u0131, hassasiyet, \u00e7eviklik ve g\u00fc\u00e7l\u00fc piyasa i\u00e7g\u00f6r\u00fcs\u00fc gerektirir. Boras Global, ticaret ekiplerine daha ak\u0131ll\u0131, h\u0131zl\u0131 ve g\u00fcvenli \u00e7al\u0131\u015fma imk\u00e2n\u0131 sunar. Ham petrolden rafine \u00fcr\u00fcnlere ve do\u011fal gaza kadar enerji ticareti, k\u00fcresel tedarik [&hellip;]<\/p>\n","protected":false},"author":1,"featured_media":0,"parent":0,"menu_order":0,"comment_status":"closed","ping_status":"closed","template":"","meta":{"_acf_changed":false,"_breakdance_hide_in_design_set":false,"_breakdance_tags":"","footnotes":""},"class_list":["post-2308","page","type-page","status-publish","hentry"],"acf":[],"_links":{"self":[{"href":"https:\/\/borasglobal.com\/tr\/wp-json\/wp\/v2\/pages\/2308","targetHints":{"allow":["GET"]}}],"collection":[{"href":"https:\/\/borasglobal.com\/tr\/wp-json\/wp\/v2\/pages"}],"about":[{"href":"https:\/\/borasglobal.com\/tr\/wp-json\/wp\/v2\/types\/page"}],"author":[{"embeddable":true,"href":"https:\/\/borasglobal.com\/tr\/wp-json\/wp\/v2\/users\/1"}],"replies":[{"embeddable":true,"href":"https:\/\/borasglobal.com\/tr\/wp-json\/wp\/v2\/comments?post=2308"}],"version-history":[{"count":10,"href":"https:\/\/borasglobal.com\/tr\/wp-json\/wp\/v2\/pages\/2308\/revisions"}],"predecessor-version":[{"id":2876,"href":"https:\/\/borasglobal.com\/tr\/wp-json\/wp\/v2\/pages\/2308\/revisions\/2876"}],"wp:attachment":[{"href":"https:\/\/borasglobal.com\/tr\/wp-json\/wp\/v2\/media?parent=2308"}],"curies":[{"name":"wp","href":"https:\/\/api.w.org\/{rel}","templated":true}]}}