{"id":2309,"date":"2025-09-25T17:20:50","date_gmt":"2025-09-25T14:20:50","guid":{"rendered":"https:\/\/borasglobal.com\/organizational-digital-consulting\/"},"modified":"2025-10-20T18:46:00","modified_gmt":"2025-10-20T15:46:00","slug":"organizasyonel-dijital-danismanlik","status":"publish","type":"page","link":"https:\/\/borasglobal.com\/tr\/organizasyonel-dijital-danismanlik\/","title":{"rendered":"Organizasyonel &amp; Dijital Dan\u0131\u015fmanl\u0131k"},"content":{"rendered":"<section class=\"bde-section-2309-100 bde-section\">\n  \n  \n\t\n\n\n\n<div class=\"section-container\"><div class=\"bde-div-2309-101 bde-div\">\n  \n  \n\t\n\n\n\n<h1 class=\"bde-heading-2309-102 bde-heading\">\nOperasyonel & Dijital Dan\u0131\u015fmanl\u0131k\n<\/h1><div class=\"bde-text-2309-103 bde-text\">\nOrganizasyonel ve Dijital Dan\u0131\u015fmanl\u0131k, strateji ile uygulamay\u0131 bir araya getirerek \u015firketlerin yap\u0131lar\u0131n\u0131, s\u00fcre\u00e7lerini ve teknolojilerini h\u0131zla de\u011fi\u015fen d\u00fcnyaya uyumlu hale getirmelerine destek olur. Boras Global, dijitalin \u00f6tesine ge\u00e7en ve insan merkezli bir d\u00f6n\u00fc\u015f\u00fcm\u00fc m\u00fcmk\u00fcn k\u0131lar.\n<\/div>\n<\/div><img decoding=\"async\" class=\"bde-image2-2309-104 bde-image2\" src=\"https:\/\/borasglobal.com\/wp-content\/uploads\/2025\/09\/Aerial-view-oil-ship-tanker-at-terminal-sea-port-Large-crud.jpg\" loading=\"lazy\" srcset=\"https:\/\/borasglobal.com\/wp-content\/uploads\/2025\/09\/Aerial-view-oil-ship-tanker-at-terminal-sea-port-Large-crud.jpg 2300w, https:\/\/borasglobal.com\/wp-content\/uploads\/2025\/09\/Aerial-view-oil-ship-tanker-at-terminal-sea-port-Large-crud-800x449.jpg 800w, https:\/\/borasglobal.com\/wp-content\/uploads\/2025\/09\/Aerial-view-oil-ship-tanker-at-terminal-sea-port-Large-crud-1200x674.jpg 1200w, https:\/\/borasglobal.com\/wp-content\/uploads\/2025\/09\/Aerial-view-oil-ship-tanker-at-terminal-sea-port-Large-crud-768x431.jpg 768w, https:\/\/borasglobal.com\/wp-content\/uploads\/2025\/09\/Aerial-view-oil-ship-tanker-at-terminal-sea-port-Large-crud-1536x863.jpg 1536w, https:\/\/borasglobal.com\/wp-content\/uploads\/2025\/09\/Aerial-view-oil-ship-tanker-at-terminal-sea-port-Large-crud-2048x1150.jpg 2048w\" sizes=\"(max-width: 2300px) 100vw, 2300px\" alt=\"\"><div class=\"bde-text-2309-105 bde-text\">\nBug\u00fcn\u00fcn i\u015f d\u00fcnyas\u0131nda organizasyonlar\u0131n yal\u0131n, \u00e7evik ve dijital g\u00fcce sahip olmas\u0131 gerekir. Geleneksel hiyerar\u015filer ve eski sistemler, yenili\u011fi ve h\u0131zl\u0131 karar almay\u0131 engelleyebilir. Ger\u00e7ek d\u00f6n\u00fc\u015f\u00fcm; insanlar\u0131n nas\u0131l \u00e7al\u0131\u015ft\u0131\u011f\u0131n\u0131, sistemlerin nas\u0131l ba\u011fland\u0131\u011f\u0131n\u0131 ve de\u011ferin nas\u0131l \u00fcretildi\u011fini yeniden d\u00fc\u015f\u00fcnmeyi gerektirir.<br><br>Boras Global, \u015firketlerin organizasyonlar\u0131n\u0131 yeniden tasarlamalar\u0131na ve dijital ara\u00e7larla performanslar\u0131n\u0131 art\u0131rmalar\u0131na destek olur. \u0130\u015f modeli de\u011fi\u015fimlerinden kurumsal \u00e7apta dijitalle\u015fmeye kadar, k\u00fclt\u00fcrle beslenen, teknolojiyle m\u00fcmk\u00fcn k\u0131l\u0131nan ve sonu\u00e7larla \u00f6l\u00e7\u00fclen kal\u0131c\u0131 bir d\u00f6n\u00fc\u015f\u00fcm sa\u011fl\u0131yoruz.\n<\/div><\/div>\n<\/section><section class=\"bde-section-2309-106 bde-section\">\n  \n  \n\t\n\n\n\n<div class=\"section-container\"><div class=\"bde-div-2309-107 bde-div\">\n  \n  \n\t\n\n\n\n<h2 class=\"bde-heading-2309-108 bde-heading\">\nAvantajlar & Fark Yaratan Noktalar\n<\/h2>\n<\/div><div class=\"bde-grid-2309-109 bde-grid\">\n  \n  \n\t\n\n\n\n<div class=\"bde-div-2309-110 bde-div\">\n  \n  \n\t\n\n\n\n<div class=\"bde-rich-text-2309-111 bde-rich-text breakdance-rich-text-styles\">\n<p><strong data-start=\"542\" data-end=\"568\">Organizasyonel Tasar\u0131m<\/strong>: Stratejik hedeflere ula\u015fmay\u0131 ve \u00e7evik \u00e7al\u0131\u015fmay\u0131 desteklemek i\u00e7in organizasyon yap\u0131lar\u0131n\u0131z\u0131, rollerinizi ve y\u00f6neti\u015fim modellerinizi yeniden kurguluyoruz.<\/p><p><strong>Operasyonel M\u00fckemmellik:<\/strong> Yal\u0131n y\u00f6netim prensipleri ve performans analiti\u011fiyle s\u00fcre\u00e7lerinizi h\u0131z, kalite ve maliyet odakl\u0131 optimize ediyoruz.<\/p><p><strong data-start=\"876\" data-end=\"895\">Dijital D\u00f6n\u00fc\u015f\u00fcm<\/strong>: \u0130\u015f birli\u011fini g\u00fc\u00e7lendiren, otomasyonu art\u0131ran ve veri odakl\u0131 karar almay\u0131 m\u00fcmk\u00fcn k\u0131lan teknolojileri hayata ge\u00e7iriyoruz.<\/p>\n<\/div>\n<\/div><div class=\"bde-div-2309-112 bde-div\">\n  \n  \n\t\n\n\n\n<div class=\"bde-rich-text-2309-113 bde-rich-text breakdance-rich-text-styles\">\n<p><strong data-start=\"507\" data-end=\"527\">De\u011fi\u015fim Y\u00f6netimi<\/strong>: T\u00fcm ekiplerde kat\u0131l\u0131m\u0131 art\u0131r\u0131yor, gerekli yetkinlikleri geli\u015ftiriyor ve d\u00f6n\u00fc\u015f\u00fcm\u00fcn kal\u0131c\u0131 olmas\u0131n\u0131 sa\u011fl\u0131yoruz.<\/p><p><strong data-start=\"643\" data-end=\"665\">K\u00fclt\u00fcr ve Liderlik<\/strong>: De\u011ferleri, davran\u0131\u015flar\u0131 ve liderlik yakla\u015f\u0131mlar\u0131n\u0131 uyumlu hale getirerek d\u00f6n\u00fc\u015f\u00fcm\u00fc destekliyoruz.<\/p><p><strong data-start=\"768\" data-end=\"797\">\u00d6l\u00e7eklenebilir \u00c7er\u00e7eveler<\/strong>: \u0130\u015fletmenizle birlikte b\u00fcy\u00fcyebilen, esnek ve gelece\u011fin ihtiya\u00e7lar\u0131na uyumlu \u00e7\u00f6z\u00fcmler tasarl\u0131yoruz.<\/p>\n<\/div>\n<\/div>\n<\/div><\/div>\n<\/section><section class=\"bde-section-2309-114 bde-section\">\n  \n  \n\t\n\n\n\n<div class=\"section-container\"><div class=\"bde-div-2309-115 bde-div\">\n  \n  \n\t\n\n\n\n<h2 class=\"bde-heading-2309-116 bde-heading\">\nOrganizasyon & Dijital Dan\u0131\u015fmanl\u0131k Alan\u0131ndaki Uzmanl\u0131\u011f\u0131m\u0131z\n<\/h2><div class=\"bde-text-2309-117 bde-text\">\n\u00c7e\u015fitli sekt\u00f6rlerdeki deneyimimiz ve insan odakl\u0131 yakla\u015f\u0131m\u0131m\u0131zla Boras Global, \u015firketlerin g\u00fcvenle d\u00f6n\u00fc\u015f\u00fcm yolculu\u011funa \u00e7\u0131kmas\u0131na destek olur. Uzmanl\u0131\u011f\u0131m\u0131z \u015funlar\u0131 kapsamaktad\u0131r:\n<\/div>\n<\/div><div class=\"bde-frequently-asked-questions-2309-118 bde-frequently-asked-questions\">\n      <div class=\"bde-faq__item\">\n      <h3 class=\"bde-faq__title-tag\">\n       <button id=\"bde-faq-118-button-1\" aria-expanded=\"false\" aria-controls=\"bde-faq-118-1\" class=\"bde-faq__question js-faq-item\">\n          <span class=\"bde-faq__title\">Organizasyonel Tasar\u0131m<\/span>\n                           <div aria-hidden=\"true\" class=\"bde-faq__icon bde-faq__icon--inactive\">\n                                <svg xmlns=\"http:\/\/www.w3.org\/2000\/svg\" viewBox=\"0 0 448 512\"><!--! Font Awesome Free 6.5.1 by @fontawesome - https:\/\/fontawesome.com License - https:\/\/fontawesome.com\/license\/free (Icons: CC BY 4.0, Fonts: SIL OFL 1.1, Code: MIT License) Copyright 2023 Fonticons, Inc. --><path d=\"M256 80c0-17.7-14.3-32-32-32s-32 14.3-32 32V224H48c-17.7 0-32 14.3-32 32s14.3 32 32 32H192V432c0 17.7 14.3 32 32 32s32-14.3 32-32V288H400c17.7 0 32-14.3 32-32s-14.3-32-32-32H256V80z\"\/><\/svg>\n                            <\/div>\n         \t  <div aria-hidden=\"true\" class=\"bde-faq__icon bde-faq__icon--active\">\n                                <svg xmlns=\"http:\/\/www.w3.org\/2000\/svg\" viewBox=\"0 0 448 512\"><!--! Font Awesome Free 6.5.1 by @fontawesome - https:\/\/fontawesome.com License - https:\/\/fontawesome.com\/license\/free (Icons: CC BY 4.0, Fonts: SIL OFL 1.1, Code: MIT License) Copyright 2023 Fonticons, Inc. --><path d=\"M432 256c0 17.7-14.3 32-32 32L48 288c-17.7 0-32-14.3-32-32s14.3-32 32-32l352 0c17.7 0 32 14.3 32 32z\"\/><\/svg>\n                            <\/div>\n                  <\/button>\n      <\/h3>\n      <div role=\"region\" aria-labelledby=\"bde-faq-118-button-1\" id=\"bde-faq-118-1\" class=\"bde-faq__answer\">\n        <div class=\"bde-faq__answer-content\">\n            <div class=\"breakdance-rich-text-styles\"><ul><li><p>Operasyon modeli geli\u015ftirme<\/p><\/li><li><p>Rollerin netle\u015ftirilmesi ve karar haklar\u0131<\/p><\/li><li><p>Y\u00f6neti\u015fim ve hesap verebilirlik \u00e7er\u00e7eveleri<\/p><\/li><\/ul><\/div>\n\n                    <\/div>\n      <\/div>\n    <\/div>\n      <div class=\"bde-faq__item\">\n      <h3 class=\"bde-faq__title-tag\">\n       <button id=\"bde-faq-118-button-2\" aria-expanded=\"false\" aria-controls=\"bde-faq-118-2\" class=\"bde-faq__question js-faq-item\">\n          <span class=\"bde-faq__title\">Operasyonel M\u00fckemmellik & Verimlilik<\/span>\n                           <div aria-hidden=\"true\" class=\"bde-faq__icon bde-faq__icon--inactive\">\n                                <svg xmlns=\"http:\/\/www.w3.org\/2000\/svg\" viewBox=\"0 0 448 512\"><!--! Font Awesome Free 6.5.1 by @fontawesome - https:\/\/fontawesome.com License - https:\/\/fontawesome.com\/license\/free (Icons: CC BY 4.0, Fonts: SIL OFL 1.1, Code: MIT License) Copyright 2023 Fonticons, Inc. --><path d=\"M256 80c0-17.7-14.3-32-32-32s-32 14.3-32 32V224H48c-17.7 0-32 14.3-32 32s14.3 32 32 32H192V432c0 17.7 14.3 32 32 32s32-14.3 32-32V288H400c17.7 0 32-14.3 32-32s-14.3-32-32-32H256V80z\"\/><\/svg>\n                            <\/div>\n         \t  <div aria-hidden=\"true\" class=\"bde-faq__icon bde-faq__icon--active\">\n                                <svg xmlns=\"http:\/\/www.w3.org\/2000\/svg\" viewBox=\"0 0 448 512\"><!--! Font Awesome Free 6.5.1 by @fontawesome - https:\/\/fontawesome.com License - https:\/\/fontawesome.com\/license\/free (Icons: CC BY 4.0, Fonts: SIL OFL 1.1, Code: MIT License) Copyright 2023 Fonticons, Inc. --><path d=\"M432 256c0 17.7-14.3 32-32 32L48 288c-17.7 0-32-14.3-32-32s14.3-32 32-32l352 0c17.7 0 32 14.3 32 32z\"\/><\/svg>\n                            <\/div>\n                  <\/button>\n      <\/h3>\n      <div role=\"region\" aria-labelledby=\"bde-faq-118-button-2\" id=\"bde-faq-118-2\" class=\"bde-faq__answer\">\n        <div class=\"bde-faq__answer-content\">\n            <div class=\"breakdance-rich-text-styles\"><ul><li><p>S\u00fcre\u00e7lerin haritalanmas\u0131 ve yeniden tasarlanmas\u0131<\/p><\/li><li><p>Performans \u00f6l\u00e7\u00fcm\u00fc ve KPI sistemleri<\/p><\/li><li><p>S\u00fcrekli iyile\u015ftirme programlar\u0131<\/p><\/li><\/ul><\/div>\n\n                    <\/div>\n      <\/div>\n    <\/div>\n      <div class=\"bde-faq__item\">\n      <h3 class=\"bde-faq__title-tag\">\n       <button id=\"bde-faq-118-button-3\" aria-expanded=\"false\" aria-controls=\"bde-faq-118-3\" class=\"bde-faq__question js-faq-item\">\n          <span class=\"bde-faq__title\">Dijital Yetkinle\u015ftirme<\/span>\n                           <div aria-hidden=\"true\" class=\"bde-faq__icon bde-faq__icon--inactive\">\n                                <svg xmlns=\"http:\/\/www.w3.org\/2000\/svg\" viewBox=\"0 0 448 512\"><!--! Font Awesome Free 6.5.1 by @fontawesome - https:\/\/fontawesome.com License - https:\/\/fontawesome.com\/license\/free (Icons: CC BY 4.0, Fonts: SIL OFL 1.1, Code: MIT License) Copyright 2023 Fonticons, Inc. --><path d=\"M256 80c0-17.7-14.3-32-32-32s-32 14.3-32 32V224H48c-17.7 0-32 14.3-32 32s14.3 32 32 32H192V432c0 17.7 14.3 32 32 32s32-14.3 32-32V288H400c17.7 0 32-14.3 32-32s-14.3-32-32-32H256V80z\"\/><\/svg>\n                            <\/div>\n         \t  <div aria-hidden=\"true\" class=\"bde-faq__icon bde-faq__icon--active\">\n                                <svg xmlns=\"http:\/\/www.w3.org\/2000\/svg\" viewBox=\"0 0 448 512\"><!--! Font Awesome Free 6.5.1 by @fontawesome - https:\/\/fontawesome.com License - https:\/\/fontawesome.com\/license\/free (Icons: CC BY 4.0, Fonts: SIL OFL 1.1, Code: MIT License) Copyright 2023 Fonticons, Inc. --><path d=\"M432 256c0 17.7-14.3 32-32 32L48 288c-17.7 0-32-14.3-32-32s14.3-32 32-32l352 0c17.7 0 32 14.3 32 32z\"\/><\/svg>\n                            <\/div>\n                  <\/button>\n      <\/h3>\n      <div role=\"region\" aria-labelledby=\"bde-faq-118-button-3\" id=\"bde-faq-118-3\" class=\"bde-faq__answer\">\n        <div class=\"bde-faq__answer-content\">\n            <div class=\"breakdance-rich-text-styles\"><ul><li><p>Gelece\u011fe y\u00f6n veren teknoloji yol haritas\u0131 ve do\u011fru platform tercihleri<\/p><\/li><li><p>S\u00fcre\u00e7leri h\u0131zland\u0131ran otomasyon ve entegre i\u015f ak\u0131\u015flar\u0131<\/p><\/li><li><p>Kararlar\u0131 g\u00fc\u00e7lendiren veri stratejisi ve ileri analitik \u00e7\u00f6z\u00fcmleri<\/p><\/li><\/ul><\/div>\n\n                    <\/div>\n      <\/div>\n    <\/div>\n      <div class=\"bde-faq__item\">\n      <h3 class=\"bde-faq__title-tag\">\n       <button id=\"bde-faq-118-button-4\" aria-expanded=\"false\" aria-controls=\"bde-faq-118-4\" class=\"bde-faq__question js-faq-item\">\n          <span class=\"bde-faq__title\">De\u011fi\u015fim & K\u00fclt\u00fcr<\/span>\n                           <div aria-hidden=\"true\" class=\"bde-faq__icon bde-faq__icon--inactive\">\n                                <svg xmlns=\"http:\/\/www.w3.org\/2000\/svg\" viewBox=\"0 0 448 512\"><!--! Font Awesome Free 6.5.1 by @fontawesome - https:\/\/fontawesome.com License - https:\/\/fontawesome.com\/license\/free (Icons: CC BY 4.0, Fonts: SIL OFL 1.1, Code: MIT License) Copyright 2023 Fonticons, Inc. --><path d=\"M256 80c0-17.7-14.3-32-32-32s-32 14.3-32 32V224H48c-17.7 0-32 14.3-32 32s14.3 32 32 32H192V432c0 17.7 14.3 32 32 32s32-14.3 32-32V288H400c17.7 0 32-14.3 32-32s-14.3-32-32-32H256V80z\"\/><\/svg>\n                            <\/div>\n         \t  <div aria-hidden=\"true\" class=\"bde-faq__icon bde-faq__icon--active\">\n                                <svg xmlns=\"http:\/\/www.w3.org\/2000\/svg\" viewBox=\"0 0 448 512\"><!--! Font Awesome Free 6.5.1 by @fontawesome - https:\/\/fontawesome.com License - https:\/\/fontawesome.com\/license\/free (Icons: CC BY 4.0, Fonts: SIL OFL 1.1, Code: MIT License) Copyright 2023 Fonticons, Inc. --><path d=\"M432 256c0 17.7-14.3 32-32 32L48 288c-17.7 0-32-14.3-32-32s14.3-32 32-32l352 0c17.7 0 32 14.3 32 32z\"\/><\/svg>\n                            <\/div>\n                  <\/button>\n      <\/h3>\n      <div role=\"region\" aria-labelledby=\"bde-faq-118-button-4\" id=\"bde-faq-118-4\" class=\"bde-faq__answer\">\n        <div class=\"bde-faq__answer-content\">\n            <div class=\"breakdance-rich-text-styles\"><ul><li><p>Payda\u015flarla g\u00fc\u00e7l\u00fc ileti\u015fim ve etkile\u015fim<\/p><\/li><li><p>Liderlik geli\u015fimi ve ko\u00e7luk<\/p><\/li><li><p>K\u00fclt\u00fcr analizi ve d\u00f6n\u00fc\u015f\u00fcm planlamas\u0131<\/p><\/li><\/ul><\/div>\n\n                    <\/div>\n      <\/div>\n    <\/div>\n  \n<\/div><\/div>\n<\/section><section class=\"bde-section-2309-140 bde-section\">\n  \n  \n\t\n\n\n\n<div class=\"section-container\"><div class=\"bde-div-2309-141 bde-div\">\n  \n  \n\t\n\n\n\n<h2 class=\"bde-heading-2309-142 bde-heading\">\nG\u00fcncel \u0130\u00e7g\u00f6r\u00fcler & Raporlar\n<\/h2><div class=\"bde-text-2309-143 bde-text\">\nEn son piyasa trendleri, enerji raporlar\u0131 ve sekt\u00f6r analizleriyle her zaman bir ad\u0131m \u00f6nde olun.\n<\/div>\n<\/div><div class=\"bde-div-2309-144 bde-div\">\n  \n  \n\t\n\n\n\n<div class=\"bde-post-loop-2309-145 bde-post-loop phox-facets-target phox-facets-target-default\"><div class=\"bde-loop bde-loop-grid ee-posts ee-posts-grid\">    <article class=\"bde-loop-item ee-post\">\n        <a class=\"bde-container-link-2408-100-2391-2408-1 bde-container-link bde-container-link-2408-100 breakdance-link\" href=\"https:\/\/borasglobal.com\/tr\/guneydogu-asyanin-enerji-gelecegi-artan-talep-yeni-firsatlar\/\" target=\"_self\" data-type=\"url\">\n  \n  \n\t\n\n\n\n<style>.breakdance .bde-div-2408-103-2391-2408-1{background-color:#E3F3FF;background-image:url(https:\/\/borasglobal.com\/wp-content\/uploads\/2025\/08\/Solar-panel-on-blue-sky-background2.jpg);background-size:cover;background-position:center center}<\/style><div class=\"bde-div-2408-103-2391-2408-1 bde-div bde-div-2408-103\">\n  \n  \n\t\n\n\n\n<div class=\"bde-div-2408-107-2391-2408-1 bde-div bde-div-2408-107\">\n              \n  \n  \n\t\n\n\n\n<div class=\"bde-div-2408-104-2391-2408-1 bde-div bde-div-2408-104\">\n  \n  \n\t\n\n\n\n<h3 class=\"bde-heading-2408-102-2391-2408-1 bde-heading bde-heading-2408-102\">\nG\u00fcneydo\u011fu Asya\u2019n\u0131n Enerji Gelece\u011fi: Artan Talep, Yeni F\u0131rsatlar\n<\/h3>\n<\/div><div class=\"bde-div-2408-105-2391-2408-1 bde-div bde-div-2408-105\">\n  \n  \n\t\n\n\n\n<div class=\"bde-button-2408-106-2391-2408-1 bde-button bde-button-2408-106\">\n    \n                        \n                        \n    \n    \n    \n    \n            \n                    \n            \n            \n\n    \n    \n    \n    \n    \n    <a class=\"breakdance-link button-atom button-atom--custom bde-button__button\" href=\"https:\/\/borasglobal.com\/tr\/guneydogu-asyanin-enerji-gelecegi-artan-talep-yeni-firsatlar\/\" target=\"_self\" data-type=\"url\"  >\n\n    \n        <span class=\"button-atom__text\">Ayr\u0131nt\u0131lar\u0131 \u0130ncele<\/span>\n\n                            \n        \n                <\/a>\n\n    \n\n\n<\/div>\n<\/div>\n<\/div>\n<\/div>\n\n<\/a>    <\/article>\n    <article class=\"bde-loop-item ee-post\">\n        <a class=\"bde-container-link-2408-100-2477-2408-1 bde-container-link bde-container-link-2408-100 breakdance-link\" href=\"https:\/\/borasglobal.com\/tr\/gunes-ve-depolama-deneme-projelerinden-yarinin-enerji-altyapisina\/\" target=\"_self\" data-type=\"url\">\n  \n  \n\t\n\n\n\n<style>.breakdance .bde-div-2408-103-2477-2408-1{background-color:#E3F3FF;background-image:url(https:\/\/borasglobal.com\/wp-content\/uploads\/2025\/09\/Solar-Energy-Farm-in-Fields-3.jpg);background-size:cover;background-position:center center}<\/style><div class=\"bde-div-2408-103-2477-2408-1 bde-div bde-div-2408-103\">\n  \n  \n\t\n\n\n\n<div class=\"bde-div-2408-107-2477-2408-1 bde-div bde-div-2408-107\">\n              \n  \n  \n\t\n\n\n\n<div class=\"bde-div-2408-104-2477-2408-1 bde-div bde-div-2408-104\">\n  \n  \n\t\n\n\n\n<h3 class=\"bde-heading-2408-102-2477-2408-1 bde-heading bde-heading-2408-102\">\nG\u00fcne\u015f ve Depolama: Deneme Projelerinden Yar\u0131n\u0131n Enerji Altyap\u0131s\u0131na\n<\/h3>\n<\/div><div class=\"bde-div-2408-105-2477-2408-1 bde-div bde-div-2408-105\">\n  \n  \n\t\n\n\n\n<div class=\"bde-button-2408-106-2477-2408-1 bde-button bde-button-2408-106\">\n    \n                        \n                        \n    \n    \n    \n    \n            \n                    \n            \n            \n\n    \n    \n    \n    \n    \n    <a class=\"breakdance-link button-atom button-atom--custom bde-button__button\" href=\"https:\/\/borasglobal.com\/tr\/gunes-ve-depolama-deneme-projelerinden-yarinin-enerji-altyapisina\/\" target=\"_self\" data-type=\"url\"  >\n\n    \n        <span class=\"button-atom__text\">Ayr\u0131nt\u0131lar\u0131 \u0130ncele<\/span>\n\n                            \n        \n                <\/a>\n\n    \n\n\n<\/div>\n<\/div>\n<\/div>\n<\/div>\n\n<\/a>    <\/article>\n    <article class=\"bde-loop-item ee-post\">\n        <a class=\"bde-container-link-2408-100-2474-2408-1 bde-container-link bde-container-link-2408-100 breakdance-link\" href=\"https:\/\/borasglobal.com\/tr\/kuresel-yenilenebilir-enerji-zirvesi-2025-vizyondan-eyleme\/\" target=\"_self\" data-type=\"url\">\n  \n  \n\t\n\n\n\n<style>.breakdance .bde-div-2408-103-2474-2408-1{background-color:#E3F3FF;background-image:url(https:\/\/borasglobal.com\/wp-content\/uploads\/2025\/08\/Global-Renewables-Summit-2025-From-Vision-to-Action.jpg);background-size:cover;background-position:center center}<\/style><div class=\"bde-div-2408-103-2474-2408-1 bde-div bde-div-2408-103\">\n  \n  \n\t\n\n\n\n<div class=\"bde-div-2408-107-2474-2408-1 bde-div bde-div-2408-107\">\n              \n  \n  \n\t\n\n\n\n<div class=\"bde-div-2408-104-2474-2408-1 bde-div bde-div-2408-104\">\n  \n  \n\t\n\n\n\n<h3 class=\"bde-heading-2408-102-2474-2408-1 bde-heading bde-heading-2408-102\">\nK\u00fcresel Yenilenebilir Enerji Zirvesi 2025: Vizyon\u2019dan Eyleme\n<\/h3>\n<\/div><div class=\"bde-div-2408-105-2474-2408-1 bde-div bde-div-2408-105\">\n  \n  \n\t\n\n\n\n<div class=\"bde-button-2408-106-2474-2408-1 bde-button bde-button-2408-106\">\n    \n                        \n                        \n    \n    \n    \n    \n            \n                    \n            \n            \n\n    \n    \n    \n    \n    \n    <a class=\"breakdance-link button-atom button-atom--custom bde-button__button\" href=\"https:\/\/borasglobal.com\/tr\/kuresel-yenilenebilir-enerji-zirvesi-2025-vizyondan-eyleme\/\" target=\"_self\" data-type=\"url\"  >\n\n    \n        <span class=\"button-atom__text\">Ayr\u0131nt\u0131lar\u0131 \u0130ncele<\/span>\n\n                            \n        \n                <\/a>\n\n    \n\n\n<\/div>\n<\/div>\n<\/div>\n<\/div>\n\n<\/a>    <\/article>\n<\/div>\r\n<\/div>\n<\/div><\/div>\n<\/section><section class=\"bde-section-2309-132 bde-section\">\n  \n  \n\t\n\n\n\n<div class=\"section-container\"><div class=\"bde-div-2309-133 bde-div\">\n  \n  \n\t\n\n\n\n<div class=\"bde-div-2309-134 bde-div\">\n  \n  \n\t\n\n\n\n<div class=\"bde-text-2309-135 bde-text\">\n\u0130leti\u015fim\n<\/div><div class=\"bde-text-2309-146 bde-text\">\nGelin, Boras Global ile daha ak\u0131ll\u0131 ve esnek bir gelecek kural\u0131m.\n<\/div>\n<\/div><div class=\"bde-div-2309-137 bde-div\">\n  \n  \n\t\n\n\n\n<div class=\"bde-button-2309-138 bde-button\">\n    \n                        \n                        \n    \n    \n    \n    \n            \n                    \n            \n            \n\n    \n    \n    \n    \n    \n    <a class=\"breakdance-link button-atom button-atom--custom bde-button__button\" href=\"mailto:info@borasglobal.com\" target=\"_self\" data-type=\"url\"  >\n\n    \n        <span class=\"button-atom__text\">Toplant\u0131 Planlay\u0131n<\/span>\n\n                            \n        \n                <\/a>\n\n    \n\n\n<\/div><div class=\"bde-button-2309-139 bde-button\">\n    \n                        \n                        \n    \n    \n    \n    \n            \n                    \n            \n            \n\n    \n    \n    \n    \n    \n    <a class=\"breakdance-link button-atom button-atom--custom bde-button__button\" href=\"\/tr\/iletisim\" target=\"_self\" data-type=\"url\"  >\n\n    \n        <span class=\"button-atom__text\">Teklif \u0130steyin<\/span>\n\n                            \n        \n                <\/a>\n\n    \n\n\n<\/div>\n<\/div>\n<\/div><\/div>\n<\/section>","protected":false},"excerpt":{"rendered":"<p>Operasyonel &#038; Dijital Dan\u0131\u015fmanl\u0131k Organizasyonel ve Dijital Dan\u0131\u015fmanl\u0131k, strateji ile uygulamay\u0131 bir araya getirerek \u015firketlerin yap\u0131lar\u0131n\u0131, s\u00fcre\u00e7lerini ve teknolojilerini h\u0131zla de\u011fi\u015fen d\u00fcnyaya uyumlu hale getirmelerine destek olur. Boras Global, dijitalin \u00f6tesine ge\u00e7en ve insan merkezli bir d\u00f6n\u00fc\u015f\u00fcm\u00fc m\u00fcmk\u00fcn k\u0131lar. Bug\u00fcn\u00fcn i\u015f d\u00fcnyas\u0131nda organizasyonlar\u0131n yal\u0131n, \u00e7evik ve dijital g\u00fcce sahip olmas\u0131 gerekir. Geleneksel hiyerar\u015filer ve eski [&hellip;]<\/p>\n","protected":false},"author":1,"featured_media":0,"parent":0,"menu_order":0,"comment_status":"closed","ping_status":"closed","template":"","meta":{"_acf_changed":false,"_breakdance_hide_in_design_set":false,"_breakdance_tags":"","footnotes":""},"class_list":["post-2309","page","type-page","status-publish","hentry"],"acf":[],"_links":{"self":[{"href":"https:\/\/borasglobal.com\/tr\/wp-json\/wp\/v2\/pages\/2309","targetHints":{"allow":["GET"]}}],"collection":[{"href":"https:\/\/borasglobal.com\/tr\/wp-json\/wp\/v2\/pages"}],"about":[{"href":"https:\/\/borasglobal.com\/tr\/wp-json\/wp\/v2\/types\/page"}],"author":[{"embeddable":true,"href":"https:\/\/borasglobal.com\/tr\/wp-json\/wp\/v2\/users\/1"}],"replies":[{"embeddable":true,"href":"https:\/\/borasglobal.com\/tr\/wp-json\/wp\/v2\/comments?post=2309"}],"version-history":[{"count":12,"href":"https:\/\/borasglobal.com\/tr\/wp-json\/wp\/v2\/pages\/2309\/revisions"}],"predecessor-version":[{"id":2878,"href":"https:\/\/borasglobal.com\/tr\/wp-json\/wp\/v2\/pages\/2309\/revisions\/2878"}],"wp:attachment":[{"href":"https:\/\/borasglobal.com\/tr\/wp-json\/wp\/v2\/media?parent=2309"}],"curies":[{"name":"wp","href":"https:\/\/api.w.org\/{rel}","templated":true}]}}