{"id":2310,"date":"2025-01-20T07:55:34","date_gmt":"2025-01-20T04:55:34","guid":{"rendered":"https:\/\/borasglobal.com\/privacy-policy\/"},"modified":"2025-10-10T11:57:10","modified_gmt":"2025-10-10T08:57:10","slug":"gizlilik-politikasi","status":"publish","type":"page","link":"https:\/\/borasglobal.com\/tr\/gizlilik-politikasi\/","title":{"rendered":"Gizlilik Politikas\u0131"},"content":{"rendered":"<section class=\"bde-section-2310-100 bde-section\">\n  \n  \n\t\n\n\n\n<div class=\"section-container\"><div class=\"bde-rich-text-2310-102 bde-rich-text breakdance-rich-text-styles\">\n<h1 data-start=\"172\" data-end=\"197\">Gizlilik Politikas\u0131<\/h1><p data-start=\"199\" data-end=\"973\">Biz, Boras Global ve ba\u011fl\u0131 kurulu\u015flar\u0131m\u0131z (\u201cBoras Global\u201d, \u201cbiz\u201d veya \u201c\u015firket\u201d), gizlili\u011finizin sizin i\u00e7in \u00f6nemli oldu\u011funu biliyor ve ki\u015fisel verilerinize sayg\u0131 g\u00f6stermeyi ve onlar\u0131 korumay\u0131 taahh\u00fct ediyoruz. Bu Gizlilik Bildirimi (\u201cGizlilik Bildirimi\u201d), Boras Global\u2019in web siteleri, uygulamalar\u0131 ve dijital varl\u0131klar\u0131 (topluca \u201cSiteler\u201d) arac\u0131l\u0131\u011f\u0131yla toplad\u0131\u011f\u0131m\u0131z ki\u015fisel verileri nas\u0131l i\u015fledi\u011fimizi ve korudu\u011fumuzu a\u00e7\u0131klar. Ayr\u0131ca, Boras Global\u2019in sizinle etkile\u015fimde bulundu\u011fu, sizden veri toplad\u0131\u011f\u0131 ve bu verileri Boras Global ad\u0131na kulland\u0131\u011f\u0131 harici i\u015f faaliyetleri (\u00f6rne\u011fin hizmet sunumlar\u0131, etkinlikler, anketler ve ileti\u015fimler) i\u00e7in de ge\u00e7erlidir (yani Boras Global\u2019in y\u00fcr\u00fcrl\u00fckteki gizlilik yasalar\u0131 kapsam\u0131nda \u201cveri sorumlusu\u201d s\u0131fat\u0131yla hareket etti\u011fi durumlar).<\/p><p data-start=\"975\" data-end=\"1078\">\u0130li\u015fkinizin niteli\u011fine ba\u011fl\u0131 olarak sizin i\u00e7in farkl\u0131 veya ek gizlilik bildirimleri ge\u00e7erli olabilir:<\/p><ul data-start=\"1080\" data-end=\"1322\"><li data-start=\"1080\" data-end=\"1163\"><p data-start=\"1082\" data-end=\"1163\">\u0130\u015fe Al\u0131m Gizlilik Bildirimi, Boras Global\u2019de bir pozisyona ba\u015fvuruyorsan\u0131z.<\/p><\/li><li data-start=\"1164\" data-end=\"1227\"><p data-start=\"1166\" data-end=\"1227\">Mezunlar Gizlilik Bildirimi, Boras Global mezunuysan\u0131z.<\/p><\/li><li data-start=\"1228\" data-end=\"1322\"><p data-start=\"1230\" data-end=\"1322\">\u00c7\u00f6z\u00fcmler Gizlilik Bildirimi, i\u015fvereniniz ad\u0131na Boras Global \u00e7\u00f6z\u00fcmleri kullan\u0131yorsan\u0131z.<\/p><\/li><\/ul><p data-start=\"1324\" data-end=\"1555\">E\u011fer bir Boras Global m\u00fc\u015fterisinin veya Boras Global hizmet sa\u011flay\u0131c\u0131s\u0131n\u0131n \u00e7al\u0131\u015fan\u0131ysan\u0131z, ki\u015fisel verileriniz i\u015fvereninizden al\u0131nabilir. Bu durumda, verilerinizin kullan\u0131m\u0131 i\u015fvereninizle yapt\u0131\u011f\u0131m\u0131z anla\u015fma taraf\u0131ndan belirlenir.<\/p><p data-start=\"1557\" data-end=\"1685\">Belirli gizlilik yasalar\u0131na sahip b\u00f6lgelerde ikamet ediyorsan\u0131z (\u00f6r. Kaliforniya), size \u00f6zel bilgileri a\u015fa\u011f\u0131da bulabilirsiniz.<\/p><p data-start=\"1687\" data-end=\"1915\">Ki\u015fisel verilerinizi bizimle payla\u015fmak zorunda de\u011filsiniz; ancak payla\u015fmaman\u0131z halinde Boras Global size tam hizmet yelpazemizi veya \u00e7\u00f6z\u00fcmlerimiz, web sitelerimiz ya da b\u00fcltenlerimizle iyi bir kullan\u0131c\u0131 deneyimi sunamayabilir.<\/p><p data-start=\"1917\" data-end=\"2027\">Sitelerimizi kullanman\u0131za ili\u015fkin di\u011fer ko\u015fullar ve politikalar i\u00e7in l\u00fctfen <a href=\"\/tr\/kullanim-kosullari\"><strong data-start=\"1993\" data-end=\"2015\">Kullan\u0131m Ko\u015fullar\u0131<\/strong><\/a>\u2019na bak\u0131n.<\/p><h2 data-start=\"2034\" data-end=\"2052\">\u0130\u00e7indekiler<\/h2><ol data-start=\"2053\" data-end=\"2600\"><li data-start=\"2053\" data-end=\"2072\"><p data-start=\"2056\" data-end=\"2072\">Veri sorumlusu<\/p><\/li><li data-start=\"2073\" data-end=\"2116\"><p data-start=\"2076\" data-end=\"2116\">Ki\u015fisel verilerinizi nas\u0131l topluyoruz?<\/p><\/li><li data-start=\"2117\" data-end=\"2171\"><p data-start=\"2120\" data-end=\"2171\">Ki\u015fisel verilerinizi neden ve nas\u0131l kullan\u0131yoruz?<\/p><\/li><li data-start=\"2172\" data-end=\"2238\"><p data-start=\"2175\" data-end=\"2238\">Ki\u015fisel verilerinizi toplarken ve i\u015flerken neleri yapm\u0131yoruz?<\/p><\/li><li data-start=\"2239\" data-end=\"2328\"><p data-start=\"2242\" data-end=\"2328\">Ki\u015fisel verilerinize kimler eri\u015febilir? Veri al\u0131c\u0131lar\u0131 ve uluslararas\u0131 veri aktar\u0131m\u0131<\/p><\/li><li data-start=\"2329\" data-end=\"2342\"><p data-start=\"2332\" data-end=\"2342\">G\u00fcvenlik<\/p><\/li><li data-start=\"2343\" data-end=\"2397\"><p data-start=\"2346\" data-end=\"2397\">Ki\u015fisel verilerinizi ne kadar s\u00fcreyle sakl\u0131yoruz?<\/p><\/li><li data-start=\"2398\" data-end=\"2427\"><p data-start=\"2401\" data-end=\"2427\">\u00c7ocuklardan veri toplama<\/p><\/li><li data-start=\"2428\" data-end=\"2600\"><p data-start=\"2431\" data-end=\"2600\">Veri koruma haklar\u0131n\u0131z ve bu haklar\u0131 nas\u0131l kullanabilirsiniz?<br data-start=\"2492\" data-end=\"2495\" \/>\u20039.1. Haklar\u0131n\u0131z<br data-start=\"2511\" data-end=\"2514\" \/>\u20039.2. Haklar\u0131n\u0131z\u0131 nas\u0131l kullanabilirsiniz?<br data-start=\"2556\" data-end=\"2559\" \/>\u20039.3. B\u00fcltenlerden ve uyar\u0131lardan \u00e7\u0131k\u0131\u015f<\/p><\/li><\/ol><h2 data-start=\"2607\" data-end=\"2633\">1. Veri Sorumlusu<\/h2><p data-start=\"2634\" data-end=\"2988\">Boras Global, bu Gizlilik Bildirimi\u2019ne uygun olarak ki\u015fisel verilerinizi toplad\u0131\u011f\u0131nda ve i\u015fledi\u011finde, y\u00fcr\u00fcrl\u00fckteki gizlilik yasalar\u0131 uyar\u0131nca veri sorumlusu veya ortak veri sorumlusu s\u0131fat\u0131yla hareket eder. Bu, ki\u015fisel verilerinizin nas\u0131l toplanaca\u011f\u0131na, kullan\u0131laca\u011f\u0131na, korunaca\u011f\u0131na, a\u00e7\u0131klanaca\u011f\u0131na ve imha edilece\u011fine karar verdi\u011fimiz anlam\u0131na gelir.<\/p><p data-start=\"2990\" data-end=\"3092\">Bulundu\u011funuz yarg\u0131 alan\u0131na g\u00f6re yerel Boras Global kurulu\u015fu sizin i\u00e7in as\u0131l veri sorumlusu olabilir.<\/p><h2 data-start=\"3099\" data-end=\"3149\">2. Ki\u015fisel Verilerinizi Nas\u0131l Topluyoruz?<\/h2><p data-start=\"3150\" data-end=\"3269\">Boras Global ki\u015fisel verilerinizi i\u015f faaliyetlerimiz kapsam\u0131nda hem do\u011frudan sizden hem de \u00fc\u00e7\u00fcnc\u00fc taraflardan toplar.<\/p><p data-start=\"3271\" data-end=\"3308\"><strong data-start=\"3271\" data-end=\"3306\">Do\u011frudan toplad\u0131\u011f\u0131m\u0131z durumlar:<\/strong><\/p><ul data-start=\"3309\" data-end=\"3791\"><li data-start=\"3309\" data-end=\"3389\"><p data-start=\"3311\" data-end=\"3389\">Sitelerimizle etkile\u015fime girdi\u011finizde (\u00f6r. \u00c7erez tercihlerinizi y\u00f6netirken).<\/p><\/li><li data-start=\"3390\" data-end=\"3467\"><p data-start=\"3392\" data-end=\"3467\">Sitelerimizde kullan\u0131c\u0131 profili olu\u015fturdu\u011funuzda veya giri\u015f yapt\u0131\u011f\u0131n\u0131zda.<\/p><\/li><li data-start=\"3468\" data-end=\"3542\"><p data-start=\"3470\" data-end=\"3542\">B\u00fclten ve uyar\u0131lara kaydoldu\u011funuzda ve onlarla etkile\u015fim kurdu\u011funuzda.<\/p><\/li><li data-start=\"3543\" data-end=\"3592\"><p data-start=\"3545\" data-end=\"3592\">Konferans ve etkinliklerimize kat\u0131ld\u0131\u011f\u0131n\u0131zda.<\/p><\/li><li data-start=\"3593\" data-end=\"3667\"><p data-start=\"3595\" data-end=\"3667\">Forumlar, sosyal medya veya i\u00e7erik payla\u015f\u0131m alanlar\u0131na kat\u0131ld\u0131\u011f\u0131n\u0131zda.<\/p><\/li><li data-start=\"3668\" data-end=\"3726\"><p data-start=\"3670\" data-end=\"3726\">Anket, panel veya bireysel g\u00f6r\u00fc\u015fmelere kat\u0131ld\u0131\u011f\u0131n\u0131zda.<\/p><\/li><li data-start=\"3727\" data-end=\"3791\"><p data-start=\"3729\" data-end=\"3791\">E-posta veya telefon yoluyla bizimle ileti\u015fime ge\u00e7ti\u011finizde.<\/p><\/li><\/ul><p data-start=\"3793\" data-end=\"4088\"><strong data-start=\"3793\" data-end=\"3838\">\u00dc\u00e7\u00fcnc\u00fc taraflardan toplad\u0131\u011f\u0131m\u0131z durumlar:<\/strong><br data-start=\"3838\" data-end=\"3841\" \/>Hizmet sa\u011flay\u0131c\u0131lar veya veri sat\u0131c\u0131lar\u0131 arac\u0131l\u0131\u011f\u0131yla halka a\u00e7\u0131k bilgiler, i\u015f siteleri ve sosyal medya platformlar\u0131ndan veri edinebiliriz. Bu verilerin yasal olarak topland\u0131\u011f\u0131n\u0131 ve payla\u015f\u0131lmas\u0131n\u0131n yetkilendirildi\u011fini do\u011frulamaya \u00f6zen g\u00f6steririz.<\/p><p data-start=\"4090\" data-end=\"4274\"><strong data-start=\"4090\" data-end=\"4117\">\u00d6zel nitelikli veriler:<\/strong><br data-start=\"4117\" data-end=\"4120\" \/>Anketlerde veya etkinliklerde size \u00f6zel d\u00fczenleme yapabilmemiz i\u00e7in sizden al\u0131nabilir. Bu veriler yaln\u0131zca r\u0131zan\u0131zla veya yasal zorunluluklarla i\u015flenir.<\/p><h2 data-start=\"4281\" data-end=\"4342\">3. Ki\u015fisel Verilerinizi Neden ve Nas\u0131l Kullan\u0131yoruz?<\/h2><p data-start=\"4343\" data-end=\"4393\">Ki\u015fisel verileriniz \u015fu ama\u00e7larla kullan\u0131labilir:<\/p><ul data-start=\"4394\" data-end=\"4753\"><li data-start=\"4394\" data-end=\"4424\"><p data-start=\"4396\" data-end=\"4424\">\u0130\u015f ili\u015fkilerimizi y\u00f6netmek<\/p><\/li><li data-start=\"4425\" data-end=\"4477\"><p data-start=\"4427\" data-end=\"4477\">Hesaplar\u0131n\u0131z\u0131 ve b\u00fclten eri\u015fimlerinizi s\u00fcrd\u00fcrmek<\/p><\/li><li data-start=\"4478\" data-end=\"4518\"><p data-start=\"4480\" data-end=\"4518\">Etkinlik kat\u0131l\u0131m\u0131n\u0131z\u0131 organize etmek<\/p><\/li><li data-start=\"4519\" data-end=\"4552\"><p data-start=\"4521\" data-end=\"4552\">Anketler ve forumlar y\u00fcr\u00fctmek<\/p><\/li><li data-start=\"4553\" data-end=\"4594\"><p data-start=\"4555\" data-end=\"4594\">Analiz, ara\u015ft\u0131rma ve k\u0131yaslama yapmak<\/p><\/li><li data-start=\"4595\" data-end=\"4624\"><p data-start=\"4597\" data-end=\"4624\">M\u00fc\u015fteri hizmetleri sunmak<\/p><\/li><li data-start=\"4625\" data-end=\"4666\"><p data-start=\"4627\" data-end=\"4666\">Yasal uyum ve doland\u0131r\u0131c\u0131l\u0131\u011f\u0131 \u00f6nlemek<\/p><\/li><li data-start=\"4667\" data-end=\"4706\"><p data-start=\"4669\" data-end=\"4706\">G\u00fcvenlik ve performans\u0131 geli\u015ftirmek<\/p><\/li><li data-start=\"4707\" data-end=\"4753\"><p data-start=\"4709\" data-end=\"4753\">Pazarlama ileti\u015fimleri g\u00f6ndermek (r\u0131zayla)<\/p><\/li><\/ul><h2 data-start=\"4760\" data-end=\"4817\">4. Ki\u015fisel Verilerinizi \u0130\u015flerken Yapmad\u0131klar\u0131m\u0131z<\/h2><ul data-start=\"4818\" data-end=\"4970\"><li data-start=\"4818\" data-end=\"4882\"><p data-start=\"4820\" data-end=\"4882\">Kimli\u011fi kald\u0131r\u0131lm\u0131\u015f verileri yeniden tan\u0131mlamaya \u00e7al\u0131\u015fmay\u0131z.<\/p><\/li><li data-start=\"4883\" data-end=\"4970\"><p data-start=\"4885\" data-end=\"4970\">Ki\u015fisel verilerinizi belirli gizlilik yasalar\u0131n\u0131n tan\u0131mlad\u0131\u011f\u0131 \u015fekilde <strong data-start=\"4955\" data-end=\"4967\">satmay\u0131z<\/strong>.<\/p><\/li><\/ul><h2 data-start=\"4977\" data-end=\"5028\">5. Ki\u015fisel Verilerinize Kimler Eri\u015febilir?<\/h2><p data-start=\"5029\" data-end=\"5112\">Verileriniz yaln\u0131zca gerekli i\u015f ama\u00e7lar\u0131 kapsam\u0131nda \u015fu taraflarla payla\u015f\u0131labilir:<\/p><ul data-start=\"5113\" data-end=\"5278\"><li data-start=\"5113\" data-end=\"5147\"><p data-start=\"5115\" data-end=\"5147\">Ba\u011fl\u0131 kurulu\u015flar ve i\u015ftirakler<\/p><\/li><li data-start=\"5148\" data-end=\"5171\"><p data-start=\"5150\" data-end=\"5171\">Hizmet sa\u011flay\u0131c\u0131lar<\/p><\/li><li data-start=\"5172\" data-end=\"5206\"><p data-start=\"5174\" data-end=\"5206\">Hukuk ve dan\u0131\u015fmanl\u0131k firmalar\u0131<\/p><\/li><li data-start=\"5207\" data-end=\"5225\"><p data-start=\"5209\" data-end=\"5225\">Yasal merciler<\/p><\/li><li data-start=\"5226\" data-end=\"5278\"><p data-start=\"5228\" data-end=\"5278\">Yeniden yap\u0131lanma veya birle\u015fme halinde halefler<\/p><\/li><\/ul><p data-start=\"5280\" data-end=\"5361\">Uluslararas\u0131 veri aktar\u0131m\u0131, y\u00fcr\u00fcrl\u00fckteki yasalar \u00e7er\u00e7evesinde ger\u00e7ekle\u015ftirilir.<\/p><h2 data-start=\"5368\" data-end=\"5388\">6. G\u00fcvenlik<\/h2><p data-start=\"5389\" data-end=\"5585\">Ki\u015fisel verileriniz, kay\u0131p, k\u00f6t\u00fcye kullan\u0131m, yetkisiz eri\u015fim veya yok olmaya kar\u015f\u0131 kabul g\u00f6rm\u00fc\u015f teknik ve operasyonel g\u00fcvenlik standartlar\u0131yla korunur. Eri\u015fim yaln\u0131zca yetkili personele a\u00e7\u0131kt\u0131r.<\/p><h2 data-start=\"5592\" data-end=\"5618\">7. Saklama S\u00fcresi<\/h2><p data-start=\"5619\" data-end=\"5804\">Ki\u015fisel verileriniz yaln\u0131zca topland\u0131\u011f\u0131 i\u015f ama\u00e7lar\u0131 i\u00e7in gerekli oldu\u011fu s\u00fcre boyunca ve yasal y\u00fck\u00fcml\u00fcl\u00fckler kapsam\u0131nda saklan\u0131r. Art\u0131k gerekli olmad\u0131\u011f\u0131nda g\u00fcvenli bir \u015fekilde silinir.<\/p><h2 data-start=\"5811\" data-end=\"5847\">8. \u00c7ocuklardan Veri Toplama<\/h2><p data-start=\"5848\" data-end=\"5939\">16 ya\u015f alt\u0131ndaki bireylerden bilerek veri toplam\u0131yoruz. Uygun r\u0131za olmadan veri i\u015flenmez.<\/p><h2 data-start=\"5946\" data-end=\"5980\">9. Veri Koruma Haklar\u0131n\u0131z<\/h2><p data-start=\"5981\" data-end=\"6037\">Y\u00fcr\u00fcrl\u00fckteki yasalar kapsam\u0131nda \u015fu haklara sahipsiniz:<\/p><ul data-start=\"6038\" data-end=\"6203\"><li data-start=\"6038\" data-end=\"6065\"><p data-start=\"6040\" data-end=\"6065\">Eri\u015fim, d\u00fczeltme, silme<\/p><\/li><li data-start=\"6066\" data-end=\"6090\"><p data-start=\"6068\" data-end=\"6090\">Veri ta\u015f\u0131nabilirli\u011fi<\/p><\/li><li data-start=\"6091\" data-end=\"6129\"><p data-start=\"6093\" data-end=\"6129\">\u0130\u015flemeyi s\u0131n\u0131rland\u0131rma veya itiraz<\/p><\/li><li data-start=\"6130\" data-end=\"6151\"><p data-start=\"6132\" data-end=\"6151\">R\u0131zay\u0131 geri \u00e7ekme<\/p><\/li><li data-start=\"6152\" data-end=\"6203\"><p data-start=\"6154\" data-end=\"6203\">Haklar\u0131n\u0131 kulland\u0131\u011f\u0131n i\u00e7in ayr\u0131mc\u0131l\u0131\u011fa u\u011framama<\/p><\/li><\/ul><h2 data-start=\"5946\" data-end=\"5980\">9.2 Haklar\u0131n kullan\u0131m\u0131<\/h2><p data-start=\"5981\" data-end=\"6037\">Ki\u015fisel verilerinizle ilgili taleplerinizi info@borasglobal.com adresine iletebilirsiniz.<\/p>\n<\/div><\/div>\n<\/section>","protected":false},"excerpt":{"rendered":"<p>Gizlilik Politikas\u0131Biz, Boras Global ve ba\u011fl\u0131 kurulu\u015flar\u0131m\u0131z (\u201cBoras Global\u201d, \u201cbiz\u201d veya \u201c\u015firket\u201d), gizlili\u011finizin sizin i\u00e7in \u00f6nemli oldu\u011funu biliyor ve ki\u015fisel verilerinize sayg\u0131 g\u00f6stermeyi ve onlar\u0131 korumay\u0131 taahh\u00fct ediyoruz. Bu Gizlilik Bildirimi (\u201cGizlilik Bildirimi\u201d), Boras Global\u2019in web siteleri, uygulamalar\u0131 ve dijital varl\u0131klar\u0131 (topluca \u201cSiteler\u201d) arac\u0131l\u0131\u011f\u0131yla toplad\u0131\u011f\u0131m\u0131z ki\u015fisel verileri nas\u0131l i\u015fledi\u011fimizi ve korudu\u011fumuzu a\u00e7\u0131klar. Ayr\u0131ca, Boras Global\u2019in [&hellip;]<\/p>\n","protected":false},"author":1,"featured_media":0,"parent":0,"menu_order":0,"comment_status":"closed","ping_status":"open","template":"","meta":{"_acf_changed":false,"_breakdance_hide_in_design_set":false,"_breakdance_tags":"","footnotes":""},"class_list":["post-2310","page","type-page","status-publish","hentry"],"acf":[],"_links":{"self":[{"href":"https:\/\/borasglobal.com\/tr\/wp-json\/wp\/v2\/pages\/2310","targetHints":{"allow":["GET"]}}],"collection":[{"href":"https:\/\/borasglobal.com\/tr\/wp-json\/wp\/v2\/pages"}],"about":[{"href":"https:\/\/borasglobal.com\/tr\/wp-json\/wp\/v2\/types\/page"}],"author":[{"embeddable":true,"href":"https:\/\/borasglobal.com\/tr\/wp-json\/wp\/v2\/users\/1"}],"replies":[{"embeddable":true,"href":"https:\/\/borasglobal.com\/tr\/wp-json\/wp\/v2\/comments?post=2310"}],"version-history":[{"count":6,"href":"https:\/\/borasglobal.com\/tr\/wp-json\/wp\/v2\/pages\/2310\/revisions"}],"predecessor-version":[{"id":2558,"href":"https:\/\/borasglobal.com\/tr\/wp-json\/wp\/v2\/pages\/2310\/revisions\/2558"}],"wp:attachment":[{"href":"https:\/\/borasglobal.com\/tr\/wp-json\/wp\/v2\/media?parent=2310"}],"curies":[{"name":"wp","href":"https:\/\/api.w.org\/{rel}","templated":true}]}}