{"id":2313,"date":"2025-09-30T10:46:22","date_gmt":"2025-09-30T07:46:22","guid":{"rendered":"https:\/\/borasglobal.com\/terms-of-use\/"},"modified":"2025-10-02T21:50:05","modified_gmt":"2025-10-02T18:50:05","slug":"kullanim-kosullari","status":"publish","type":"page","link":"https:\/\/borasglobal.com\/tr\/kullanim-kosullari\/","title":{"rendered":"Kullan\u0131m Ko\u015fullar\u0131"},"content":{"rendered":"<section class=\"bde-section-2313-100 bde-section\">\n  \n  \n\t\n\n\n\n<div class=\"section-container\"><div class=\"bde-rich-text-2313-101 bde-rich-text breakdance-rich-text-styles\">\n<h1 data-start=\"225\" data-end=\"249\">Kullan\u0131m Ko\u015fullar\u0131<\/h1><p data-start=\"251\" data-end=\"826\">Boras Global (\u201cBoras Global\u201d veya \u201cbiz\u201d), bu Kullan\u0131m Ko\u015fullar\u0131\u2019na (\u201cKo\u015fullar\u201d) ba\u011flant\u0131 veren web sitelerindeki i\u00e7erikleri (\u201cSite\u201d) a\u015fa\u011f\u0131daki ko\u015fullara tabi olarak sunmaktad\u0131r. Zaman zaman \u00f6nceden bildirimde bulunmaks\u0131z\u0131n Ko\u015fullar\u0131 de\u011fi\u015ftirebiliriz; l\u00fctfen d\u00fczenli olarak kontrol edin. Bu Ko\u015fullar en son 2 Ekim 2025 tarihinde g\u00fcncellenmi\u015ftir. Bu Siteye eri\u015ferek ve kullanarak bu Ko\u015fullar\u0131 kabul etmi\u015f olursunuz. Kullan\u0131c\u0131 bilgilerinin toplanmas\u0131, kullan\u0131lmas\u0131 ve saklanmas\u0131na ili\u015fkin uygulamalar\u0131m\u0131z ve politikalar\u0131m\u0131z i\u00e7in l\u00fctfen <a href=\"\/tr\/gizlilik-politikasi\">Gizlilik Politikam\u0131za<\/a>\u00a0bak\u0131n.<\/p><h2 data-start=\"833\" data-end=\"856\">1. Telif Haklar\u0131<\/h2><p data-start=\"857\" data-end=\"1197\">Sitedeki t\u00fcm i\u00e7erik ve i\u015flevsellik, metinler, grafikler, logolar, simgeler, g\u00f6rseller, videolar, kavramlar, know-how, ara\u00e7lar, \u00e7er\u00e7eveler, yaz\u0131l\u0131mlar, uygulamalar, algoritmalar, modeller, s\u00fcre\u00e7ler ve sekt\u00f6r g\u00f6r\u00fc\u015fleri dahil olmak \u00fczere (\u201cSite \u0130\u00e7eri\u011fi\u201d), Boras Global veya lisans verenlerine aittir ve telif hakk\u0131 yasalar\u0131yla korunmaktad\u0131r.<\/p><p data-start=\"1199\" data-end=\"1502\">Site \u0130\u00e7eri\u011fi veya i\u015flevselli\u011fi, 3. B\u00f6l\u00fcm \u2013 Site i\u00e7eri\u011finin kullan\u0131m\u0131 d\u0131\u015f\u0131nda yaz\u0131l\u0131 iznimiz olmadan kopyalanamaz, \u00e7o\u011falt\u0131lamaz, de\u011fi\u015ftirilemez, tersine m\u00fchendislik yap\u0131lamaz, kald\u0131r\u0131l\u0131p de\u011fi\u015ftirilemez, y\u00fcklenemez, yay\u0131mlanamaz, g\u00f6nderilemez veya da\u011f\u0131t\u0131lamaz. A\u00e7\u0131k\u00e7a verilmeyen t\u00fcm haklar sakl\u0131d\u0131r.<\/p><h2 data-start=\"1509\" data-end=\"1534\">2. Ticari Markalar<\/h2><p data-start=\"1535\" data-end=\"1866\">Sitede g\u00f6r\u00fcnt\u00fclenen ticari markalar, hizmet markalar\u0131, tasar\u0131mlar ve logolar (\u201cMarkalar\u201d), Boras Global veya lisans verenlerine aittir. Sosyal medya payla\u015f\u0131m ara\u00e7lar\u0131 gibi a\u00e7\u0131k\u00e7a izin verilen durumlar d\u0131\u015f\u0131nda, Boras Global veya lisans verenlerine at\u0131fta bulunamaz, onlarla ba\u011flant\u0131 veya onay ili\u015fkisi varm\u0131\u015f gibi g\u00f6steremezsiniz.<\/p><p data-start=\"1868\" data-end=\"2003\">Markalar, kafa kar\u0131\u015f\u0131kl\u0131\u011f\u0131na yol a\u00e7acak, haks\u0131z avantaj sa\u011flayacak veya Boras Global\u2019in itibar\u0131na zarar verecek \u015fekilde kullan\u0131lamaz.<\/p><h2 data-start=\"2010\" data-end=\"2045\">3. Site \u0130\u00e7eri\u011finin Kullan\u0131m\u0131<\/h2><p data-start=\"2046\" data-end=\"2298\">Boras Global size, yaln\u0131zca dahili ve ticari olmayan kullan\u0131m i\u00e7in, Site \u0130\u00e7eri\u011fini tek bir bilgisayara indirmenize, g\u00f6r\u00fcnt\u00fclemenize ve bir kopyas\u0131n\u0131 yazd\u0131rman\u0131za izin veren, s\u0131n\u0131rl\u0131, m\u00fcnhas\u0131r olmayan, devredilemez ve geri al\u0131nabilir bir lisans verir.<\/p><p data-start=\"2300\" data-end=\"2323\">\u015eunlar\u0131 yapamazs\u0131n\u0131z:<\/p><ul data-start=\"2324\" data-end=\"2822\"><li data-start=\"2324\" data-end=\"2460\"><p data-start=\"2326\" data-end=\"2460\">\u00d6nceden yaz\u0131l\u0131 izin olmadan Site \u0130\u00e7eri\u011fini \u00e7o\u011faltmak, de\u011fi\u015ftirmek, tersine m\u00fchendislik yapmak, da\u011f\u0131tmak, yay\u0131nlamak veya if\u015fa etmek,<\/p><\/li><li data-start=\"2461\" data-end=\"2534\"><p data-start=\"2463\" data-end=\"2534\">Veri toplamak veya \u00e7\u0131karmak amac\u0131yla Siteyi aramak, kaz\u0131mak, taramak,<\/p><\/li><li data-start=\"2535\" data-end=\"2636\"><p data-start=\"2537\" data-end=\"2636\">Siteyi veya Site \u0130\u00e7eri\u011fini yaz\u0131l\u0131m, algoritma veya yapay zek\u00e2 sistemi geli\u015ftirmek i\u00e7in kullanmak,<\/p><\/li><li data-start=\"2637\" data-end=\"2690\"><p data-start=\"2639\" data-end=\"2690\">Site \u0130\u00e7eri\u011fini izinsiz kopyalamak veya yans\u0131tmak,<\/p><\/li><li data-start=\"2691\" data-end=\"2822\"><p data-start=\"2693\" data-end=\"2822\">Hizmetleri, ge\u00e7erli yasalar\u0131, ihracat kontrollerini, yapt\u0131r\u0131mlar\u0131 veya fikri m\u00fclkiyet haklar\u0131n\u0131 ihlal edecek \u015fekilde kullanmak.<\/p><\/li><\/ul><p data-start=\"2824\" data-end=\"2894\">Bu lisans, bu Ko\u015fullara uymaman\u0131z halinde otomatik olarak sona erer.<\/p><h2 data-start=\"2901\" data-end=\"2933\">4. Kullan\u0131c\u0131 Payla\u015f\u0131mlar\u0131<\/h2><p data-start=\"2934\" data-end=\"3154\">Site \u00fczerinde g\u00f6nderdi\u011finiz her t\u00fcrl\u00fc i\u00e7erik (forumlar, anketler, anket cevaplar\u0131 vb.), Boras Global\u2019in m\u00fclkiyetine ge\u00e7er ve Boras Global bu i\u00e7erikleri s\u0131n\u0131rs\u0131z \u015fekilde kullanma, yay\u0131mlama ve \u00e7o\u011faltma hakk\u0131na sahiptir.<\/p><p data-start=\"3156\" data-end=\"3468\">\u015eu i\u00e7erikleri payla\u015fman\u0131z yasakt\u0131r:<br data-start=\"3191\" data-end=\"3194\" \/>(a) Tehdit edici, iftira niteli\u011finde, hakaret i\u00e7eren veya m\u00fcstehcen,<br data-start=\"3262\" data-end=\"3265\" \/>(b) Su\u00e7 te\u015fvik eden,<br data-start=\"3285\" data-end=\"3288\" \/>(c) Fikri m\u00fclkiyet veya gizlilik haklar\u0131n\u0131 ihlal eden,<br data-start=\"3342\" data-end=\"3345\" \/>(d) Vir\u00fcs veya zararl\u0131 kod i\u00e7eren,<br data-start=\"3379\" data-end=\"3382\" \/>(e) Reklam i\u00e7eren,<br data-start=\"3400\" data-end=\"3403\" \/>(f) Yan\u0131lt\u0131c\u0131 veya yanl\u0131\u015f bilgi,<br data-start=\"3435\" data-end=\"3438\" \/>(g) Bu Ko\u015fullar\u0131 ihlal eden.<\/p><p data-start=\"3470\" data-end=\"3581\">Boras Global, kullan\u0131c\u0131 payla\u015f\u0131mlar\u0131n\u0131n do\u011frulu\u011funu garanti etmez ve i\u00e7erikleri kald\u0131rma hakk\u0131n\u0131 sakl\u0131 tutar.<\/p><h2 data-start=\"3588\" data-end=\"3625\">5. \u0130hlal Bildirimi ve Kald\u0131rma<\/h2><p data-start=\"3626\" data-end=\"3851\">Boras Global, fikri m\u00fclkiyet haklar\u0131n\u0131 ihlal eden i\u00e7eriklerin payla\u015f\u0131lmas\u0131n\u0131 yasaklar. E\u011fer haklar\u0131n\u0131z\u0131n ihlal edildi\u011fini d\u00fc\u015f\u00fcn\u00fcyorsan\u0131z, l\u00fctfen <strong data-start=\"3771\" data-end=\"3791\">info@borasglobal.com<\/strong> adresine a\u015fa\u011f\u0131daki bilgileri i\u00e7eren bir e-posta g\u00f6nderin:<\/p><ul data-start=\"3852\" data-end=\"4105\"><li data-start=\"3852\" data-end=\"3912\"><p data-start=\"3854\" data-end=\"3912\">\u0130hlal edildi\u011fini d\u00fc\u015f\u00fcnd\u00fc\u011f\u00fcn\u00fcz eserin veya hakk\u0131n tan\u0131m\u0131,<\/p><\/li><li data-start=\"3913\" data-end=\"3946\"><p data-start=\"3915\" data-end=\"3946\">\u0130hlal eden materyalin tan\u0131m\u0131,<\/p><\/li><li data-start=\"3947\" data-end=\"3990\"><p data-start=\"3949\" data-end=\"3990\">Ad\u0131n\u0131z, adresiniz ve e-posta adresiniz,<\/p><\/li><li data-start=\"3991\" data-end=\"4042\"><p data-start=\"3993\" data-end=\"4042\">\u0130hlalin izinsiz oldu\u011funa dair iyi niyet beyan\u0131,<\/p><\/li><li data-start=\"4043\" data-end=\"4092\"><p data-start=\"4045\" data-end=\"4092\">Beyan\u0131n\u0131z\u0131n do\u011frulu\u011funa ili\u015fkin imzal\u0131 beyan,<\/p><\/li><li data-start=\"4093\" data-end=\"4105\"><p data-start=\"4095\" data-end=\"4105\">\u0130mzan\u0131z.<\/p><\/li><\/ul><p data-start=\"4107\" data-end=\"4178\">Do\u011fru bildirim al\u0131nd\u0131\u011f\u0131nda Boras Global ilgili i\u00e7eri\u011fi kald\u0131racakt\u0131r.<\/p><h2 data-start=\"4185\" data-end=\"4211\">6. Sorumluluk Reddi<\/h2><p data-start=\"4212\" data-end=\"4568\">Site \u0130\u00e7eri\u011fi ve i\u015flevselli\u011fi \u201coldu\u011fu gibi\u201d sunulmaktad\u0131r; herhangi bir garanti verilmez. Boras Global bu Site arac\u0131l\u0131\u011f\u0131yla profesyonel hizmet sa\u011flamaz. \u00dc\u00e7\u00fcnc\u00fc taraf i\u00e7erikleri, kullan\u0131c\u0131 payla\u015f\u0131mlar\u0131 veya ba\u011flant\u0131l\u0131 web sitelerinden Boras Global sorumlu de\u011fildir. Dolayl\u0131 veya sonu\u00e7 niteli\u011finde olu\u015fabilecek zararlardan (\u00f6r. k\u00e2r kayb\u0131) sorumlu tutulamaz.<\/p><h2 data-start=\"4575\" data-end=\"4591\">7. Tazmin<\/h2><p data-start=\"4592\" data-end=\"4799\">Sitenin kullan\u0131m\u0131n\u0131zdan veya bu Ko\u015fullar\u0131 ihlal etmenizden do\u011fan her t\u00fcrl\u00fc talep, sorumluluk veya masrafa kar\u015f\u0131 Boras Global\u2019i, i\u015ftiraklerini, \u00e7al\u0131\u015fanlar\u0131n\u0131 ve temsilcilerini tazmin etmeyi kabul edersiniz.<\/p><h2 data-start=\"4806\" data-end=\"4857\">8. \u00dc\u00e7\u00fcnc\u00fc Taraf Web Siteleri ve Sa\u011flay\u0131c\u0131lar<\/h2><p data-start=\"4858\" data-end=\"5074\">Site, \u00fc\u00e7\u00fcnc\u00fc taraflara ait web sitelerine veya i\u00e7eriklere ba\u011flant\u0131lar i\u00e7erebilir. Bu i\u00e7eriklerden Boras Global sorumlu de\u011fildir ve bu i\u00e7erikler ilgili \u00fc\u00e7\u00fcnc\u00fc taraflar\u0131n kullan\u0131m ko\u015fullar\u0131 ve politikalar\u0131na tabidir.<\/p>\n<\/div><\/div>\n<\/section>","protected":false},"excerpt":{"rendered":"<p>Kullan\u0131m Ko\u015fullar\u0131Boras Global (\u201cBoras Global\u201d veya \u201cbiz\u201d), bu Kullan\u0131m Ko\u015fullar\u0131\u2019na (\u201cKo\u015fullar\u201d) ba\u011flant\u0131 veren web sitelerindeki i\u00e7erikleri (\u201cSite\u201d) a\u015fa\u011f\u0131daki ko\u015fullara tabi olarak sunmaktad\u0131r. Zaman zaman \u00f6nceden bildirimde bulunmaks\u0131z\u0131n Ko\u015fullar\u0131 de\u011fi\u015ftirebiliriz; l\u00fctfen d\u00fczenli olarak kontrol edin. Bu Ko\u015fullar en son 2 Ekim 2025 tarihinde g\u00fcncellenmi\u015ftir. Bu Siteye eri\u015ferek ve kullanarak bu Ko\u015fullar\u0131 kabul etmi\u015f olursunuz. Kullan\u0131c\u0131 bilgilerinin [&hellip;]<\/p>\n","protected":false},"author":1,"featured_media":0,"parent":0,"menu_order":0,"comment_status":"closed","ping_status":"closed","template":"","meta":{"_acf_changed":false,"_breakdance_hide_in_design_set":false,"_breakdance_tags":"","footnotes":""},"class_list":["post-2313","page","type-page","status-publish","hentry"],"acf":[],"_links":{"self":[{"href":"https:\/\/borasglobal.com\/tr\/wp-json\/wp\/v2\/pages\/2313","targetHints":{"allow":["GET"]}}],"collection":[{"href":"https:\/\/borasglobal.com\/tr\/wp-json\/wp\/v2\/pages"}],"about":[{"href":"https:\/\/borasglobal.com\/tr\/wp-json\/wp\/v2\/types\/page"}],"author":[{"embeddable":true,"href":"https:\/\/borasglobal.com\/tr\/wp-json\/wp\/v2\/users\/1"}],"replies":[{"embeddable":true,"href":"https:\/\/borasglobal.com\/tr\/wp-json\/wp\/v2\/comments?post=2313"}],"version-history":[{"count":4,"href":"https:\/\/borasglobal.com\/tr\/wp-json\/wp\/v2\/pages\/2313\/revisions"}],"predecessor-version":[{"id":2471,"href":"https:\/\/borasglobal.com\/tr\/wp-json\/wp\/v2\/pages\/2313\/revisions\/2471"}],"wp:attachment":[{"href":"https:\/\/borasglobal.com\/tr\/wp-json\/wp\/v2\/media?parent=2313"}],"curies":[{"name":"wp","href":"https:\/\/api.w.org\/{rel}","templated":true}]}}