{"id":2314,"date":"2025-09-25T12:09:16","date_gmt":"2025-09-25T09:09:16","guid":{"rendered":"https:\/\/borasglobal.com\/trading\/"},"modified":"2025-10-20T17:33:33","modified_gmt":"2025-10-20T14:33:33","slug":"ticaret-liman","status":"publish","type":"page","link":"https:\/\/borasglobal.com\/tr\/ticaret-liman\/","title":{"rendered":"Ticaret &amp; Liman"},"content":{"rendered":"<section class=\"bde-section-2314-100 bde-section\">\n  \n  \n\t\n\n\n\n<div class=\"section-container\"><div class=\"bde-div-2314-101 bde-div\">\n  \n  \n\t\n\n\n\n<h1 class=\"bde-heading-2314-102 bde-heading\">\nTicaret & Liman\n<\/h1><div class=\"bde-text-2314-103 bde-text\">\nTicaret, k\u00fcresel ekonominin bel kemi\u011fi olup \u00fcreticileri, t\u00fcketicileri ve pazarlar\u0131 s\u0131n\u0131rlar\u0131n \u00f6tesinde bulu\u015fturur. Ancak de\u011fi\u015fken d\u00fczenlemeler, dijital d\u00f6n\u00fc\u015f\u00fcm ve jeopolitik belirsizliklerin h\u00e2kim oldu\u011fu bir d\u00fcnyada ba\u015far\u0131l\u0131 olmak; \u00e7eviklik, bilgi ve stratejik vizyon gerektirir.\n<\/div>\n<\/div><img decoding=\"async\" class=\"bde-image2-2314-104 bde-image2\" src=\"https:\/\/borasglobal.com\/wp-content\/uploads\/2025\/09\/Aerial-view-oil-ship-tanker-at-terminal-sea-port-Large-crud.jpg\" loading=\"lazy\" srcset=\"https:\/\/borasglobal.com\/wp-content\/uploads\/2025\/09\/Aerial-view-oil-ship-tanker-at-terminal-sea-port-Large-crud.jpg 2300w, https:\/\/borasglobal.com\/wp-content\/uploads\/2025\/09\/Aerial-view-oil-ship-tanker-at-terminal-sea-port-Large-crud-800x449.jpg 800w, https:\/\/borasglobal.com\/wp-content\/uploads\/2025\/09\/Aerial-view-oil-ship-tanker-at-terminal-sea-port-Large-crud-1200x674.jpg 1200w, https:\/\/borasglobal.com\/wp-content\/uploads\/2025\/09\/Aerial-view-oil-ship-tanker-at-terminal-sea-port-Large-crud-768x431.jpg 768w, https:\/\/borasglobal.com\/wp-content\/uploads\/2025\/09\/Aerial-view-oil-ship-tanker-at-terminal-sea-port-Large-crud-1536x863.jpg 1536w, https:\/\/borasglobal.com\/wp-content\/uploads\/2025\/09\/Aerial-view-oil-ship-tanker-at-terminal-sea-port-Large-crud-2048x1150.jpg 2048w\" sizes=\"(max-width: 2300px) 100vw, 2300px\" alt=\"\"><div class=\"bde-text-2314-105 bde-text\">\nEnerji emtialar\u0131ndan sanayi \u00fcr\u00fcnlerine kadar ticaret, k\u00fcresel ekonominin b\u00fcy\u00fcmesini ve kaynaklar\u0131n da\u011f\u0131l\u0131m\u0131n\u0131 \u015fekillendiriyor. Ancak piyasa ko\u015fullar\u0131 giderek daha dalgal\u0131, d\u00fczenlemeler karma\u015f\u0131k ve dijitalle\u015fme h\u0131zla i\u015f yap\u0131\u015f bi\u00e7imlerini d\u00f6n\u00fc\u015ft\u00fcr\u00fcyor.<br><br>Boras Global, ticaret firmalar\u0131na bu yeni d\u00fczende rehberlik ediyor. \u00d6zel stratejiler, g\u00fc\u00e7l\u00fc risk y\u00f6netimi modelleri ve dijital \u00e7\u00f6z\u00fcmlerle performans\u0131 art\u0131r\u0131yoruz. \u0130ster mevcut ticaret masan\u0131z\u0131 optimize edin, ister yeni pazarlara a\u00e7\u0131l\u0131n; size g\u00fcvenle ilerlemeniz i\u00e7in yol g\u00f6steriyoruz.\n<\/div><\/div>\n<\/section><section class=\"bde-section-2314-106 bde-section\">\n  \n  \n\t\n\n\n\n<div class=\"section-container\"><div class=\"bde-div-2314-107 bde-div\">\n  \n  \n\t\n\n\n\n<h2 class=\"bde-heading-2314-108 bde-heading\">\nTicaret Sekt\u00f6r\u00fcndeki Zorluklar\n<\/h2><div class=\"bde-text-2314-109 bde-text\">\nTicaret \u015firketleri; h\u0131zla de\u011fi\u015fen piyasa ko\u015fullar\u0131 ve reg\u00fclasyonlar kar\u015f\u0131s\u0131nda ciddi bir uyum bask\u0131s\u0131 ya\u015f\u0131yor.<br><br>Boras Global, m\u00fc\u015fterilerine bu zorluklar\u0131 a\u015fmalar\u0131 i\u00e7in stratejik destek sunuyor:\n<\/div>\n<\/div><div class=\"bde-grid-2314-110 bde-grid\">\n  \n  \n\t\n\n\n\n<div class=\"bde-div-2314-111 bde-div\">\n  \n  \n\t\n\n\n\n<div class=\"bde-rich-text-2314-112 bde-rich-text breakdance-rich-text-styles\">\n<p data-start=\"580\" data-end=\"740\"><strong data-start=\"580\" data-end=\"623\">Piyasa Dalgalanmalar\u0131 &amp; Risk Y\u00f6netimi:<\/strong> Marjlar\u0131 g\u00fcvence alt\u0131na almak ve esneklik sa\u011flamak i\u00e7in \u00f6zel risk modelleri ve koruma stratejileri geli\u015ftiriyoruz.<\/p><p data-start=\"743\" data-end=\"887\"><strong data-start=\"743\" data-end=\"767\">Reg\u00fclasyonlara Uyum:<\/strong> K\u00fcresel ticaret kurallar\u0131, yapt\u0131r\u0131mlar ve raporlama y\u00fck\u00fcml\u00fcl\u00fcklerinde kurumlara hassas ve g\u00fcvenilir destek sunuyoruz.<\/p><p data-start=\"890\" data-end=\"1029\"><strong data-start=\"890\" data-end=\"910\">Dijital D\u00f6n\u00fc\u015f\u00fcm:<\/strong> Ticaret platformlar\u0131, veri analizi ve otomasyon sistemleriyle verimlili\u011fi y\u00fckseltiyor, s\u00fcre\u00e7leri \u015feffafla\u015ft\u0131r\u0131yoruz.<\/p>\n<\/div>\n<\/div><div class=\"bde-div-2314-113 bde-div\">\n  \n  \n\t\n\n\n\n<div class=\"bde-rich-text-2314-114 bde-rich-text breakdance-rich-text-styles\">\n<p data-start=\"548\" data-end=\"690\"><strong data-start=\"548\" data-end=\"585\">S\u00f6zle\u015fme &amp; Kar\u015f\u0131 Taraf Y\u00f6netimi: <\/strong>S\u00f6zle\u015fme yap\u0131lar\u0131n\u0131z\u0131 g\u00fc\u00e7lendiriyor, risk analizleriyle kar\u015f\u0131 taraf g\u00fcvenilirli\u011fini de\u011ferlendiriyoruz.<\/p><p data-start=\"693\" data-end=\"822\"><strong data-start=\"693\" data-end=\"721\">Operasyonel M\u00fckemmellik:<\/strong> Lojistikten dok\u00fcmantasyona kadar s\u00fcre\u00e7leri optimize ederek daha h\u0131zl\u0131 ve etkin ticaret sa\u011fl\u0131yoruz.<\/p><p data-start=\"825\" data-end=\"948\"><strong data-start=\"825\" data-end=\"849\">Stratejik Geni\u015fleme: <\/strong>Yeni pazar, \u00fcr\u00fcn ve co\u011frafyalarda \u00f6l\u00e7eklenebilir b\u00fcy\u00fcme i\u00e7in do\u011fru giri\u015f stratejileri sunuyoruz.<\/p>\n<\/div>\n<\/div>\n<\/div><\/div>\n<\/section><section class=\"bde-section-2314-115 bde-section\">\n  \n  \n\t\n\n\n\n<div class=\"section-container\"><div class=\"bde-div-2314-116 bde-div\">\n  \n  \n\t\n\n\n\n<h2 class=\"bde-heading-2314-117 bde-heading\">\nTicaret Uzmanl\u0131\u011f\u0131m\u0131z\n<\/h2><div class=\"bde-text-2314-118 bde-text\">\nEmtia ve end\u00fcstriyel ticaretteki g\u00fc\u00e7l\u00fc deneyimimiz sayesinde Boras Global, firmalar\u0131n ticarette g\u00fcvenle, \u00e7evik ve kontroll\u00fc hareket etmesini sa\u011flar. Uzmanl\u0131klar\u0131m\u0131z \u015funlar\u0131 kapsar:\n<\/div>\n<\/div><div class=\"bde-frequently-asked-questions-2314-119 bde-frequently-asked-questions\">\n      <div class=\"bde-faq__item\">\n      <h3 class=\"bde-faq__title-tag\">\n       <button id=\"bde-faq-119-button-1\" aria-expanded=\"false\" aria-controls=\"bde-faq-119-1\" class=\"bde-faq__question js-faq-item\">\n          <span class=\"bde-faq__title\">Ticaret Masalar\u0131n\u0131n Optimize Edilmesi<\/span>\n                           <div aria-hidden=\"true\" class=\"bde-faq__icon bde-faq__icon--inactive\">\n                                <svg xmlns=\"http:\/\/www.w3.org\/2000\/svg\" viewBox=\"0 0 448 512\"><!--! Font Awesome Free 6.5.1 by @fontawesome - https:\/\/fontawesome.com License - https:\/\/fontawesome.com\/license\/free (Icons: CC BY 4.0, Fonts: SIL OFL 1.1, Code: MIT License) Copyright 2023 Fonticons, Inc. --><path d=\"M256 80c0-17.7-14.3-32-32-32s-32 14.3-32 32V224H48c-17.7 0-32 14.3-32 32s14.3 32 32 32H192V432c0 17.7 14.3 32 32 32s32-14.3 32-32V288H400c17.7 0 32-14.3 32-32s-14.3-32-32-32H256V80z\"\/><\/svg>\n                            <\/div>\n         \t  <div aria-hidden=\"true\" class=\"bde-faq__icon bde-faq__icon--active\">\n                                <svg xmlns=\"http:\/\/www.w3.org\/2000\/svg\" viewBox=\"0 0 448 512\"><!--! Font Awesome Free 6.5.1 by @fontawesome - https:\/\/fontawesome.com License - https:\/\/fontawesome.com\/license\/free (Icons: CC BY 4.0, Fonts: SIL OFL 1.1, Code: MIT License) Copyright 2023 Fonticons, Inc. --><path d=\"M432 256c0 17.7-14.3 32-32 32L48 288c-17.7 0-32-14.3-32-32s14.3-32 32-32l352 0c17.7 0 32 14.3 32 32z\"\/><\/svg>\n                            <\/div>\n                  <\/button>\n      <\/h3>\n      <div role=\"region\" aria-labelledby=\"bde-faq-119-button-1\" id=\"bde-faq-119-1\" class=\"bde-faq__answer\">\n        <div class=\"bde-faq__answer-content\">\n            <div class=\"breakdance-rich-text-styles\"><ul data-start=\"428\" data-end=\"604\"><li data-start=\"428\" data-end=\"493\"><p data-start=\"430\" data-end=\"493\">Fiziksel ve finansal ticaret masalar\u0131n\u0131n yap\u0131land\u0131r\u0131lmas\u0131<\/p><\/li><li data-start=\"494\" data-end=\"545\"><p data-start=\"496\" data-end=\"545\">\u0130\u015flem ak\u0131\u015f\u0131 analizi ve performans \u00f6l\u00e7\u00fcmleme<\/p><\/li><li data-start=\"546\" data-end=\"604\"><p data-start=\"548\" data-end=\"604\">Masa seviyesinde risk y\u00f6netimi ve uyum \u00e7er\u00e7eveleri<\/p><\/li><\/ul><\/div>\n\n                    <\/div>\n      <\/div>\n    <\/div>\n      <div class=\"bde-faq__item\">\n      <h3 class=\"bde-faq__title-tag\">\n       <button id=\"bde-faq-119-button-2\" aria-expanded=\"false\" aria-controls=\"bde-faq-119-2\" class=\"bde-faq__question js-faq-item\">\n          <span class=\"bde-faq__title\">Risk & Korunma Stratejisi<\/span>\n                           <div aria-hidden=\"true\" class=\"bde-faq__icon bde-faq__icon--inactive\">\n                                <svg xmlns=\"http:\/\/www.w3.org\/2000\/svg\" viewBox=\"0 0 448 512\"><!--! Font Awesome Free 6.5.1 by @fontawesome - https:\/\/fontawesome.com License - https:\/\/fontawesome.com\/license\/free (Icons: CC BY 4.0, Fonts: SIL OFL 1.1, Code: MIT License) Copyright 2023 Fonticons, Inc. --><path d=\"M256 80c0-17.7-14.3-32-32-32s-32 14.3-32 32V224H48c-17.7 0-32 14.3-32 32s14.3 32 32 32H192V432c0 17.7 14.3 32 32 32s32-14.3 32-32V288H400c17.7 0 32-14.3 32-32s-14.3-32-32-32H256V80z\"\/><\/svg>\n                            <\/div>\n         \t  <div aria-hidden=\"true\" class=\"bde-faq__icon bde-faq__icon--active\">\n                                <svg xmlns=\"http:\/\/www.w3.org\/2000\/svg\" viewBox=\"0 0 448 512\"><!--! Font Awesome Free 6.5.1 by @fontawesome - https:\/\/fontawesome.com License - https:\/\/fontawesome.com\/license\/free (Icons: CC BY 4.0, Fonts: SIL OFL 1.1, Code: MIT License) Copyright 2023 Fonticons, Inc. --><path d=\"M432 256c0 17.7-14.3 32-32 32L48 288c-17.7 0-32-14.3-32-32s14.3-32 32-32l352 0c17.7 0 32 14.3 32 32z\"\/><\/svg>\n                            <\/div>\n                  <\/button>\n      <\/h3>\n      <div role=\"region\" aria-labelledby=\"bde-faq-119-button-2\" id=\"bde-faq-119-2\" class=\"bde-faq__answer\">\n        <div class=\"bde-faq__answer-content\">\n            <div class=\"breakdance-rich-text-styles\"><ul><li data-start=\"285\" data-end=\"363\"><p data-start=\"287\" data-end=\"363\">Fiyat risklerinin modellenmesi ve t\u00fcrev ara\u00e7larla korunma stratejileri<\/p><\/li><li data-start=\"364\" data-end=\"436\"><p data-start=\"366\" data-end=\"436\">Senaryo bazl\u0131 planlama ve stres testleriyle dayan\u0131kl\u0131l\u0131k analizi<\/p><\/li><li data-start=\"437\" data-end=\"509\"><p data-start=\"439\" data-end=\"509\">Portf\u00f6y \u00e7e\u015fitlendirme ve risk maruziyetini kontrol alt\u0131nda tutma<\/p><\/li><\/ul><\/div>\n\n                    <\/div>\n      <\/div>\n    <\/div>\n      <div class=\"bde-faq__item\">\n      <h3 class=\"bde-faq__title-tag\">\n       <button id=\"bde-faq-119-button-3\" aria-expanded=\"false\" aria-controls=\"bde-faq-119-3\" class=\"bde-faq__question js-faq-item\">\n          <span class=\"bde-faq__title\">Dijital Ticaret \u00c7\u00f6z\u00fcmleri<\/span>\n                           <div aria-hidden=\"true\" class=\"bde-faq__icon bde-faq__icon--inactive\">\n                                <svg xmlns=\"http:\/\/www.w3.org\/2000\/svg\" viewBox=\"0 0 448 512\"><!--! Font Awesome Free 6.5.1 by @fontawesome - https:\/\/fontawesome.com License - https:\/\/fontawesome.com\/license\/free (Icons: CC BY 4.0, Fonts: SIL OFL 1.1, Code: MIT License) Copyright 2023 Fonticons, Inc. --><path d=\"M256 80c0-17.7-14.3-32-32-32s-32 14.3-32 32V224H48c-17.7 0-32 14.3-32 32s14.3 32 32 32H192V432c0 17.7 14.3 32 32 32s32-14.3 32-32V288H400c17.7 0 32-14.3 32-32s-14.3-32-32-32H256V80z\"\/><\/svg>\n                            <\/div>\n         \t  <div aria-hidden=\"true\" class=\"bde-faq__icon bde-faq__icon--active\">\n                                <svg xmlns=\"http:\/\/www.w3.org\/2000\/svg\" viewBox=\"0 0 448 512\"><!--! Font Awesome Free 6.5.1 by @fontawesome - https:\/\/fontawesome.com License - https:\/\/fontawesome.com\/license\/free (Icons: CC BY 4.0, Fonts: SIL OFL 1.1, Code: MIT License) Copyright 2023 Fonticons, Inc. --><path d=\"M432 256c0 17.7-14.3 32-32 32L48 288c-17.7 0-32-14.3-32-32s14.3-32 32-32l352 0c17.7 0 32 14.3 32 32z\"\/><\/svg>\n                            <\/div>\n                  <\/button>\n      <\/h3>\n      <div role=\"region\" aria-labelledby=\"bde-faq-119-button-3\" id=\"bde-faq-119-3\" class=\"bde-faq__answer\">\n        <div class=\"bde-faq__answer-content\">\n            <div class=\"breakdance-rich-text-styles\"><ul><li data-start=\"287\" data-end=\"343\"><p data-start=\"289\" data-end=\"343\">Do\u011fru platformlar\u0131n se\u00e7imi ve hayata ge\u00e7irilmesi<\/p><\/li><li data-start=\"344\" data-end=\"396\"><p data-start=\"346\" data-end=\"396\">Veri entegrasyonu ve anl\u0131k analitik \u00e7\u00f6z\u00fcmler<\/p><\/li><li data-start=\"397\" data-end=\"454\"><p data-start=\"399\" data-end=\"454\">\u0130\u015flem y\u00fcr\u00fctme ve raporlama s\u00fcre\u00e7lerinde otomasyon<\/p><\/li><\/ul><\/div>\n\n                    <\/div>\n      <\/div>\n    <\/div>\n      <div class=\"bde-faq__item\">\n      <h3 class=\"bde-faq__title-tag\">\n       <button id=\"bde-faq-119-button-4\" aria-expanded=\"false\" aria-controls=\"bde-faq-119-4\" class=\"bde-faq__question js-faq-item\">\n          <span class=\"bde-faq__title\">S\u00f6zle\u015fmeler & Reg\u00fclasyon Uyumu<\/span>\n                           <div aria-hidden=\"true\" class=\"bde-faq__icon bde-faq__icon--inactive\">\n                                <svg xmlns=\"http:\/\/www.w3.org\/2000\/svg\" viewBox=\"0 0 448 512\"><!--! Font Awesome Free 6.5.1 by @fontawesome - https:\/\/fontawesome.com License - https:\/\/fontawesome.com\/license\/free (Icons: CC BY 4.0, Fonts: SIL OFL 1.1, Code: MIT License) Copyright 2023 Fonticons, Inc. --><path d=\"M256 80c0-17.7-14.3-32-32-32s-32 14.3-32 32V224H48c-17.7 0-32 14.3-32 32s14.3 32 32 32H192V432c0 17.7 14.3 32 32 32s32-14.3 32-32V288H400c17.7 0 32-14.3 32-32s-14.3-32-32-32H256V80z\"\/><\/svg>\n                            <\/div>\n         \t  <div aria-hidden=\"true\" class=\"bde-faq__icon bde-faq__icon--active\">\n                                <svg xmlns=\"http:\/\/www.w3.org\/2000\/svg\" viewBox=\"0 0 448 512\"><!--! Font Awesome Free 6.5.1 by @fontawesome - https:\/\/fontawesome.com License - https:\/\/fontawesome.com\/license\/free (Icons: CC BY 4.0, Fonts: SIL OFL 1.1, Code: MIT License) Copyright 2023 Fonticons, Inc. --><path d=\"M432 256c0 17.7-14.3 32-32 32L48 288c-17.7 0-32-14.3-32-32s14.3-32 32-32l352 0c17.7 0 32 14.3 32 32z\"\/><\/svg>\n                            <\/div>\n                  <\/button>\n      <\/h3>\n      <div role=\"region\" aria-labelledby=\"bde-faq-119-button-4\" id=\"bde-faq-119-4\" class=\"bde-faq__answer\">\n        <div class=\"bde-faq__answer-content\">\n            <div class=\"breakdance-rich-text-styles\"><ul><li data-start=\"280\" data-end=\"352\"><p data-start=\"282\" data-end=\"352\">S\u00f6zle\u015fmelerin yap\u0131land\u0131r\u0131lmas\u0131 ve m\u00fczakere s\u00fcre\u00e7lerinin y\u00f6netimi<\/p><\/li><li data-start=\"353\" data-end=\"409\"><p data-start=\"355\" data-end=\"409\">Mevzuatlara uyum sa\u011flama ve denetimlere haz\u0131rl\u0131k<\/p><\/li><li data-start=\"410\" data-end=\"477\"><p data-start=\"412\" data-end=\"477\">Kar\u015f\u0131 taraf analizi ve gerekli dok\u00fcmantasyonun haz\u0131rlanmas\u0131<\/p><\/li><\/ul><\/div>\n\n                    <\/div>\n      <\/div>\n    <\/div>\n  \n<\/div><\/div>\n<\/section><section class=\"bde-section-2314-133 bde-section\">\n  \n  \n\t\n\n\n\n<div class=\"section-container\"><div class=\"bde-div-2314-134 bde-div\">\n  \n  \n\t\n\n\n\n<h2 class=\"bde-heading-2314-135 bde-heading\">\nG\u00fcncel \u0130\u00e7g\u00f6r\u00fcler & Raporlar\n<\/h2><div class=\"bde-text-2314-136 bde-text\">\nEn son piyasa trendleri, enerji raporlar\u0131 ve sekt\u00f6r analizleriyle her zaman bir ad\u0131m \u00f6nde olun.\n<\/div>\n<\/div><div class=\"bde-div-2314-137 bde-div\">\n  \n  \n\t\n\n\n\n<div class=\"bde-post-loop-2314-138 bde-post-loop phox-facets-target phox-facets-target-default\"><div class=\"bde-loop bde-loop-grid ee-posts ee-posts-grid\">    <article class=\"bde-loop-item ee-post\">\n        <a class=\"bde-container-link-2408-100-2391-2408-1 bde-container-link bde-container-link-2408-100 breakdance-link\" href=\"https:\/\/borasglobal.com\/tr\/guneydogu-asyanin-enerji-gelecegi-artan-talep-yeni-firsatlar\/\" target=\"_self\" data-type=\"url\">\n  \n  \n\t\n\n\n\n<style>.breakdance .bde-div-2408-103-2391-2408-1{background-color:#E3F3FF;background-image:url(https:\/\/borasglobal.com\/wp-content\/uploads\/2025\/08\/Solar-panel-on-blue-sky-background2.jpg);background-size:cover;background-position:center center}<\/style><div class=\"bde-div-2408-103-2391-2408-1 bde-div bde-div-2408-103\">\n  \n  \n\t\n\n\n\n<div class=\"bde-div-2408-107-2391-2408-1 bde-div bde-div-2408-107\">\n              \n  \n  \n\t\n\n\n\n<div class=\"bde-div-2408-104-2391-2408-1 bde-div bde-div-2408-104\">\n  \n  \n\t\n\n\n\n<h3 class=\"bde-heading-2408-102-2391-2408-1 bde-heading bde-heading-2408-102\">\nG\u00fcneydo\u011fu Asya\u2019n\u0131n Enerji Gelece\u011fi: Artan Talep, Yeni F\u0131rsatlar\n<\/h3>\n<\/div><div class=\"bde-div-2408-105-2391-2408-1 bde-div bde-div-2408-105\">\n  \n  \n\t\n\n\n\n<div class=\"bde-button-2408-106-2391-2408-1 bde-button bde-button-2408-106\">\n    \n                        \n                        \n    \n    \n    \n    \n            \n                    \n            \n            \n\n    \n    \n    \n    \n    \n    <a class=\"breakdance-link button-atom button-atom--custom bde-button__button\" href=\"https:\/\/borasglobal.com\/tr\/guneydogu-asyanin-enerji-gelecegi-artan-talep-yeni-firsatlar\/\" target=\"_self\" data-type=\"url\"  >\n\n    \n        <span class=\"button-atom__text\">Ayr\u0131nt\u0131lar\u0131 \u0130ncele<\/span>\n\n                            \n        \n                <\/a>\n\n    \n\n\n<\/div>\n<\/div>\n<\/div>\n<\/div>\n\n<\/a>    <\/article>\n    <article class=\"bde-loop-item ee-post\">\n        <a class=\"bde-container-link-2408-100-2477-2408-1 bde-container-link bde-container-link-2408-100 breakdance-link\" href=\"https:\/\/borasglobal.com\/tr\/gunes-ve-depolama-deneme-projelerinden-yarinin-enerji-altyapisina\/\" target=\"_self\" data-type=\"url\">\n  \n  \n\t\n\n\n\n<style>.breakdance .bde-div-2408-103-2477-2408-1{background-color:#E3F3FF;background-image:url(https:\/\/borasglobal.com\/wp-content\/uploads\/2025\/09\/Solar-Energy-Farm-in-Fields-3.jpg);background-size:cover;background-position:center center}<\/style><div class=\"bde-div-2408-103-2477-2408-1 bde-div bde-div-2408-103\">\n  \n  \n\t\n\n\n\n<div class=\"bde-div-2408-107-2477-2408-1 bde-div bde-div-2408-107\">\n              \n  \n  \n\t\n\n\n\n<div class=\"bde-div-2408-104-2477-2408-1 bde-div bde-div-2408-104\">\n  \n  \n\t\n\n\n\n<h3 class=\"bde-heading-2408-102-2477-2408-1 bde-heading bde-heading-2408-102\">\nG\u00fcne\u015f ve Depolama: Deneme Projelerinden Yar\u0131n\u0131n Enerji Altyap\u0131s\u0131na\n<\/h3>\n<\/div><div class=\"bde-div-2408-105-2477-2408-1 bde-div bde-div-2408-105\">\n  \n  \n\t\n\n\n\n<div class=\"bde-button-2408-106-2477-2408-1 bde-button bde-button-2408-106\">\n    \n                        \n                        \n    \n    \n    \n    \n            \n                    \n            \n            \n\n    \n    \n    \n    \n    \n    <a class=\"breakdance-link button-atom button-atom--custom bde-button__button\" href=\"https:\/\/borasglobal.com\/tr\/gunes-ve-depolama-deneme-projelerinden-yarinin-enerji-altyapisina\/\" target=\"_self\" data-type=\"url\"  >\n\n    \n        <span class=\"button-atom__text\">Ayr\u0131nt\u0131lar\u0131 \u0130ncele<\/span>\n\n                            \n        \n                <\/a>\n\n    \n\n\n<\/div>\n<\/div>\n<\/div>\n<\/div>\n\n<\/a>    <\/article>\n    <article class=\"bde-loop-item ee-post\">\n        <a class=\"bde-container-link-2408-100-2474-2408-1 bde-container-link bde-container-link-2408-100 breakdance-link\" href=\"https:\/\/borasglobal.com\/tr\/kuresel-yenilenebilir-enerji-zirvesi-2025-vizyondan-eyleme\/\" target=\"_self\" data-type=\"url\">\n  \n  \n\t\n\n\n\n<style>.breakdance .bde-div-2408-103-2474-2408-1{background-color:#E3F3FF;background-image:url(https:\/\/borasglobal.com\/wp-content\/uploads\/2025\/08\/Global-Renewables-Summit-2025-From-Vision-to-Action.jpg);background-size:cover;background-position:center center}<\/style><div class=\"bde-div-2408-103-2474-2408-1 bde-div bde-div-2408-103\">\n  \n  \n\t\n\n\n\n<div class=\"bde-div-2408-107-2474-2408-1 bde-div bde-div-2408-107\">\n              \n  \n  \n\t\n\n\n\n<div class=\"bde-div-2408-104-2474-2408-1 bde-div bde-div-2408-104\">\n  \n  \n\t\n\n\n\n<h3 class=\"bde-heading-2408-102-2474-2408-1 bde-heading bde-heading-2408-102\">\nK\u00fcresel Yenilenebilir Enerji Zirvesi 2025: Vizyon\u2019dan Eyleme\n<\/h3>\n<\/div><div class=\"bde-div-2408-105-2474-2408-1 bde-div bde-div-2408-105\">\n  \n  \n\t\n\n\n\n<div class=\"bde-button-2408-106-2474-2408-1 bde-button bde-button-2408-106\">\n    \n                        \n                        \n    \n    \n    \n    \n            \n                    \n            \n            \n\n    \n    \n    \n    \n    \n    <a class=\"breakdance-link button-atom button-atom--custom bde-button__button\" href=\"https:\/\/borasglobal.com\/tr\/kuresel-yenilenebilir-enerji-zirvesi-2025-vizyondan-eyleme\/\" target=\"_self\" data-type=\"url\"  >\n\n    \n        <span class=\"button-atom__text\">Ayr\u0131nt\u0131lar\u0131 \u0130ncele<\/span>\n\n                            \n        \n                <\/a>\n\n    \n\n\n<\/div>\n<\/div>\n<\/div>\n<\/div>\n\n<\/a>    <\/article>\n<\/div>\r\n<\/div>\n<\/div><\/div>\n<\/section><section class=\"bde-section-2314-139 bde-section\">\n  \n  \n\t\n\n\n\n<div class=\"section-container\"><div class=\"bde-div-2314-140 bde-div\">\n  \n  \n\t\n\n\n\n<div class=\"bde-div-2314-141 bde-div\">\n  \n  \n\t\n\n\n\n<div class=\"bde-text-2314-142 bde-text\">\n\u0130leti\u015fim\n<\/div><div class=\"bde-text-2314-147 bde-text\">\nKarma\u015f\u0131k K\u00fcresel D\u00fcnyada Ak\u0131ll\u0131 Ticaret Stratejileri\n<\/div>\n<\/div><div class=\"bde-div-2314-144 bde-div\">\n  \n  \n\t\n\n\n\n<div class=\"bde-button-2314-145 bde-button\">\n    \n                        \n                        \n    \n    \n    \n    \n            \n                    \n            \n            \n\n    \n    \n    \n    \n    \n    <a class=\"breakdance-link button-atom button-atom--custom bde-button__button\" href=\"mailto:info@borasglobal.com\" target=\"_self\" data-type=\"url\"  >\n\n    \n        <span class=\"button-atom__text\">Toplant\u0131 Planlay\u0131n<\/span>\n\n                            \n        \n                <\/a>\n\n    \n\n\n<\/div><div class=\"bde-button-2314-146 bde-button\">\n    \n                        \n                        \n    \n    \n    \n    \n            \n                    \n            \n            \n\n    \n    \n    \n    \n    \n    <a class=\"breakdance-link button-atom button-atom--custom bde-button__button\" href=\"\/tr\/iletisim\" target=\"_self\" data-type=\"url\"  >\n\n    \n        <span class=\"button-atom__text\">Teklif \u0130steyin<\/span>\n\n                            \n        \n                <\/a>\n\n    \n\n\n<\/div>\n<\/div>\n<\/div><\/div>\n<\/section>","protected":false},"excerpt":{"rendered":"<p>Ticaret &#038; Liman Ticaret, k\u00fcresel ekonominin bel kemi\u011fi olup \u00fcreticileri, t\u00fcketicileri ve pazarlar\u0131 s\u0131n\u0131rlar\u0131n \u00f6tesinde bulu\u015fturur. Ancak de\u011fi\u015fken d\u00fczenlemeler, dijital d\u00f6n\u00fc\u015f\u00fcm ve jeopolitik belirsizliklerin h\u00e2kim oldu\u011fu bir d\u00fcnyada ba\u015far\u0131l\u0131 olmak; \u00e7eviklik, bilgi ve stratejik vizyon gerektirir. Enerji emtialar\u0131ndan sanayi \u00fcr\u00fcnlerine kadar ticaret, k\u00fcresel ekonominin b\u00fcy\u00fcmesini ve kaynaklar\u0131n da\u011f\u0131l\u0131m\u0131n\u0131 \u015fekillendiriyor. Ancak piyasa ko\u015fullar\u0131 giderek daha dalgal\u0131, [&hellip;]<\/p>\n","protected":false},"author":1,"featured_media":0,"parent":0,"menu_order":0,"comment_status":"closed","ping_status":"closed","template":"","meta":{"_acf_changed":false,"_breakdance_hide_in_design_set":false,"_breakdance_tags":"","footnotes":""},"class_list":["post-2314","page","type-page","status-publish","hentry"],"acf":[],"_links":{"self":[{"href":"https:\/\/borasglobal.com\/tr\/wp-json\/wp\/v2\/pages\/2314","targetHints":{"allow":["GET"]}}],"collection":[{"href":"https:\/\/borasglobal.com\/tr\/wp-json\/wp\/v2\/pages"}],"about":[{"href":"https:\/\/borasglobal.com\/tr\/wp-json\/wp\/v2\/types\/page"}],"author":[{"embeddable":true,"href":"https:\/\/borasglobal.com\/tr\/wp-json\/wp\/v2\/users\/1"}],"replies":[{"embeddable":true,"href":"https:\/\/borasglobal.com\/tr\/wp-json\/wp\/v2\/comments?post=2314"}],"version-history":[{"count":9,"href":"https:\/\/borasglobal.com\/tr\/wp-json\/wp\/v2\/pages\/2314\/revisions"}],"predecessor-version":[{"id":2839,"href":"https:\/\/borasglobal.com\/tr\/wp-json\/wp\/v2\/pages\/2314\/revisions\/2839"}],"wp:attachment":[{"href":"https:\/\/borasglobal.com\/tr\/wp-json\/wp\/v2\/media?parent=2314"}],"curies":[{"name":"wp","href":"https:\/\/api.w.org\/{rel}","templated":true}]}}